{"id":565,"date":"2014-05-13T11:07:22","date_gmt":"2014-05-13T11:07:22","guid":{"rendered":"http:\/\/estudios.zeus.umh.es\/?page_id=565"},"modified":"2023-10-25T14:12:13","modified_gmt":"2023-10-25T12:12:13","slug":"tasas","status":"publish","type":"page","link":"https:\/\/estudios.umh.es\/ca\/expedicion-titulos\/expedicion-titulos-oficiales\/tasas\/","title":{"rendered":"<span lang=\"es\">(Espa\u00f1ol) TASAS DE EXPEDICI\u00d3N DE T\u00cdTULOS OFICIALES<\/span>"},"content":{"rendered":"<p>\u00a0<\/p>\n<table border=\"1\" cellspacing=\"0\" cellpadding=\"0\">\n<tbody>\n<tr>\n<td colspan=\"2\" valign=\"top\" width=\"720\">\n<p align=\"center\"><b>IMPORTE DE LOS T\u00cdTULOS OFICIALES CORRESPONDIENTE AL CURSO 2013\/2014<\/b><\/p>\n<\/td>\n<\/tr>\n<tr>\n<td valign=\"top\" width=\"588\">DOCTOR<\/td>\n<td valign=\"top\" width=\"133\">\n<p align=\"right\">225,50\u20ac<\/p>\n<\/td>\n<\/tr>\n<tr>\n<td valign=\"top\" width=\"588\">M\u00c1STER<\/td>\n<td valign=\"top\" width=\"133\">\n<p align=\"right\">212,07\u20ac<\/p>\n<\/td>\n<\/tr>\n<tr>\n<td valign=\"top\" width=\"588\">GRADO<\/td>\n<td valign=\"top\" width=\"133\">\n<p align=\"right\">186,24\u20ac<\/p>\n<\/td>\n<\/tr>\n<tr>\n<td valign=\"top\" width=\"588\">LICENCIADO O INGENIERO<\/td>\n<td valign=\"top\" width=\"133\">\n<p align=\"right\">186,24\u20ac<\/p>\n<\/td>\n<\/tr>\n<tr>\n<td valign=\"top\" width=\"588\">DIPLOMADO O INGENIERO T\u00c9CNICO<\/td>\n<td valign=\"top\" width=\"133\">\n<p align=\"right\">108,86\u20ac<\/p>\n<\/td>\n<\/tr>\n<tr>\n<td valign=\"top\" width=\"588\">SUPLEMENTO EUROPEO AL T\u00cdTULO (no disponible para t\u00edtulos de doctor, m\u00e1ster y grado).<\/td>\n<td valign=\"top\" width=\"133\">\n<p align=\"right\">\u00a0 35,14\u20ac<\/p>\n<\/td>\n<\/tr>\n<\/tbody>\n<\/table>\n<p><em><strong>Nota Importante:<\/strong><\/em><\/p>\n<p>El recibo\u00a0necesario para solicitar la expedici\u00f3n de un t\u00edtulo de la Universidad Miguel Hern\u00e1ndez de Elche, ser\u00e1 emitido por el Servicio de Gesti\u00f3n de Estudios (si se trata de t\u00edtulo de doctor) y en los Centros de Gesti\u00f3n de Campus (para el resto de t\u00edtulos). \u00danicamente se podr\u00e1 obtener v\u00eda web para el caso de los estudios realizados en los Centros Adscritos.<\/p>\n<p>Est\u00e1n exentos del pago de la tasa por expedici\u00f3n e impresi\u00f3n de los t\u00edtulos o diplomas quienes se encuentren en alguna de las situaciones siguientes:<\/p>\n<p>a) Haber obtenido premio extraordinario.<\/p>\n<p>b) Ser beneficiarios de familia numerosa de categor\u00eda especial. (Los miembros de Familia Numerosa de categor\u00eda general tendr\u00e1n una bonificaci\u00f3n del 50% del precio).<\/p>\n<p>c) Discapacitados con un grado de minusval\u00eda igual superior al 33% y los equiparados (los pensionistas de la Seguridad Social que tengan reconocida una pensi\u00f3n de incapacidad permanente en el grado de total, absoluta o gran invalidez, y los pensionistas de clases pasivas que tengan reconocida una pensi\u00f3n de jubilaci\u00f3n o de retiro por incapacidad permanente para el servicio o inutilidad).<\/p>\n<p>d) V\u00edctimas de bandas armadas y elementos terroristas, as\u00ed como sus c\u00f3nyuges no separados legalmente e hijos, siempre que el nexo causal entre las actividades delictivas y el resultado lesivo hubiera sido determinado en expediente administrativo instruido al efecto por el procedimiento establecido en el Real Decreto 673\/1992, de 19 de junio, o por resoluci\u00f3n judicial firme.<\/p>","protected":false},"excerpt":{"rendered":"<p>\u00a0<\/p>\n<p>IMPORTE DE LOS T\u00cdTULOS OFICIALES CORRESPONDIENTE AL CURSO 2013\/2014<\/p>\n<p>DOCTOR<\/p>\n<p>225,50\u20ac<\/p>\n<p>M\u00c1STER<\/p>\n<p>212,07\u20ac<\/p>\n<p>GRADO<\/p>\n<p>186,24\u20ac<\/p>\n<p>LICENCIADO O INGENIERO<\/p>\n<p>186,24\u20ac<\/p>\n<p>DIPLOMADO O INGENIERO T\u00c9CNICO<\/p>\n<p>108,86\u20ac<\/p>\n<p>SUPLEMENTO EUROPEO AL T\u00cdTULO (no disponible para t\u00edtulos de doctor, m\u00e1ster y grado).<\/p>\n<p>\u00a0 35,14\u20ac<\/p>\n<p>Nota Importante:<br \/>\nEl recibo\u00a0necesario para solicitar la expedici\u00f3n de un t\u00edtulo de la Universidad Miguel Hern\u00e1ndez de Elche, ser\u00e1 emitido por el Servicio de Gesti\u00f3n de Estudios (si se trata [&#8230;]<\/p>\n","protected":false},"author":13,"featured_media":0,"parent":473,"menu_order":50,"comment_status":"closed","ping_status":"open","template":"","meta":{"ngg_post_thumbnail":0,"_links_to":"","_links_to_target":""},"_links":{"self":[{"href":"https:\/\/estudios.umh.es\/ca\/wp-json\/wp\/v2\/pages\/565"}],"collection":[{"href":"https:\/\/estudios.umh.es\/ca\/wp-json\/wp\/v2\/pages"}],"about":[{"href":"https:\/\/estudios.umh.es\/ca\/wp-json\/wp\/v2\/types\/page"}],"author":[{"embeddable":true,"href":"https:\/\/estudios.umh.es\/ca\/wp-json\/wp\/v2\/users\/13"}],"replies":[{"embeddable":true,"href":"https:\/\/estudios.umh.es\/ca\/wp-json\/wp\/v2\/comments?post=565"}],"version-history":[{"count":0,"href":"https:\/\/estudios.umh.es\/ca\/wp-json\/wp\/v2\/pages\/565\/revisions"}],"up":[{"embeddable":true,"href":"https:\/\/estudios.umh.es\/ca\/wp-json\/wp\/v2\/pages\/473"}],"wp:attachment":[{"href":"https:\/\/estudios.umh.es\/ca\/wp-json\/wp\/v2\/media?parent=565"}],"curies":[{"name":"wp","href":"https:\/\/api.w.org\/{rel}","templated":true}]}}