{"id":574,"date":"2014-05-13T11:33:52","date_gmt":"2014-05-13T11:33:52","guid":{"rendered":"http:\/\/estudios.zeus.umh.es\/?page_id=574"},"modified":"2020-07-13T19:11:49","modified_gmt":"2020-07-13T17:11:49","slug":"cursos-de-adaptacion-a-titulos-de-grado-2","status":"publish","type":"page","link":"https:\/\/estudios.umh.es\/ca\/cursos-de-adaptacion-a-titulos-de-grado-2\/","title":{"rendered":"Cursos d&#8217;Adaptaci\u00f3"},"content":{"rendered":"<p><\/p>\n<p style=\"text-align: justify\">S&#8217;ent\u00e9n per reconeixement l&#8217;acceptaci\u00f3 per una universitat dels cr\u00e8dits que, havent sigut obtinguts en uns ensenyaments oficials, en la mateixa o una altra universitat, s\u00f3n computats en altres diferents a l&#8217;efecte de l&#8217;obtenci\u00f3 d&#8217;un t\u00edtol oficial. Aix\u00ed mateix, podran ser objecte de reconeixement els cr\u00e8dits cursats en altres ensenyaments superiors oficials o en ensenyaments universitaris conduents a l&#8217;obtenci\u00f3 d&#8217;altres t\u00edtols, als quals es refereix l&#8217;article 34.1 de la Llei Org\u00e0nica 6\/2001, de 21 de desembre, d&#8217;Universitats.<\/p>\n<p>L&#8217;experi\u00e8ncia laboral i professional acreditada podr\u00e0 ser tamb\u00e9 reconeguda en forma de cr\u00e8dits, els quals computaran a l&#8217;efecte de l&#8217;obtenci\u00f3 d&#8217;un t\u00edtol oficial; sempre que aquesta experi\u00e8ncia estiga relacionada amb les compet\u00e8ncies inherents a aquest t\u00edtol.<\/p>\n<p>En tot cas, no podran ser objecte de reconeixement els cr\u00e8dits corresponents als treballs de finalitzaci\u00f3 de Grau i M\u00e0ster.<\/p>\n<hr>\n<p>Procediment per a la sol\u00b7licitud de reconeixement de cr\u00e8dits en els Cursos d&#8217;Adaptaci\u00f3.<\/p>\n<p><span><strong>Termini:<\/strong> <span lang=\"ca\">La sol\u00b7licitud es realitzar\u00e0 a partir del dia seg\u00fcent al teu \u00faltim dia de matr\u00edcula fins el 23 de setembre de 2018.<\/span><\/span><\/p>\n<p><span><strong>On: <\/strong>Des del teu acc\u00e9s identificat telem\u00e0ticament. <\/span><\/p>\n<p><span><strong>Documentaci\u00f3:&nbsp;<\/strong>Per a consultar la documentaci\u00f3 que has de presentar entra en el seg\u00fcent <a href=\"https:\/\/estudios.umh.es\/reconocimiento-creditos\/grados\/\" target=\"_blank\" rel=\"noopener noreferrer\">enlla\u00e7<\/a>.<\/span><\/p>","protected":false},"excerpt":{"rendered":"<p>S&#8217;ent\u00e9n per reconeixement l&#8217;acceptaci\u00f3 per una universitat dels cr\u00e8dits que, havent sigut obtinguts en uns ensenyaments oficials, en la mateixa o una altra universitat, s\u00f3n computats en altres diferents a l&#8217;efecte de l&#8217;obtenci\u00f3 d&#8217;un t\u00edtol oficial. Aix\u00ed mateix, podran ser objecte de reconeixement els cr\u00e8dits cursats en altres ensenyaments superiors oficials o en ensenyaments universitaris [&#8230;]<\/p>\n","protected":false},"author":10,"featured_media":0,"parent":0,"menu_order":15,"comment_status":"closed","ping_status":"open","template":"","meta":{"ngg_post_thumbnail":0,"_links_to":"","_links_to_target":""},"_links":{"self":[{"href":"https:\/\/estudios.umh.es\/ca\/wp-json\/wp\/v2\/pages\/574"}],"collection":[{"href":"https:\/\/estudios.umh.es\/ca\/wp-json\/wp\/v2\/pages"}],"about":[{"href":"https:\/\/estudios.umh.es\/ca\/wp-json\/wp\/v2\/types\/page"}],"author":[{"embeddable":true,"href":"https:\/\/estudios.umh.es\/ca\/wp-json\/wp\/v2\/users\/10"}],"replies":[{"embeddable":true,"href":"https:\/\/estudios.umh.es\/ca\/wp-json\/wp\/v2\/comments?post=574"}],"version-history":[{"count":0,"href":"https:\/\/estudios.umh.es\/ca\/wp-json\/wp\/v2\/pages\/574\/revisions"}],"wp:attachment":[{"href":"https:\/\/estudios.umh.es\/ca\/wp-json\/wp\/v2\/media?parent=574"}],"curies":[{"name":"wp","href":"https:\/\/api.w.org\/{rel}","templated":true}]}}