{"id":5777,"date":"2018-03-22T11:21:44","date_gmt":"2018-03-22T10:21:44","guid":{"rendered":"http:\/\/estudios.umh.es\/?page_id=5777"},"modified":"2026-02-24T13:38:41","modified_gmt":"2026-02-24T12:38:41","slug":"admisioncontinuacionestudios","status":"publish","type":"page","link":"https:\/\/estudios.umh.es\/ca\/acceso\/grados\/admisioncontinuacionestudios\/","title":{"rendered":"ADMISSI\u00d3 AMB ESTUDIS PARCIALS ESPANYOLS O ESTRANGERS"},"content":{"rendered":"<p><\/p>\n<p style=\"text-align: left\">Consulta&nbsp; <a href=\"https:\/\/boumh.umh.es\/files\/2026\/01\/RR_00115_2026.pdf\" target=\"_blank\" rel=\"noopener noreferrer\">l&#8217;oferta de places del curs acad\u00e8mic 2026-27<img loading=\"lazy\" class=\"alignnone wp-image-31436 size-full\" src=\"https:\/\/estudios.umh.es\/files\/2021\/11\/abre-en-nueva-ventana.png\" alt=\"(abre en nueva ventana)\" width=\"15\" height=\"15\"><\/a><\/p>\n<h3 style=\"text-align: left\">Quin estudiantat pot sol\u00b7licitar l&#8217;admissi\u00f3 per continuaci\u00f3 d&#8217;estudis?<\/h3>\n<ul style=\"text-align: left\">\n<li style=\"text-align: justify\">Podr\u00e0 sol\u00b7licitar-la l&#8217;estudiantat que haja iniciat estudis universitaris oficials espanyols o estrangers i vulguen continuar els seus estudis en un grau de la UMH. Aquest procediment d&#8217;admissi\u00f3, segons estableix el Reial Decret 412\/2014, de 6 de juny, pel qual s&#8217;estableix la normativa b\u00e0sica dels procediments d&#8217;admissi\u00f3 als ensenyaments universitaris oficials de Grau, suposa un canvi d&#8217;universitat i\/o estudis universitaris oficials.<\/li>\n<li style=\"text-align: justify\">Tamb\u00e9 podr\u00e0 sol\u00b7licitar-la l&#8217;estudiantat amb estudis universitaris estrangers finalitzats que no hagen obtingut homologaci\u00f3 del t\u00edtol a Espanya.<\/li>\n<\/ul>\n<h3 style=\"text-align: left\">Quin \u00e9s el requisit m\u00ednim acad\u00e8mic per a l&#8217;admissi\u00f3?<\/h3>\n<ul style=\"text-align: left\">\n<li style=\"text-align: justify\">El requisit m\u00ednim \u00e9s que es reconeguen 30 cr\u00e8dits en el grau per al qual se sol\u00b7licita l&#8217;admissi\u00f3.<\/li>\n<\/ul>\n<h3 style=\"text-align: left\">Quan he de sol\u00b7licitar l&#8217;admissi\u00f3?<\/h3>\n<ul style=\"text-align: left\">\n<li style=\"text-align: justify\">Per\u00edode ordinari: Del 2 al 20 de mar\u00e7 de 2026.<\/li>\n<li style=\"text-align: justify\">Per\u00edode extraordinari: Del 7 al 18 de juliol de 2025. Pendent d&#8217;aprovaci\u00f3.<\/li>\n<\/ul>\n<p style=\"text-align: left\">El termini extraordinari estar\u00e0 disponible exclusivament per a aquells graus i cursos amb places vacants despr\u00e9s del termini ordinari de maig.<\/p>\n<h3 style=\"text-align: left\">Com he de sol\u00b7licitar l&#8217;admissi\u00f3?<\/h3>\n<ul style=\"text-align: left\">\n<li>La sol\u00b7licitud es realitza on-line a trav\u00e9s d&#8217;una <a href=\"https:\/\/universite.umh.es\/SGRA\/acceso\/NoUmh\/LoginNoUmh.aspx\" target=\"_blank\" rel=\"noopener\">aplicaci\u00f3<img loading=\"lazy\" class=\"alignnone wp-image-31436 size-full\" src=\"https:\/\/estudios.umh.es\/files\/2021\/11\/abre-en-nueva-ventana.png\" alt=\"(abre en nueva ventana)\" width=\"15\" height=\"15\"><\/a> mitjan\u00e7ant la qual sol\u00b7licitar\u00e0s els reconeixements de les assignatures del grau de la UMH amb les assignatures superades en l&#8217;estudi universitari d&#8217;origen i pujar\u00e0s en aquesta aplicaci\u00f3 la documentaci\u00f3 que s&#8217;ha d&#8217;aportar en format PDF (un fitxer per cada document).&nbsp;<\/li>\n<li>\u00danicament s&#8217;haur\u00e0 d&#8217;aportar la documentaci\u00f3 original per al seu acarament en el cas d&#8217;admissi\u00f3 i si se sol\u00b7licita la mateixa. L&#8217;estudiantat abans de finalitzar la sol\u00b7licitud signar\u00e0 en l&#8217;aplicaci\u00f3 la seg\u00fcent declaraci\u00f3 responsable:<\/li>\n<\/ul>\n<p style=\"text-align: left\">La persona que presenta aquesta sol\u00b7licitud d&#8217;admissi\u00f3 amb estudis universitaris parcials o totals declara sota la seua responsabilitat, conforme a l&#8217;Art. 69 de la Llei 39\/2015, d&#8217;1 d&#8217;octubre, del Procediment Administratiu Com\u00fa de les Administracions P\u00fabliques, els seg\u00fcents termes:<\/p>\n<ul>\n<li style=\"text-align: left\">Que compleix amb els requisits establits en la normativa vigent sobre admissi\u00f3 amb estudis universitaris parcials o totals a estudis de Grau.<\/li>\n<li style=\"text-align: left\">Que la documentaci\u00f3 adjunta a la sol\u00b7licitud \u00e9s vera\u00e7 i fidel reflex de l&#8217;original que es troba en el seu poder.<\/li>\n<li style=\"text-align: left\">Que la Universitat li podr\u00e0 requerir en qualsevol moment la presentaci\u00f3 de la documentaci\u00f3 original a l&#8217;efecte de la seua verificaci\u00f3.<\/li>\n<li style=\"text-align: left\">Que coneix que la falta de veracitat de la informaci\u00f3 o el falsejament de la documentaci\u00f3 presentada comportar\u00e0 la invalidesa de tots els actes administratius dictats a tenor d&#8217;aquesta informaci\u00f3 o documentaci\u00f3, sense perjudici de la responsabilitat que de tal circumst\u00e0ncia poguera derivar-se.<\/li>\n<\/ul>\n<p style=\"text-align: left\">Per a m\u00e9s informaci\u00f3 pots consultar el <a href=\"https:\/\/estudios.umh.es\/files\/2022\/04\/MANUAL-PARA-SOLICITAR-LA-ADMISION-CON-ESTUDIOS-PARCIALES-modificacion-web-I.pdf\" target=\"_blank\" rel=\"noopener noreferrer\">manual per a sol\u00b7licitar l&#8217;admisi\u00f3 amb estudis parcials.PDF.1.751kB<img loading=\"lazy\" class=\"alignnone wp-image-31436 \" src=\"https:\/\/estudios.umh.es\/files\/2021\/11\/abre-en-nueva-ventana.png\" alt=\"(abre en nueva ventana)\" width=\"15\" height=\"15\"><\/a><\/p>\n<h3 style=\"text-align: left\">Com has de procedir per a con\u00e9ixer les assignatures que et poden recon\u00e9ixer?<\/h3>\n<ul style=\"text-align: left\">\n<li style=\"text-align: justify\">Visita en la web de la UMH&nbsp; <a href=\"https:\/\/universite.umh.es\/SGRA\/catalogo\/consulta.aspx\" target=\"_blank\" rel=\"noopener\">l&#8217;hist\u00f2ric dels reconeixements<img loading=\"lazy\" class=\"alignnone wp-image-31436 size-full\" src=\"https:\/\/estudios.umh.es\/files\/2021\/11\/abre-en-nueva-ventana.png\" alt=\"(abre en nueva ventana)\" width=\"15\" height=\"15\"><\/a> concedits del teu estudi d&#8217;origen.<\/li>\n<li style=\"text-align: justify\">Els reconeixements que no consten en aquest hist\u00f2ric haur\u00e0s de sol\u00b7licitar-los comparant les guies docents o programes de les assignatures del teu estudi d&#8217;origen amb les assignatures del <a href=\"http:\/\/www.umh.es\/contenido\/Estudios\/:Grado\/datos_es.html\" target=\"_blank\" rel=\"noopener\">pla d&#8217;estudis de la UMH<img loading=\"lazy\" class=\"alignnone wp-image-31436 size-full\" src=\"https:\/\/estudios.umh.es\/files\/2021\/11\/abre-en-nueva-ventana.png\" alt=\"(abre en nueva ventana)\" width=\"15\" height=\"15\"><\/a>. Haur\u00e0s de tindre en compte que ha d&#8217;haver-hi una equival\u00e8ncia m\u00ednima d&#8217;un 75 % en contingut i en cr\u00e8dits ECTS.<\/li>\n<\/ul>\n<h3 style=\"text-align: left\">Quina documentaci\u00f3 he d&#8217;aportar en l&#8217;aplicaci\u00f3?<\/h3>\n<ul style=\"text-align: left\">\n<li style=\"text-align: justify\">Document acreditatiu de la&nbsp;identitat&nbsp;de l&#8217;estudiant: DNI, NIE o Passaport.<\/li>\n<li style=\"text-align: justify\">Certificat&nbsp;Acad\u00e8mic Personal.<\/li>\n<li style=\"text-align: justify\">Programes&nbsp;o guies docents de les assignatures superades en la titulaci\u00f3 d&#8217;origen que hauran d&#8217;estar segellades per la universitat d&#8217;origen.<\/li>\n<li style=\"text-align: justify\">Pla d&#8217;estudis de la titulaci\u00f3 d&#8217;origen si la universitat d&#8217;origen de l&#8217;estudiant no pertany a l&#8217;Espai Europeu d&#8217;Educaci\u00f3 Superior.<\/li>\n<li style=\"text-align: justify\">En el cas de&nbsp;estudis estrangers&nbsp;la documentaci\u00f3 ha d&#8217;estar legalitzada i tradu\u00efda a l&#8217;espanyol per traductor jurat. No ser\u00e0 necessari traduir els&nbsp;programes o guies docents&nbsp;que es troben en idioma angl\u00e9s. No s&#8217;exigeix cap mena de legalitzaci\u00f3 per als documents si el pa\u00eds d&#8217;origen \u00e9s Su\u00efssa o pertany a la Uni\u00f3 Europea o a l&#8217;Espai Econ\u00f2mic Europeu.<\/li>\n<li style=\"text-align: justify\">Si l&#8217;estudi d&#8217;origen \u00e9s de la UMH no es presentar\u00e0 DNI, certificat i programes.<\/li>\n<li>Per a l&#8217;admissi\u00f3 als seg\u00fcents graus: Enginyeria de Tecnologies de Telecomunicaci\u00f3, Enginyeria El\u00e8ctrica, Enginyeria Electr\u00f2nica i Autom\u00e0tica Industrial, Enginyeria Inform\u00e0tica en Tecnologies de la Informaci\u00f3, Enginyeria Mec\u00e0nica i Farm\u00e0cia, s&#8217;exigir\u00e0 a l&#8217;estudiantat procedent de pa\u00efsos no hispanoparlants <strong>l&#8217;acreditaci\u00f3 d&#8217;un nivell equivalent a B2 d&#8217;espanyol<\/strong>. No es requerir\u00e0 esta acreditaci\u00f3 a l&#8217;estudiantat que haja cursat els seus estudis en sistemes educatius que empren l&#8217;espanyol com a llengua vehicular. La relaci\u00f3 de certificats admesos per la UMH per a l&#8217;acreditaci\u00f3 del requisit de coneixement en lleng\u00fces estrangeres \u00e9s la que apareix en la relaci\u00f3 actualitzada de certificats reconeguts per *ACLES (Associaci\u00f3 de Centres de Lleng\u00fces de l&#8217;Ensenyan\u00e7a Superior a Espanya).<\/li>\n<\/ul>\n<p style=\"text-align: left\"><strong>L&#8217;estudiantat procedent de sistemes educatius estrangers<\/strong> hauran d&#8217;abonar una taxa de 143,73 \u20ac per l&#8217;estudi de reconeixement de cr\u00e8dits. El rebut es remetr\u00e0 al correu electr\u00f2nic de l&#8217;estudiant des del Servei de Gesti\u00f3 d&#8217;Estudis.<\/p>\n<h3 style=\"text-align: left\">Quins s\u00f3n els criteris per a la prioritzaci\u00f3 de les places?<\/h3>\n<ul style=\"text-align: left\">\n<li style=\"text-align: justify\">Nombre de cr\u00e8dits reconeguts (40% de la nota d&#8217;admissi\u00f3).<\/li>\n<li style=\"text-align: justify\">Nota mitjana de les assignatures reconegudes (40% de la nota d&#8217;admissi\u00f3).<\/li>\n<li style=\"text-align: justify\">Causes que motiven el trasllat d&#8217;expedient degudament acreditades (20% de la nota d&#8217;admissi\u00f3): Trasllats de resid\u00e8ncia familiar, Malaltia,&nbsp;Esportistes d&#8217;alt nivell, alt rendiment o d&#8217;elit,&nbsp;Altres causes justificades a valorar per la Facultat o Escola.<\/li>\n<\/ul>\n<h3 style=\"text-align: left\">Com pots con\u00e9ixer l&#8217;estat de tramitaci\u00f3 de la teua sol\u00b7licitud?<\/h3>\n<p style=\"text-align: left\">Entrant en el mateix <a href=\"https:\/\/universite.umh.es\/SGRA\/acceso\/NoUmh\/LoginNoUmh.aspx\" target=\"_blank\" rel=\"noopener\">formulari<img loading=\"lazy\" class=\"alignnone wp-image-31436 size-full\" src=\"https:\/\/estudios.umh.es\/files\/2021\/11\/abre-en-nueva-ventana.png\" alt=\"(abre en nueva ventana)\" width=\"15\" height=\"15\"><\/a> on vas fer la sol\u00b7licitud i amb el teu DNI i la teua clau podr\u00e0s consultar aquest estat.<\/p>\n<h3 style=\"text-align: left\">Com sabr\u00e0s si est\u00e0s adm\u00e9s o admesa?<\/h3>\n<p style=\"text-align: left\">L&#8217;estudiantat adm\u00e9s rebr\u00e0 un correu electr\u00f2nic informant que l&#8217;admissi\u00f3 ha sigut favorable.<\/p>\n<h3 style=\"text-align: left\">Com formalitzar\u00e0s la matr\u00edcula?<\/h3>\n<ul style=\"text-align: left\">\n<li style=\"text-align: justify\">Una vegada realitzada l&#8217;admissi\u00f3 t&#8217;enviarem un sms i un correu electr\u00f2nic amb el Pin de la matr\u00edcula que la realitzar\u00e0s mitjan\u00e7ant l&#8217;aplicaci\u00f3 on-line <a href=\"https:\/\/matricula.umh.es\/\" target=\"_blank\" rel=\"noopener\">d&#8217;automatr\u00edcula<img loading=\"lazy\" class=\"alignnone wp-image-31436 size-full\" src=\"https:\/\/estudios.umh.es\/files\/2021\/11\/abre-en-nueva-ventana.png\" alt=\"(abre en nueva ventana)\" width=\"15\" height=\"15\"><\/a>. En el correu se t&#8217;indicar\u00e0 el termini de la matr\u00edcula i les assignatures que se t&#8217;han reconegut perqu\u00e8 no et matricules d&#8217;elles. Aquesta informaci\u00f3 la rebr\u00e0s sobre mediats de juliol.<\/li>\n<li style=\"text-align: justify\">Posteriorment rebr\u00e0s al domicili que has indicat en la teua sol\u00b7licitud la Resoluci\u00f3 Rectoral d&#8217;admissi\u00f3 amb l&#8217;expressi\u00f3 dels reconeixements concedits i denegats.<\/li>\n<\/ul>\n<h3 style=\"text-align: left\">Com et notificarem si no eres adm\u00e9s o admesa?<\/h3>\n<p style=\"text-align: left\">Mitjan\u00e7ant una Resoluci\u00f3 Rectoral que enviarem al domicili que has indicat en la teua sol\u00b7licitud.<\/p>\n<p style=\"text-align: left\">El procediment es regula mitjan\u00e7ant la seg\u00fcent <a href=\"https:\/\/estudios.umh.es\/files\/2021\/02\/Normativa-admisi%C3%B3n-estudios-parciales.pdf\" target=\"_blank\" rel=\"noopener\">normativa.PDF.197kB<img loading=\"lazy\" class=\"alignnone wp-image-31436 size-full\" src=\"https:\/\/estudios.umh.es\/files\/2021\/11\/abre-en-nueva-ventana.png\" alt=\"(abre en nueva ventana)\" width=\"15\" height=\"15\"><\/a><\/p>\n<h3 style=\"text-align: left\">INFORMACI\u00d3 DE CONTACTE<\/h3>\n<ul>\n<li style=\"text-align: left\">Servei de Gesti\u00f3 d&#8217;Estudis<\/li>\n<li style=\"text-align: left\">Direcci\u00f3: Campus d&#8217;Elx \u2013 Edifici Rectorat i Consell Social, Avda. de la Universitat, s\/n, 03202 Elx \u2013Alacant<\/li>\n<li style=\"text-align: left\">Tel\u00e8fon: 96 522 25 17 y 966658651<\/li>\n<li style=\"text-align: left\">Correu electr\u00f2nic: admisionparciales@umh.es&nbsp;<\/li>\n<\/ul>\n<p><\/p>","protected":false},"excerpt":{"rendered":"<p>Consulta&nbsp; l&#8217;oferta de places del curs acad\u00e8mic 2026-27<br \/>\nQuin estudiantat pot sol\u00b7licitar l&#8217;admissi\u00f3 per continuaci\u00f3 d&#8217;estudis?<\/p>\n<p>Podr\u00e0 sol\u00b7licitar-la l&#8217;estudiantat que haja iniciat estudis universitaris oficials espanyols o estrangers i vulguen continuar els seus estudis en un grau de la UMH. Aquest procediment d&#8217;admissi\u00f3, segons estableix el Reial Decret 412\/2014, de 6 de juny, pel qual s&#8217;estableix la [&#8230;]<\/p>\n","protected":false},"author":9,"featured_media":0,"parent":156,"menu_order":50,"comment_status":"closed","ping_status":"closed","template":"","meta":{"ngg_post_thumbnail":0,"_links_to":"","_links_to_target":""},"_links":{"self":[{"href":"https:\/\/estudios.umh.es\/ca\/wp-json\/wp\/v2\/pages\/5777"}],"collection":[{"href":"https:\/\/estudios.umh.es\/ca\/wp-json\/wp\/v2\/pages"}],"about":[{"href":"https:\/\/estudios.umh.es\/ca\/wp-json\/wp\/v2\/types\/page"}],"author":[{"embeddable":true,"href":"https:\/\/estudios.umh.es\/ca\/wp-json\/wp\/v2\/users\/9"}],"replies":[{"embeddable":true,"href":"https:\/\/estudios.umh.es\/ca\/wp-json\/wp\/v2\/comments?post=5777"}],"version-history":[{"count":0,"href":"https:\/\/estudios.umh.es\/ca\/wp-json\/wp\/v2\/pages\/5777\/revisions"}],"up":[{"embeddable":true,"href":"https:\/\/estudios.umh.es\/ca\/wp-json\/wp\/v2\/pages\/156"}],"wp:attachment":[{"href":"https:\/\/estudios.umh.es\/ca\/wp-json\/wp\/v2\/media?parent=5777"}],"curies":[{"name":"wp","href":"https:\/\/api.w.org\/{rel}","templated":true}]}}