{"id":5981,"date":"2018-04-27T12:49:51","date_gmt":"2018-04-27T10:49:51","guid":{"rendered":"https:\/\/estudios.umh.es\/?page_id=5981"},"modified":"2026-03-02T12:11:57","modified_gmt":"2026-03-02T11:11:57","slug":"cursos-pau-25-40-y-45","status":"publish","type":"page","link":"https:\/\/estudios.umh.es\/ca\/cursos-pau-25-40-y-45\/","title":{"rendered":"Cursos PAU 25, 40 i 45"},"content":{"rendered":"<p><\/p>\n<p class=\"wp-embed-heading\"><a href=\"https:\/\/estudios.umh.es\/ca\/acceso\/grados\/pruebas-de-acceso\/mayores-de-25-anos\/\" target=\"_blank\" rel=\"noopener\"><strong><span dir=\"auto\" style=\"vertical-align: inherit\"><span dir=\"auto\" style=\"vertical-align: inherit\"><span dir=\"auto\" style=\"vertical-align: inherit\"><span dir=\"auto\" style=\"vertical-align: inherit\">Majors de 25 anys<\/span><\/span><\/span><\/span><\/strong><\/a><\/p>\n<div class=\"wp-embed-excerpt\">\n<p><span dir=\"auto\" style=\"vertical-align: inherit\"><span dir=\"auto\" style=\"vertical-align: inherit\"><span dir=\"auto\" style=\"vertical-align: inherit\"><span dir=\"auto\" style=\"vertical-align: inherit\">Les persones majors de 25 anys d&#8217;edat <\/span><\/span><span dir=\"auto\" style=\"vertical-align: inherit\"><span dir=\"auto\" style=\"vertical-align: inherit\">que no tinguen cap titulaci\u00f3 acad\u00e8mica habilitant per accedir a la universitat per altres vies, podran accedir a les ensenyances universit\u00e0ries oficials de Grau mitjan\u00e7ant la superaci\u00f3 d&#8217;una prova dacc\u00e9s. Nom\u00e9s poden conc\u00f3rrer a aquesta prova d&#8217;acc\u00e9s, els qui compleixin o hagin complert els 25 anys durant l&#8217;any natural en qu\u00e8 se celebre la prova.<\/span><\/span><\/span><\/span><\/p>\n<\/div>\n<p class=\"wp-embed-heading\"><a href=\"https:\/\/estudios.umh.es\/ca\/acceso\/grados\/pruebas-de-acceso\/mayores-de-40-anos\/\" target=\"_blank\" rel=\"noopener\"><strong><span dir=\"auto\" style=\"vertical-align: inherit\"><span dir=\"auto\" style=\"vertical-align: inherit\"><span dir=\"auto\" style=\"vertical-align: inherit\"><span dir=\"auto\" style=\"vertical-align: inherit\">Majors de 40 anys<\/span><\/span><\/span><\/span><\/strong><\/a><\/p>\n<div class=\"wp-embed-excerpt\">\n<p><span dir=\"auto\" style=\"vertical-align: inherit\"><span dir=\"auto\" style=\"vertical-align: inherit\"><span dir=\"auto\" style=\"vertical-align: inherit\"><span dir=\"auto\" style=\"vertical-align: inherit\">Podran accedir per aquesta via els qui compten amb experi\u00e8ncia laboral i professional relacionada amb una ensenyan\u00e7a determinada, que no tinguen cap titulaci\u00f3 acad\u00e8mica habilitant per accedir a la universitat per altres vies i complisquen o hagen complit els 40 anys d&#8217;edat durant l&#8217;any natural en qu\u00e8 se celebren les proves.<\/span><\/span><\/span><\/span><\/p>\n<\/div>\n<p><a href=\"https:\/\/estudios.umh.es\/ca\/acceso\/grados\/pruebas-de-acceso\/mayores-de-45-anos\/\" target=\"_blank\" rel=\"noopener\"><strong><span dir=\"auto\" style=\"vertical-align: inherit\"><span dir=\"auto\" style=\"vertical-align: inherit\"><span dir=\"auto\" style=\"vertical-align: inherit\"><span dir=\"auto\" style=\"vertical-align: inherit\">Majors de 45 anys<\/span><\/span><\/span><\/span><\/strong><\/a><\/p>\n<p><span dir=\"auto\" style=\"vertical-align: inherit\"><span dir=\"auto\" style=\"vertical-align: inherit\"><span dir=\"auto\" style=\"vertical-align: inherit\"><span dir=\"auto\" style=\"vertical-align: inherit\">Les persones majors de 45 anys d&#8217;edat que no tinguen cap titulaci\u00f3 acad\u00e8mica habilitant per accedir a la universitat per altres vies, podran accedir a les ensenyances universit\u00e0ries oficials de Grau mitjan\u00e7ant la superaci\u00f3 d&#8217;una prova d&#8217;acc\u00e9s adaptada, si complixen o han complit la citada edat durant l&#8217;any natural en qu\u00e8 se celebren les proves.<\/span><\/span><\/span><\/span><\/p>","protected":false},"excerpt":{"rendered":"<p>Majors de 25 anys<\/p>\n<p>Les persones majors de 25 anys d&#8217;edat que no tinguen cap titulaci\u00f3 acad\u00e8mica habilitant per accedir a la universitat per altres vies, podran accedir a les ensenyances universit\u00e0ries oficials de Grau mitjan\u00e7ant la superaci\u00f3 d&#8217;una prova dacc\u00e9s. Nom\u00e9s poden conc\u00f3rrer a aquesta prova d&#8217;acc\u00e9s, els qui compleixin o hagin complert els 25 [&#8230;]<\/p>\n","protected":false},"author":4244,"featured_media":0,"parent":0,"menu_order":11,"comment_status":"closed","ping_status":"closed","template":"","meta":{"ngg_post_thumbnail":0,"_links_to":"","_links_to_target":""},"_links":{"self":[{"href":"https:\/\/estudios.umh.es\/ca\/wp-json\/wp\/v2\/pages\/5981"}],"collection":[{"href":"https:\/\/estudios.umh.es\/ca\/wp-json\/wp\/v2\/pages"}],"about":[{"href":"https:\/\/estudios.umh.es\/ca\/wp-json\/wp\/v2\/types\/page"}],"author":[{"embeddable":true,"href":"https:\/\/estudios.umh.es\/ca\/wp-json\/wp\/v2\/users\/4244"}],"replies":[{"embeddable":true,"href":"https:\/\/estudios.umh.es\/ca\/wp-json\/wp\/v2\/comments?post=5981"}],"version-history":[{"count":0,"href":"https:\/\/estudios.umh.es\/ca\/wp-json\/wp\/v2\/pages\/5981\/revisions"}],"wp:attachment":[{"href":"https:\/\/estudios.umh.es\/ca\/wp-json\/wp\/v2\/media?parent=5981"}],"curies":[{"name":"wp","href":"https:\/\/api.w.org\/{rel}","templated":true}]}}