{"id":6005,"date":"2018-05-03T10:40:12","date_gmt":"2018-05-03T08:40:12","guid":{"rendered":"http:\/\/estudios.umh.es\/?page_id=6005"},"modified":"2026-04-27T09:40:36","modified_gmt":"2026-04-27T07:40:36","slug":"diplomas-formacion-permanente","status":"publish","type":"page","link":"https:\/\/estudios.umh.es\/ca\/diplomas-formacion-permanente\/","title":{"rendered":"DIPLOMES D&#8217;ENSENYANCES DE FORMACI\u00d3 PERMANENT"},"content":{"rendered":"<p>Per a l&#8217;obtenci\u00f3 del diploma corresponent de Certificat de Formaci\u00f3 Permanent o Microcredencial Universit\u00e0ria has de tindre en compte el curs acad\u00e8mic en el qual el vas cursar.<\/p>\n<ul>\n<li>A partir del curs acad\u00e8mic 2017\/2018.\n<ul>\n<li>Despr\u00e9s de l&#8217;avaluaci\u00f3 positiva de l&#8217;ensenyament rebr\u00e0s un correu electr\u00f2nic a la b\u00fastia que vas indicar en la teua matr\u00edcula informant de la disponibilitat de desc\u00e0rrega del diploma mitjan\u00e7ant un enlla\u00e7 directe que figura en aquest.&nbsp;<\/li>\n<li>El diploma tamb\u00e9 estar\u00e0 disponible en la carpeta ciutadana &#8220;Els meus Tr\u00e0mits\/Els meus Documents&#8221; de la <a href=\"https:\/\/sede.umh.es\/ca\/\" target=\"_blank\" rel=\"noopener\">Seu Electr\u00f2nica de la UMH<img loading=\"lazy\" class=\"alignnone wp-image-31436 size-full\" src=\"https:\/\/estudios.umh.es\/files\/2021\/11\/abre-en-nueva-ventana.png\" alt=\"(abre en nueva ventana)\" width=\"15\" height=\"15\"><\/a>. Es pot consultar el seg\u00fcent <a href=\"https:\/\/www.youtube.com\/watch?v=iNUcVuaXY0g\" target=\"_blank\" rel=\"noopener\">tutorial<img loading=\"lazy\" class=\"alignnone wp-image-31436 size-full\" src=\"https:\/\/estudios.umh.es\/files\/2021\/11\/abre-en-nueva-ventana.png\" alt=\"(abre en nueva ventana)\" width=\"15\" height=\"15\"><\/a> per a m\u00e9s informaci\u00f3.<\/li>\n<\/ul>\n<\/li>\n<li>Amb anterioritat al curs acad\u00e8mic 2017\/2018.\n<ul>\n<li>Pots sol\u00b7licitar l&#8217;emissi\u00f3 de duplicats dels cursos realitzats a trav\u00e9s de la <a href=\"https:\/\/sede.umh.es\/ca\/procedimientos\/duplicat-de-diplomes-de-cursos-de-perfeccionament-i-especialitzacio-professional\/\" target=\"_blank\" rel=\"noopener\">Seu Electr\u00f2nica de la UMH<img loading=\"lazy\" class=\"alignnone wp-image-31436 size-full\" src=\"https:\/\/estudios.umh.es\/files\/2021\/11\/abre-en-nueva-ventana.png\" alt=\"(abre en nueva ventana)\" width=\"15\" height=\"15\"><\/a>.<\/li>\n<li>Per a cursos posteriors no \u00e9s necessari sol\u00b7licitar duplicat perqu\u00e8 el diploma original s&#8217;emet electr\u00f2nicament i es troba disponible en &#8220;Els meus Tr\u00e0mits\/Els meus Documents&#8221; de la Seu electr\u00f2nica.<\/li>\n<\/ul>\n<\/li>\n<\/ul>\n<p><\/p>","protected":false},"excerpt":{"rendered":"<p>Per a l&#8217;obtenci\u00f3 del diploma corresponent de Certificat de Formaci\u00f3 Permanent o Microcredencial Universit\u00e0ria has de tindre en compte el curs acad\u00e8mic en el qual el vas cursar.<\/p>\n<p>A partir del curs acad\u00e8mic 2017\/2018.<\/p>\n<p>Despr\u00e9s de l&#8217;avaluaci\u00f3 positiva de l&#8217;ensenyament rebr\u00e0s un correu electr\u00f2nic a la b\u00fastia que vas indicar en la teua matr\u00edcula informant de la [&#8230;]<\/p>\n","protected":false},"author":9,"featured_media":0,"parent":0,"menu_order":0,"comment_status":"closed","ping_status":"closed","template":"","meta":{"ngg_post_thumbnail":0,"_links_to":"","_links_to_target":""},"_links":{"self":[{"href":"https:\/\/estudios.umh.es\/ca\/wp-json\/wp\/v2\/pages\/6005"}],"collection":[{"href":"https:\/\/estudios.umh.es\/ca\/wp-json\/wp\/v2\/pages"}],"about":[{"href":"https:\/\/estudios.umh.es\/ca\/wp-json\/wp\/v2\/types\/page"}],"author":[{"embeddable":true,"href":"https:\/\/estudios.umh.es\/ca\/wp-json\/wp\/v2\/users\/9"}],"replies":[{"embeddable":true,"href":"https:\/\/estudios.umh.es\/ca\/wp-json\/wp\/v2\/comments?post=6005"}],"version-history":[{"count":0,"href":"https:\/\/estudios.umh.es\/ca\/wp-json\/wp\/v2\/pages\/6005\/revisions"}],"wp:attachment":[{"href":"https:\/\/estudios.umh.es\/ca\/wp-json\/wp\/v2\/media?parent=6005"}],"curies":[{"name":"wp","href":"https:\/\/api.w.org\/{rel}","templated":true}]}}