{"id":6068,"date":"2018-05-10T09:23:30","date_gmt":"2018-05-10T07:23:30","guid":{"rendered":"http:\/\/estudios.umh.es\/?page_id=6068"},"modified":"2021-11-17T13:59:39","modified_gmt":"2021-11-17T12:59:39","slug":"procedimiento-para-la-apertura-de-los-sobres-con-los-informes-de-premio-extraordinario-de-doctorado","status":"publish","type":"page","link":"https:\/\/estudios.umh.es\/ca\/doctorado\/tesisdoctoral\/procedimiento-para-la-apertura-de-los-sobres-con-los-informes-de-premio-extraordinario-de-doctorado\/","title":{"rendered":"Procediment per a l&#8217;obertura dels sobres amb els informes de Premi Extraordinari de Doctorat"},"content":{"rendered":"<p>&nbsp;<\/p>\n<p style=\"text-align: center\"><em><span style=\"text-decoration: underline\"><strong>Procediment per a l&#8217;obertura dels sobres amb els informes de Premi Extraordinari de Doctorat,<\/strong><\/span><\/em><\/p>\n<p style=\"text-align: center\"><em><span style=\"text-decoration: underline\"><strong>de tesis defensades durant el&nbsp;curs 2016\/2017<\/strong><\/span><\/em><\/p>\n<p>De conformitat amb la Normativa per a la concessi\u00f3 dels Premis Extraordinaris de Doctorat de la Universitat Miguel Hern\u00e1ndez d&#8217;Elx, s&#8217;estableix el seg\u00fcent procediment per a l&#8217;obertura dels sobres amb els informes de Premi Extraordinari de Doctorat, corresponents als estudiants que van defensar la seva tesi en el curs 2016\/2017 i van obtenir la qualificaci\u00f3 d&#8217;excel\u00b7lent&nbsp;cum&nbsp;laude.<\/p>\n<p><strong>1. Obertura dels sobres amb els informes de Premi Extraordinari de Doctorat.<\/strong><\/p>\n<p>Amb data anterior a l&#8217;inici del termini establert al calendari acad\u00e8mic per a la presentaci\u00f3 de sol\u00b7licituds i poder optar a la concessi\u00f3 del Premi Extraordinari de Doctorat, es realitzar\u00e0 l&#8217;acte de l&#8217;obertura dels sobres amb els informes de Premi Extraordinari de Doctorat.<\/p>\n<p>Un membre de la Comissi\u00f3 d&#8217;Estudis de Doctorat, en pres\u00e8ncia d&#8217;un\/a funcionari\/a de la Unitat de M\u00e0ster i Doctorat, del Servei de Gesti\u00f3 d&#8217;Estudis, que donar\u00e0 suport administratiu, procedir\u00e0 a obrir els cinc sobres amb els informes de Premi Extraordinari de Doctorat dels estudiants que van obtenir la qualificaci\u00f3 d&#8217;excel\u00b7lent&nbsp;Cum&nbsp;Laude. Aquest proc\u00e9s es realitzar\u00e0 per programa de doctorat<\/p>\n<p><strong>2. Escrutini dels vots i llistat de candidats\/as.<\/strong><\/p>\n<p>Es realitzar\u00e0 l&#8217;escrutini dels vots i es confeccionar\u00e0 un llistat, per programa de doctorat, dels estudiants que hagin obtingut els cinc vots favorables que, a aquest efecte, van emetre&nbsp;reservadamente&nbsp;els membres del Tribunal que van jutjar la tesi.<\/p>\n<p>D&#8217;acord amb l&#8217;article 4 de la Normativa de concessi\u00f3 de Premis Extraordinaris de Doctorat, els estudiants que hagin obtingut els cinc vots favorables podr\u00e0 participar en els citats premis. Des del Servei de Gesti\u00f3 d&#8217;Estudis es remetr\u00e0 als candidats que van obtenir els cinc vots favorables, la informaci\u00f3 per participar en els Premis Extraordinari de Doctorat.<\/p>","protected":false},"excerpt":{"rendered":"<p>&nbsp;<br \/>\nProcediment per a l&#8217;obertura dels sobres amb els informes de Premi Extraordinari de Doctorat,<br \/>\nde tesis defensades durant el&nbsp;curs 2016\/2017<br \/>\nDe conformitat amb la Normativa per a la concessi\u00f3 dels Premis Extraordinaris de Doctorat de la Universitat Miguel Hern\u00e1ndez d&#8217;Elx, s&#8217;estableix el seg\u00fcent procediment per a l&#8217;obertura dels sobres amb els informes de Premi Extraordinari de Doctorat, [&#8230;]<\/p>\n","protected":false},"author":127,"featured_media":0,"parent":360,"menu_order":40,"comment_status":"closed","ping_status":"closed","template":"","meta":{"ngg_post_thumbnail":0,"_links_to":"","_links_to_target":""},"_links":{"self":[{"href":"https:\/\/estudios.umh.es\/ca\/wp-json\/wp\/v2\/pages\/6068"}],"collection":[{"href":"https:\/\/estudios.umh.es\/ca\/wp-json\/wp\/v2\/pages"}],"about":[{"href":"https:\/\/estudios.umh.es\/ca\/wp-json\/wp\/v2\/types\/page"}],"author":[{"embeddable":true,"href":"https:\/\/estudios.umh.es\/ca\/wp-json\/wp\/v2\/users\/127"}],"replies":[{"embeddable":true,"href":"https:\/\/estudios.umh.es\/ca\/wp-json\/wp\/v2\/comments?post=6068"}],"version-history":[{"count":0,"href":"https:\/\/estudios.umh.es\/ca\/wp-json\/wp\/v2\/pages\/6068\/revisions"}],"up":[{"embeddable":true,"href":"https:\/\/estudios.umh.es\/ca\/wp-json\/wp\/v2\/pages\/360"}],"wp:attachment":[{"href":"https:\/\/estudios.umh.es\/ca\/wp-json\/wp\/v2\/media?parent=6068"}],"curies":[{"name":"wp","href":"https:\/\/api.w.org\/{rel}","templated":true}]}}