{"id":614,"date":"2014-05-14T09:04:50","date_gmt":"2014-05-14T09:04:50","guid":{"rendered":"http:\/\/estudios.zeus.umh.es\/?page_id=614"},"modified":"2025-11-03T15:02:30","modified_gmt":"2025-11-03T14:02:30","slug":"seguro-voluntario","status":"publish","type":"page","link":"https:\/\/estudios.umh.es\/ca\/seguro-voluntario\/","title":{"rendered":"ASSEGURAN\u00c7A VOLUNT\u00c0RIA"},"content":{"rendered":"<p><\/p>\n<h3 style=\"text-align: left\">Asseguran\u00e7a Cum Laude.<\/h3>\n<ul style=\"text-align: left\">\n<li><a href=\"https:\/\/gerencia.umh.es\/seguros\/\" target=\"_blank\" rel=\"noopener noreferrer\">Coneix tota la informaci\u00f3 sobre les cobertures, condicions, preu i protocol d&#8217;actuaci\u00f3 de l&#8217;asseguran\u00e7a volunt\u00e0ria de la UMH<img loading=\"lazy\" class=\"alignnone wp-image-31436 size-full\" src=\"https:\/\/estudios.umh.es\/files\/2021\/11\/abre-en-nueva-ventana.png\" alt=\"(abre en nueva ventana)\" width=\"15\" height=\"15\"><\/a> en l&#8217;apartat Seguro Voluntario Alumnado.<\/li>\n<\/ul>\n<h3>Com puc contractar l&#8217;asseguran\u00e7a volunt\u00e0ria?<\/h3>\n<ul>\n<li>Estudis de Grau i M\u00e0ster: L&#8217;estudiantat de Grau i M\u00e0ster interessat en contractar l&#8217;asseguran\u00e7a volunt\u00e0ria, que no la fera en realitzar la matriculaci\u00f3 ha de dirigir-se al CEGECA (Centre de Gesti\u00f3 de Campus) corresponent.<\/li>\n<li>L&#8217;estudiantat de Doctorat interessat a contractar l&#8217;asseguran\u00e7a volunt\u00e0ria ha de dirigir-se a l&#8217;Escola de Doctorat.<\/li>\n<li>Estudis Propis: L&#8217;estudiantat matriculat en un Estudi Propi interessat en contractar l&#8217;asseguran\u00e7a volunt\u00e0ria, pot realitzar el pagament mitjan\u00e7ant <a href=\"https:\/\/universite.umh.es\/recibos\/\" target=\"_blank\" rel=\"noopener\">pagament virtual <img src=\"https:\/\/estudios.umh.es\/files\/2021\/11\/abre-en-nueva-ventana.png\" alt=\"(abre en nueva ventana)\"><\/a> indicant el seg\u00fcent:\n<ul>\n<li>Tipus: Tasas por Servicios de Gesti\u00f3n General.<\/li>\n<li>Subtipus: Seguro Voluntario de Estudios Propios.http:\/\/www.umh.es\/recibos\/<\/li>\n<\/ul>\n<\/li>\n<\/ul>\n<p><\/p>","protected":false},"excerpt":{"rendered":"<p>Asseguran\u00e7a Cum Laude.<\/p>\n<p>Coneix tota la informaci\u00f3 sobre les cobertures, condicions, preu i protocol d&#8217;actuaci\u00f3 de l&#8217;asseguran\u00e7a volunt\u00e0ria de la UMH en l&#8217;apartat Seguro Voluntario Alumnado.<\/p>\n<p>Com puc contractar l&#8217;asseguran\u00e7a volunt\u00e0ria?<\/p>\n<p>Estudis de Grau i M\u00e0ster: L&#8217;estudiantat de Grau i M\u00e0ster interessat en contractar l&#8217;asseguran\u00e7a volunt\u00e0ria, que no la fera en realitzar la matriculaci\u00f3 ha de dirigir-se al [&#8230;]<\/p>\n","protected":false},"author":10,"featured_media":0,"parent":0,"menu_order":70,"comment_status":"closed","ping_status":"open","template":"","meta":{"ngg_post_thumbnail":0,"_links_to":"","_links_to_target":""},"_links":{"self":[{"href":"https:\/\/estudios.umh.es\/ca\/wp-json\/wp\/v2\/pages\/614"}],"collection":[{"href":"https:\/\/estudios.umh.es\/ca\/wp-json\/wp\/v2\/pages"}],"about":[{"href":"https:\/\/estudios.umh.es\/ca\/wp-json\/wp\/v2\/types\/page"}],"author":[{"embeddable":true,"href":"https:\/\/estudios.umh.es\/ca\/wp-json\/wp\/v2\/users\/10"}],"replies":[{"embeddable":true,"href":"https:\/\/estudios.umh.es\/ca\/wp-json\/wp\/v2\/comments?post=614"}],"version-history":[{"count":0,"href":"https:\/\/estudios.umh.es\/ca\/wp-json\/wp\/v2\/pages\/614\/revisions"}],"wp:attachment":[{"href":"https:\/\/estudios.umh.es\/ca\/wp-json\/wp\/v2\/media?parent=614"}],"curies":[{"name":"wp","href":"https:\/\/api.w.org\/{rel}","templated":true}]}}