{"id":615,"date":"2014-05-13T14:39:35","date_gmt":"2014-05-13T14:39:35","guid":{"rendered":"http:\/\/estudios.zeus.umh.es\/?page_id=615"},"modified":"2023-06-12T13:25:31","modified_gmt":"2023-06-12T11:25:31","slug":"procedimiento-del-escrutinio-de-los-votos-de-la-mencion-de-cum-laude","status":"publish","type":"page","link":"https:\/\/estudios.umh.es\/ca\/doctorado\/tesisdoctoral\/procedimiento-del-escrutinio-de-los-votos-de-la-mencion-de-cum-laude\/","title":{"rendered":"Procediment de l&#8217;escrutini de vots de l&#8217;Esment &#8220;cum laude&#8221;"},"content":{"rendered":"<p><\/p>\n<p style=\"text-align: left\" align=\"center\">El &nbsp;Reial decret 99\/2011, de 10 de febrer, en el seu article 14.7 &nbsp;estableix &nbsp;que el tribunal de la tesi doctoral podr\u00e0 proposar que la tesi obtingui l&#8217;esment \u201cCum&nbsp;Laude\u201d&nbsp;si s&#8217;emet en tal sentit el vot secret positiu per unanimitat.<\/p>\n<p>Aix\u00ed mateix, la Universitat habilitar\u00e0 els mecanismes precisos per a la materialitzaci\u00f3 de la concessi\u00f3 final d&#8217;aquest esment, garantint que l&#8217;escrutini dels vots es realitzi en sessi\u00f3 diferent de la corresponent a la de defensa de la tesi doctoral.<\/p>\n<p>Per &nbsp;tot &nbsp;el &nbsp;anterior, &nbsp;es &nbsp;articula &nbsp;el &nbsp;seg\u00fcent &nbsp;procediment&nbsp;&nbsp;per &nbsp;que &nbsp;el &nbsp;tribunal &nbsp;pugui proposar que la tesi doctoral obtingui l&#8217;esment \u201cCum&nbsp;Laude\u201d, garantint l&#8217;escrutini dels vots.<\/p>\n<p>Cadascun dels membres del tribunal disposar\u00e0 d&#8217;un impr\u00e8s, que haur\u00e0 d&#8217;emplenar i lliurar en sobre tancat, juntament amb la documentaci\u00f3 per a la lectura de la tesi al Secretari\/a de el Tribunal perqu\u00e8 en sigueu custodis.<\/p>\n<p>Una vegada recollits els sobres, el\/la Secretari\/a se personar\u00e0, <strong>a partir de l&#8217;endem\u00e0 al de la lectura de la tesi doctoral<\/strong>, al Centre de Gesti\u00f3 de Campus o en el Servei de Gesti\u00f3 d&#8217;Estudis per al seu escrutini. Si tots els vots s\u00f3n positius es concedir\u00e0 l&#8217;esment &#8220;cum&nbsp;laude&#8221;&nbsp;que quedar\u00e0 reflectida en l&#8217;Acta de la lectura de tesi.<\/p>\n<p>En el cas que el Secretari\/a de el tribunal de tesi no pugui despla\u00e7ar-se al Centre de Gesti\u00f3 de Campus o al Servei de Gesti\u00f3 d&#8217;Estudis, haur\u00e0 de remetre tota la documentaci\u00f3 corresponent a la lectura de la tesi doctoral al citat Servei. El\/La Secretari\/a de la Comissi\u00f3 d&#8217;Estudis de Doctorat ser\u00e0 el responsable de realitzar l&#8217;escrutini dels vots i reflectir, si escau, l&#8217;esment \u201cCum&nbsp;Laude\u201d&nbsp;en la qualificaci\u00f3 de la tesi doctoral.<\/p>\n<p>L&#8217;escrutini dels vots es realitzar\u00e0 en pres\u00e8ncia d&#8217;un\/a administratiu\/a de el Servei de Gesti\u00f3 d&#8217;Estudis o del Centre de Gesti\u00f3 de Campus i signar\u00e0 cadascun dels vots.<\/p>","protected":false},"excerpt":{"rendered":"<p>El &nbsp;Reial decret 99\/2011, de 10 de febrer, en el seu article 14.7 &nbsp;estableix &nbsp;que el tribunal de la tesi doctoral podr\u00e0 proposar que la tesi obtingui l&#8217;esment \u201cCum&nbsp;Laude\u201d&nbsp;si s&#8217;emet en tal sentit el vot secret positiu per unanimitat.<br \/>\nAix\u00ed mateix, la Universitat habilitar\u00e0 els mecanismes precisos per a la materialitzaci\u00f3 de la concessi\u00f3 final d&#8217;aquest [&#8230;]<\/p>\n","protected":false},"author":127,"featured_media":0,"parent":360,"menu_order":40,"comment_status":"closed","ping_status":"open","template":"","meta":{"ngg_post_thumbnail":0,"_links_to":"","_links_to_target":""},"_links":{"self":[{"href":"https:\/\/estudios.umh.es\/ca\/wp-json\/wp\/v2\/pages\/615"}],"collection":[{"href":"https:\/\/estudios.umh.es\/ca\/wp-json\/wp\/v2\/pages"}],"about":[{"href":"https:\/\/estudios.umh.es\/ca\/wp-json\/wp\/v2\/types\/page"}],"author":[{"embeddable":true,"href":"https:\/\/estudios.umh.es\/ca\/wp-json\/wp\/v2\/users\/127"}],"replies":[{"embeddable":true,"href":"https:\/\/estudios.umh.es\/ca\/wp-json\/wp\/v2\/comments?post=615"}],"version-history":[{"count":0,"href":"https:\/\/estudios.umh.es\/ca\/wp-json\/wp\/v2\/pages\/615\/revisions"}],"up":[{"embeddable":true,"href":"https:\/\/estudios.umh.es\/ca\/wp-json\/wp\/v2\/pages\/360"}],"wp:attachment":[{"href":"https:\/\/estudios.umh.es\/ca\/wp-json\/wp\/v2\/media?parent=615"}],"curies":[{"name":"wp","href":"https:\/\/api.w.org\/{rel}","templated":true}]}}