{"id":620,"date":"2014-05-13T15:16:16","date_gmt":"2014-05-13T15:16:16","guid":{"rendered":"http:\/\/estudios.zeus.umh.es\/?page_id=620"},"modified":"2019-03-05T18:40:10","modified_gmt":"2019-03-05T17:40:10","slug":"real-decreto-13932007","status":"publish","type":"page","link":"https:\/\/estudios.umh.es\/ca\/doctorado\/normativas-anteriores\/real-decreto-13932007\/","title":{"rendered":"<span lang=\"es\">(Espa\u00f1ol) Programas de Doctorado del RD 1393\/2007 [en extinci\u00f3n]<\/span>"},"content":{"rendered":"<p><\/p>\n<p style=\"text-align: center\"><strong>\u00a0Programas de Doctorado regulados por el Real Decreto 1393\/2007<\/strong><\/p>\n<p style=\"text-align: left\">Las ense\u00f1anzas de Doctorado reguladas por el Real Decreto 1393\/2007 tienen\u00a0como \u00a0finalidad la formaci\u00f3n avanzada del estudiante en las t\u00e9cnicas de investigaci\u00f3n, pueden incorporar cursos, seminarios u otras actividades orientadas a la formaci\u00f3n investigadora e incluyen la elaboraci\u00f3n y presentaci\u00f3n de la correspondiente tesis doctoral, consistente en un trabajo original de investigaci\u00f3n.<\/p>\n<p style=\"text-align: left\">Los estudiantes regulados por este Real Decreto han de formalizar cada curso\u00a0acad\u00e9mico \u00a0su matr\u00edcula en la universidad, que le otorgar\u00e1 el derecho\u00a0a la tutela acad\u00e9mica, a la utilizaci\u00f3n de los recursos necesarios para el desarrollo de su trabajo\u00a0y la plenitud de derechos previstos por la normativa para los estudiantes de doctorado.<\/p>\n<p>Los Programas de Doctorado regulados por el Real Decreto 1393\/2007 quedar\u00e1n extinguidos definitivamente el <strong>30 de septiembre de 2017<\/strong>.<\/p>","protected":false},"excerpt":{"rendered":"<p>\u00a0Programas de Doctorado regulados por el Real Decreto 1393\/2007<br \/>\nLas ense\u00f1anzas de Doctorado reguladas por el Real Decreto 1393\/2007 tienen\u00a0como \u00a0finalidad la formaci\u00f3n avanzada del estudiante en las t\u00e9cnicas de investigaci\u00f3n, pueden incorporar cursos, seminarios u otras actividades orientadas a la formaci\u00f3n investigadora e incluyen la elaboraci\u00f3n y presentaci\u00f3n de la correspondiente tesis doctoral, consistente en [&#8230;]<\/p>\n","protected":false},"author":127,"featured_media":0,"parent":8504,"menu_order":50,"comment_status":"closed","ping_status":"open","template":"","meta":{"ngg_post_thumbnail":0,"_links_to":"","_links_to_target":""},"_links":{"self":[{"href":"https:\/\/estudios.umh.es\/ca\/wp-json\/wp\/v2\/pages\/620"}],"collection":[{"href":"https:\/\/estudios.umh.es\/ca\/wp-json\/wp\/v2\/pages"}],"about":[{"href":"https:\/\/estudios.umh.es\/ca\/wp-json\/wp\/v2\/types\/page"}],"author":[{"embeddable":true,"href":"https:\/\/estudios.umh.es\/ca\/wp-json\/wp\/v2\/users\/127"}],"replies":[{"embeddable":true,"href":"https:\/\/estudios.umh.es\/ca\/wp-json\/wp\/v2\/comments?post=620"}],"version-history":[{"count":0,"href":"https:\/\/estudios.umh.es\/ca\/wp-json\/wp\/v2\/pages\/620\/revisions"}],"up":[{"embeddable":true,"href":"https:\/\/estudios.umh.es\/ca\/wp-json\/wp\/v2\/pages\/8504"}],"wp:attachment":[{"href":"https:\/\/estudios.umh.es\/ca\/wp-json\/wp\/v2\/media?parent=620"}],"curies":[{"name":"wp","href":"https:\/\/api.w.org\/{rel}","templated":true}]}}