{"id":623,"date":"2014-05-13T16:15:26","date_gmt":"2014-05-13T16:15:26","guid":{"rendered":"http:\/\/estudios.zeus.umh.es\/?page_id=623"},"modified":"2026-04-21T14:06:27","modified_gmt":"2026-04-21T12:06:27","slug":"supletorio","status":"publish","type":"page","link":"https:\/\/estudios.umh.es\/ca\/expedicion-titulos\/expedicion-titulos-oficiales\/supletorio\/","title":{"rendered":"Certificat Supletori"},"content":{"rendered":"<p><\/p>\n<p style=\"text-align: justify\"><strong>1. Concepte: <\/strong><\/p>\n<p style=\"text-align: justify\">Fins que no es produ\u00efsca l&#8217;efectiva expedici\u00f3 i entrega a l&#8217;interessat del t\u00edtol sol\u00b7licitat, aquell tindr\u00e0 dret des del moment d&#8217;abonar els drets d&#8217;expedici\u00f3 del t\u00edtol, que se li expedisca certificaci\u00f3 que el t\u00edtol sol\u00b7licitat es troba en tr\u00e0mit d&#8217;expedici\u00f3 (certificaci\u00f3 suplet\u00f2ria del t\u00edtol) .<\/p>\n<p style=\"text-align: justify\">La certificaci\u00f3 suplet\u00f2ria del t\u00edtol s&#8217;expedix des del Servici de Gesti\u00f3 d&#8217;Estudis i t\u00e9 el mateix valor que el t\u00edtol sol\u00b7licitat als efectes de l&#8217;exercici dels drets inherents al mateix.<\/p>\n<p style=\"text-align: justify\"><strong>2. Procediment d&#8217;expedici\u00f3: <\/strong><\/p>\n<p style=\"text-align: justify\">a) L&#8217;estudiant ha de sol\u00b7licitar en el Centre de Gesti\u00f3 de Campus corresponent o en el Servici de Gesti\u00f3 d&#8217;Estudis (nom\u00e9s per al t\u00edtol de doctor) , l&#8217;expedici\u00f3 del corresponent t\u00edtol oficial.<\/p>\n<p style=\"text-align: justify\">b) Una vegada rebuts els expedients en la Unitat de T\u00edtols del Servici de Gesti\u00f3 d&#8217;Estudis i realitzades les comprovacions oportunes, s&#8217;expedixen les certificacions suplet\u00f2ries que es remeten al domicili que l&#8217;interessat ha indicat en la sol\u00b7licitud del t\u00edtol oficial.<\/p>\n<p style=\"text-align: justify\"><strong>Aclariments o dubtes:<\/strong><\/p>\n<p style=\"text-align: justify\">T&#8217;atenem en <a href=\"mailto:titulos@umh.es\">t\u00edtols@umh.es<\/a><\/p>\n<p><\/p>","protected":false},"excerpt":{"rendered":"<p>1. Concepte:<br \/>\nFins que no es produ\u00efsca l&#8217;efectiva expedici\u00f3 i entrega a l&#8217;interessat del t\u00edtol sol\u00b7licitat, aquell tindr\u00e0 dret des del moment d&#8217;abonar els drets d&#8217;expedici\u00f3 del t\u00edtol, que se li expedisca certificaci\u00f3 que el t\u00edtol sol\u00b7licitat es troba en tr\u00e0mit d&#8217;expedici\u00f3 (certificaci\u00f3 suplet\u00f2ria del t\u00edtol) .<br \/>\nLa certificaci\u00f3 suplet\u00f2ria del t\u00edtol s&#8217;expedix des del Servici [&#8230;]<\/p>\n","protected":false},"author":13,"featured_media":0,"parent":473,"menu_order":30,"comment_status":"closed","ping_status":"open","template":"","meta":{"ngg_post_thumbnail":0,"_links_to":"","_links_to_target":""},"_links":{"self":[{"href":"https:\/\/estudios.umh.es\/ca\/wp-json\/wp\/v2\/pages\/623"}],"collection":[{"href":"https:\/\/estudios.umh.es\/ca\/wp-json\/wp\/v2\/pages"}],"about":[{"href":"https:\/\/estudios.umh.es\/ca\/wp-json\/wp\/v2\/types\/page"}],"author":[{"embeddable":true,"href":"https:\/\/estudios.umh.es\/ca\/wp-json\/wp\/v2\/users\/13"}],"replies":[{"embeddable":true,"href":"https:\/\/estudios.umh.es\/ca\/wp-json\/wp\/v2\/comments?post=623"}],"version-history":[{"count":0,"href":"https:\/\/estudios.umh.es\/ca\/wp-json\/wp\/v2\/pages\/623\/revisions"}],"up":[{"embeddable":true,"href":"https:\/\/estudios.umh.es\/ca\/wp-json\/wp\/v2\/pages\/473"}],"wp:attachment":[{"href":"https:\/\/estudios.umh.es\/ca\/wp-json\/wp\/v2\/media?parent=623"}],"curies":[{"name":"wp","href":"https:\/\/api.w.org\/{rel}","templated":true}]}}