{"id":624,"date":"2014-05-13T16:52:40","date_gmt":"2014-05-13T16:52:40","guid":{"rendered":"http:\/\/estudios.zeus.umh.es\/?page_id=624"},"modified":"2024-06-27T11:12:04","modified_gmt":"2024-06-27T09:12:04","slug":"duplicados","status":"publish","type":"page","link":"https:\/\/estudios.umh.es\/ca\/expedicion-titulos\/expedicion-titulos-oficiales\/duplicados\/","title":{"rendered":"Duplicats de T\u00edtols Oficials"},"content":{"rendered":"<p><\/p>\n<p style=\"text-align: justify\">Els t\u00edtols universitaris oficials s\u00f3n documents p\u00fablics amb validesa en tot el territori nacional i, per aix\u00f2, no podran ser objecte de modificacions, alteracions o esmenes. Si es produ\u00efxen donar\u00e0 lloc a l&#8217;expedici\u00f3 de duplicats pels motius seg\u00fcents:<\/p>\n<ul>\n<li>\n<div style=\"text-align: justify\">Per P\u00e8rdua:<\/div>\n<\/li>\n<\/ul>\n<p style=\"text-align: justify\">La p\u00e8rdua, destrucci\u00f3 o deteriorament, no imputables a la Universitat, d&#8217;un t\u00edtol oficial podr\u00e0 donar lloc a l&#8217;expedici\u00f3 d&#8217;un duplicat, a inst\u00e0ncies de l&#8217;interessat. Ser\u00e0 requisit previ i indispensable la publicaci\u00f3 en el de l&#8217;anunci de la p\u00e8rdua, amb l&#8217;objecte de propiciar, si \u00e9s el cas, les oportunes reclamacions, d&#8217;acord amb l&#8217;article 9.2 de l&#8217;Orde de 8 de juliol de 1988 (BOE n\u00fam. 167 del 13.07.1988).<\/p>\n<ul>\n<li>\n<div style=\"text-align: justify\">Per Altres Causes:<\/div>\n<\/li>\n<\/ul>\n<p style=\"text-align: justify\">Qualsevol alteraci\u00f3 derivada d&#8217;eventuals modificacions que afecten el contingut d&#8217;un t\u00edtol, canvi de nom o de nacionalitat del seu titular, incorporaci\u00f3 premis extraordinaris, etc.., i que haja de reflectir-se en el text del mateix exigir\u00e0 l&#8217;anul\u00b7laci\u00f3 del t\u00edtol original i l&#8217;expedici\u00f3 d&#8217;un duplicat.<\/p>\n<p style=\"text-align: justify\">Procediment en ambd\u00f3s casos:<\/p>\n<p style=\"text-align: justify\"><strong>1. Inici:<\/strong><\/p>\n<p style=\"text-align: justify\">El procediment s&#8217;iniciar\u00e0 omplint la <a href=\"https:\/\/estudios.umh.es\/files\/2014\/05\/instancia-general-expone-y-solicita.pdf\">sol\u00b7licitud<\/a> dirigida al Servici de Gesti\u00f3 d&#8217;Estudis, indicant-se en la mateixa la causa de la sol\u00b7licitud del duplicat i on s&#8217;ha de remetre, si \u00e9s el cas, el rebut per l&#8217;expedici\u00f3 del duplicat. Per a una major rapidesa s&#8217;aconsella usar el correu electr\u00f2nic.<\/p>\n<p style=\"text-align: justify\">La sol\u00b7licitud es presentar\u00e0 en el Registre General de la Universitat o en qualsevol dels Registres Auxiliars dels seus Campus.<\/p>\n<p style=\"text-align: justify\"><strong>2. Tramitaci\u00f3:<\/strong><\/p>\n<p style=\"text-align: justify\">Rebuda la sol\u00b7licitud i verificats les dades es traslladar\u00e0, si \u00e9s el cas, del corresponent rebut per al seu abonament. L&#8217;import de la taxa per expedici\u00f3 del duplicat anir\u00e0 a c\u00e0rrec de l&#8217;interessat quan li siga imputable la causa que va originar la modificaci\u00f3 del text.<\/p>\n<p style=\"text-align: justify\">Posteriorment s&#8217;iniciar\u00e0 el tr\u00e0mit per a l&#8217;expedici\u00f3 del duplicat corresponent.<\/p>\n<p style=\"text-align: justify\"><strong>3. Retirada del duplicat:<\/strong><\/p>\n<p style=\"text-align: justify\">Veure <a href=\"https:\/\/estudios.umh.es\/homologacion-expedicion-titulos\/expedicion-titulos\/titulos-oficiales\/retirada-del-titulo\/\">Retirada de t\u00edtols oficials.<\/a><\/p>\n<p style=\"text-align: justify\"><strong>Aclariments o dubtes:<\/strong><\/p>\n<p style=\"text-align: justify\">T&#8217;atenem en <a href=\"mailto:titulos@umh.es\">titulos\\@umh.es<\/a><\/p>\n<p><\/p>","protected":false},"excerpt":{"rendered":"<p>Els t\u00edtols universitaris oficials s\u00f3n documents p\u00fablics amb validesa en tot el territori nacional i, per aix\u00f2, no podran ser objecte de modificacions, alteracions o esmenes. Si es produ\u00efxen donar\u00e0 lloc a l&#8217;expedici\u00f3 de duplicats pels motius seg\u00fcents:<\/p>\n<p>Per P\u00e8rdua:<\/p>\n<p>La p\u00e8rdua, destrucci\u00f3 o deteriorament, no imputables a la Universitat, d&#8217;un t\u00edtol oficial podr\u00e0 donar lloc a [&#8230;]<\/p>\n","protected":false},"author":13,"featured_media":0,"parent":473,"menu_order":20,"comment_status":"closed","ping_status":"open","template":"","meta":{"ngg_post_thumbnail":0,"_links_to":"","_links_to_target":""},"_links":{"self":[{"href":"https:\/\/estudios.umh.es\/ca\/wp-json\/wp\/v2\/pages\/624"}],"collection":[{"href":"https:\/\/estudios.umh.es\/ca\/wp-json\/wp\/v2\/pages"}],"about":[{"href":"https:\/\/estudios.umh.es\/ca\/wp-json\/wp\/v2\/types\/page"}],"author":[{"embeddable":true,"href":"https:\/\/estudios.umh.es\/ca\/wp-json\/wp\/v2\/users\/13"}],"replies":[{"embeddable":true,"href":"https:\/\/estudios.umh.es\/ca\/wp-json\/wp\/v2\/comments?post=624"}],"version-history":[{"count":0,"href":"https:\/\/estudios.umh.es\/ca\/wp-json\/wp\/v2\/pages\/624\/revisions"}],"up":[{"embeddable":true,"href":"https:\/\/estudios.umh.es\/ca\/wp-json\/wp\/v2\/pages\/473"}],"wp:attachment":[{"href":"https:\/\/estudios.umh.es\/ca\/wp-json\/wp\/v2\/media?parent=624"}],"curies":[{"name":"wp","href":"https:\/\/api.w.org\/{rel}","templated":true}]}}