{"id":628,"date":"2014-05-14T07:16:43","date_gmt":"2014-05-14T07:16:43","guid":{"rendered":"http:\/\/estudios.zeus.umh.es\/?page_id=628"},"modified":"2026-04-14T14:40:56","modified_gmt":"2026-04-14T12:40:56","slug":"mecd","status":"publish","type":"page","link":"https:\/\/estudios.umh.es\/ca\/mecd\/","title":{"rendered":"Ministeri d&#8217;Educaci\u00f3, Formaci\u00f3 Professional i Esports"},"content":{"rendered":"<p><span dir=\"auto\" style=\"vertical-align: inherit\"><span dir=\"auto\" style=\"vertical-align: inherit\"><span dir=\"auto\" style=\"vertical-align: inherit\"><span dir=\"auto\" style=\"vertical-align: inherit\">El Ministeri dEducaci\u00f3, Formaci\u00f3 Professional i Esports convoca beques destinades a aquells alumnes que cursessin estudis universitaris a centres espanyols. Per a ladjudicaci\u00f3 de la beca cal no superar els llindars econ\u00f2mics i complir els requisits acad\u00e8mics establerts a la convocat\u00f2ria. La sol\u00b7licitud s&#8217;emplena <\/span><\/span><\/span><\/span><a href=\"http:\/\/www.educacionyfp.gob.es\/servicios-al-ciudadano\/catalogo\/estudiantes\/becas-ayudas\/para-estudiar\/universidad.html\"><span dir=\"auto\" style=\"vertical-align: inherit\"><span dir=\"auto\" style=\"vertical-align: inherit\"><span dir=\"auto\" style=\"vertical-align: inherit\"><span dir=\"auto\" style=\"vertical-align: inherit\">via telem\u00e0tica<\/span><\/span><\/span><\/span><\/a><span dir=\"auto\" style=\"vertical-align: inherit\"><span dir=\"auto\" style=\"vertical-align: inherit\"><span dir=\"auto\" style=\"vertical-align: inherit\"><span dir=\"auto\" style=\"vertical-align: inherit\"> a trav\u00e9s de la <\/span><\/span><\/span><\/span><a href=\"https:\/\/sede.educacion.gob.es\/portada.html\"><span dir=\"auto\" style=\"vertical-align: inherit\"><span dir=\"auto\" style=\"vertical-align: inherit\"><span dir=\"auto\" style=\"vertical-align: inherit\"><span dir=\"auto\" style=\"vertical-align: inherit\">sede electr\u00f2nica del Ministeri<\/span><\/span><\/span><\/span><\/a><span dir=\"auto\" style=\"vertical-align: inherit\"><span dir=\"auto\" style=\"vertical-align: inherit\"><span dir=\"auto\" style=\"vertical-align: inherit\"><span dir=\"auto\" style=\"vertical-align: inherit\"> . Els beneficiaris poden obtenir diferents components i quanties depenent del nivell de compliment dels requisits abans esmentats. Amb la concessi\u00f3 de la beca com a m\u00ednim gaudireu de l&#8217;exempci\u00f3 de taxa d&#8217;assignatures de primera matr\u00edcula.<\/span><\/span><\/span><\/span><\/p>\n<h3><span dir=\"auto\" style=\"vertical-align: inherit\"><span dir=\"auto\" style=\"vertical-align: inherit\">CURS 2026\/2027<\/span><\/span><\/h3>\n<h3><a href=\"https:\/\/www.becaseducacion.gob.es\/portada.html\"><img loading=\"lazy\" class=\"alignnone size-medium wp-image-19457\" src=\"https:\/\/estudios.umh.es\/files\/2025\/03\/ninowebuniv2-300x129.png\" alt=\"\" width=\"300\" height=\"129\" srcset=\"https:\/\/estudios.umh.es\/files\/2025\/03\/ninowebuniv2-300x129.png 300w, https:\/\/estudios.umh.es\/files\/2025\/03\/ninowebuniv2-1024x439.png 1024w, https:\/\/estudios.umh.es\/files\/2025\/03\/ninowebuniv2-768x329.png 768w, https:\/\/estudios.umh.es\/files\/2025\/03\/ninowebuniv2-1536x659.png 1536w, https:\/\/estudios.umh.es\/files\/2025\/03\/ninowebuniv2-2048x878.png 2048w\" sizes=\"(max-width: 300px) 100vw, 300px\" \/><\/a><\/h3>\n<p><span dir=\"auto\" style=\"vertical-align: inherit\"><span dir=\"auto\" style=\"vertical-align: inherit\">Accediu a tota la informaci\u00f3 de la <\/span><\/span><a href=\"https:\/\/www.educacionfpydeportes.gob.es\/servicios-al-ciudadano\/catalogo\/general\/05\/050130\/ficha\/050130-2026.html\"><span dir=\"auto\" style=\"vertical-align: inherit\"><span dir=\"auto\" style=\"vertical-align: inherit\">convocat\u00f2ria de beques del Ministeri d&#8217;Educaci\u00f3, Formaci\u00f3 Professional i Esports del curs acad\u00e8mic 2026\/2027<\/span><\/span><img src=\"https:\/\/estudios.umh.es\/files\/2021\/11\/abre-en-nueva-ventana.png\" alt=\"(obriu en nova finestra)\"><\/a><\/p>\n<ul>\n<li><a href=\"https:\/\/estudios.umh.es\/files\/2026\/03\/Convocatoria-General-2026_2027-FIRMADA.pdf\"><span dir=\"auto\" style=\"vertical-align: inherit\"><span dir=\"auto\" style=\"vertical-align: inherit\">Convocat\u00f2ria. PDF 858 KB<\/span><\/span><\/a><\/li>\n<li><a href=\"https:\/\/www.boe.es\/boe\/dias\/2026\/03\/25\/pdfs\/BOE-B-2026-9261.pdf\"><span dir=\"auto\" style=\"vertical-align: inherit\"><span dir=\"auto\" style=\"vertical-align: inherit\">Anunci de la convocat\u00f2ria BOE<\/span><\/span><\/a><a href=\"https:\/\/sede.umh.es\/procedimientos\/instancia-general\/\" target=\"_blank\" rel=\"noopener noreferrer\"><img loading=\"lazy\" class=\"alignnone wp-image-31436 size-full\" src=\"https:\/\/estudios.umh.es\/files\/2021\/11\/abre-en-nueva-ventana.png\" alt=\"(obriu en nova finestra)\" width=\"15\" height=\"15\"><\/a><\/li>\n<li><span dir=\"auto\" style=\"vertical-align: inherit\"><span dir=\"auto\" style=\"vertical-align: inherit\">Termini de sol\u00b7licitud: Del 7 d&#8217;abril del 202, a les 8,00, hora peninsular, fins al 18 de maig del 2026, a les 15,00, hora peninsular, ambd\u00f3s inclosos.<\/span><\/span><\/li>\n<li><span dir=\"auto\" style=\"vertical-align: inherit\"><span dir=\"auto\" style=\"vertical-align: inherit\">Si cal aportar documentaci\u00f3 addicional, aquesta s&#8217;ha de presentar a trav\u00e9s de la <\/span><\/span><a href=\"https:\/\/sede.umh.es\/procedimientos\/instancia-general\/\" target=\"_blank\" rel=\"noopener noreferrer\"><span dir=\"auto\" style=\"vertical-align: inherit\"><span dir=\"auto\" style=\"vertical-align: inherit\">seu electr\u00f2nica de la UMH<\/span><\/span><img loading=\"lazy\" class=\"alignnone wp-image-31436 size-full\" src=\"https:\/\/estudios.umh.es\/files\/2021\/11\/abre-en-nueva-ventana.png\" alt=\"(obriu en nova finestra)\" width=\"15\" height=\"15\"><\/a><span dir=\"auto\" style=\"vertical-align: inherit\"><span dir=\"auto\" style=\"vertical-align: inherit\"> , mitjan\u00e7ant inst\u00e0ncia general adre\u00e7ada al Servei de Gesti\u00f3 d&#8217;Estudis.<\/span><\/span><\/li>\n<li><span dir=\"auto\" style=\"vertical-align: inherit\"><span dir=\"auto\" style=\"vertical-align: inherit\">Si no esteu d&#8217;acord amb la resoluci\u00f3 provisional, podeu presentar al\u00b7legacions a la vostra Unitat de Beques, sempre que ho feu en termini:&nbsp; <\/span><\/span><a href=\"https:\/\/www.educacionfpydeportes.gob.es\/dam\/jcr:91d624c2-c88e-4259-9502-a8a2045f3f96\/alegaciones-rellenable-2025-26.pdf\"><span dir=\"auto\" style=\"vertical-align: inherit\"><span dir=\"auto\" style=\"vertical-align: inherit\">Impr\u00e8s d&#8217;al\u00b7legacions<\/span><\/span><\/a><span dir=\"auto\" style=\"vertical-align: inherit\"><span dir=\"auto\" style=\"vertical-align: inherit\"> , l&#8217;impr\u00e8s s&#8217;ha de presentar a trav\u00e9s de la <\/span><\/span><a href=\"https:\/\/sede.umh.es\/procedimientos\/instancia-general\/\" target=\"_blank\" rel=\"noopener noreferrer\"><span dir=\"auto\" style=\"vertical-align: inherit\"><span dir=\"auto\" style=\"vertical-align: inherit\">seu electr\u00f2nica de la UMH<\/span><\/span><img loading=\"lazy\" class=\"alignnone wp-image-31436 size-full\" src=\"https:\/\/estudios.umh.es\/files\/2021\/11\/abre-en-nueva-ventana.png\" alt=\"(obriu en nova finestra)\" width=\"15\" height=\"15\"><\/a><span dir=\"auto\" style=\"vertical-align: inherit\"><span dir=\"auto\" style=\"vertical-align: inherit\"> , mitjan\u00e7ant inst\u00e0ncia general adre\u00e7ada al Servei de Gesti\u00f3 d&#8217;Estudis.<\/span><\/span><\/li>\n<\/ul>\n<h3>&nbsp;<\/h3>\n<h3><span dir=\"auto\" style=\"vertical-align: inherit\"><span dir=\"auto\" style=\"vertical-align: inherit\">CURS 2025\/2026<\/span><\/span><\/h3>\n<p><span dir=\"auto\" style=\"vertical-align: inherit\"><span dir=\"auto\" style=\"vertical-align: inherit\">Accediu a tota la informaci\u00f3 de la <\/span><\/span><a href=\"https:\/\/www.educacionfpydeportes.gob.es\/servicios-al-ciudadano\/catalogo\/general\/05\/050130\/ficha\/050130-2025.html\"><span dir=\"auto\" style=\"vertical-align: inherit\"><span dir=\"auto\" style=\"vertical-align: inherit\">convocat\u00f2ria de beques del Ministeri d&#8217;Educaci\u00f3, Formaci\u00f3 Professional i Esports del curs acad\u00e8mic 2025\/2026<\/span><\/span><img src=\"https:\/\/estudios.umh.es\/files\/2021\/11\/abre-en-nueva-ventana.png\" alt=\"(obriu en nova finestra)\"><\/a><\/p>\n<ul>\n<li><a href=\"https:\/\/estudios.umh.es\/files\/2025\/03\/Convocatoria-General-2025_2026-2.pdf\"><span dir=\"auto\" style=\"vertical-align: inherit\"><span dir=\"auto\" style=\"vertical-align: inherit\">Convocat\u00f2ria. PDF 580 KB<\/span><\/span><\/a><\/li>\n<li><a href=\"https:\/\/www.boe.es\/diario_boe\/txt.php?id=BOE-B-2025-10203\"><span dir=\"auto\" style=\"vertical-align: inherit\"><span dir=\"auto\" style=\"vertical-align: inherit\">Anunci de la convocat\u00f2ria BOE<\/span><\/span><\/a><a href=\"https:\/\/sede.umh.es\/procedimientos\/instancia-general\/\" target=\"_blank\" rel=\"noopener noreferrer\"><img loading=\"lazy\" class=\"alignnone wp-image-31436 size-full\" src=\"https:\/\/estudios.umh.es\/files\/2021\/11\/abre-en-nueva-ventana.png\" alt=\"(obriu en nova finestra)\" width=\"15\" height=\"15\"><\/a><\/li>\n<li><a href=\"https:\/\/www.educacionfpydeportes.gob.es\/dam\/jcr:773cd2ae-c9d8-4f63-b61b-b27a4d0e7eab\/miguel-hernandez.pdf\"><span dir=\"auto\" style=\"vertical-align: inherit\"><span dir=\"auto\" style=\"vertical-align: inherit\">Resoluci\u00f3 definitiva. 1.692 KB. PDF<\/span><\/span><\/a><\/li>\n<li><span dir=\"auto\" style=\"vertical-align: inherit\"><span dir=\"auto\" style=\"vertical-align: inherit\">Termini de recurs: Del 14 d&#8217;abril fins al 13 de maig del 2026, ambd\u00f3s dies inclusivament.&nbsp;<\/span><\/span><\/li>\n<li><span dir=\"auto\" style=\"vertical-align: inherit\"><span dir=\"auto\" style=\"vertical-align: inherit\">Procediment per rec\u00f3rrer la resoluci\u00f3 definitiva de concessi\u00f3: Has d&#8217;emplenar i signar l&#8217; <\/span><\/span><a href=\"https:\/\/www.educacionfpydeportes.gob.es\/dam\/jcr:a483be3d-19ff-44c9-a202-92e13f712cda\/recurso-rellenable-completo-dpd-mar26.pdf\"><span dir=\"auto\" style=\"vertical-align: inherit\"><span dir=\"auto\" style=\"vertical-align: inherit\">impr\u00e8s de recurs,<\/span><\/span><\/a><span dir=\"auto\" style=\"vertical-align: inherit\"><span dir=\"auto\" style=\"vertical-align: inherit\"> &nbsp; l&#8217;impr\u00e8s s&#8217;ha de presentar a trav\u00e9s de la <\/span><\/span><a href=\"https:\/\/sede.umh.es\/procedimientos\/instancia-general\/\" target=\"_blank\" rel=\"noopener noreferrer\"><span dir=\"auto\" style=\"vertical-align: inherit\"><span dir=\"auto\" style=\"vertical-align: inherit\">seu electr\u00f2nica de la UMH<\/span><\/span><img loading=\"lazy\" class=\"alignnone wp-image-31436 size-full\" src=\"https:\/\/estudios.umh.es\/files\/2021\/11\/abre-en-nueva-ventana.png\" alt=\"(obriu en nova finestra)\" width=\"15\" height=\"15\"><\/a><span dir=\"auto\" style=\"vertical-align: inherit\"><span dir=\"auto\" style=\"vertical-align: inherit\"> , mitjan\u00e7ant inst\u00e0ncia general adre\u00e7ada al Servei de Gesti\u00f3 d&#8217;Estudis.<\/span><\/span><\/li>\n<\/ul>\n<p><a href=\"https:\/\/estudios.umh.es\/preguntas-frecuentes-becas-ministerio-de-educacion-y-formacion-profesional\/\"><img loading=\"lazy\" class=\"wp-image-19014 alignleft\" src=\"https:\/\/estudios.umh.es\/files\/2025\/02\/FAQ-2-1-300x300.jpg\" alt=\"\" width=\"95\" height=\"95\" srcset=\"https:\/\/estudios.umh.es\/files\/2025\/02\/FAQ-2-1-300x300.jpg 300w, https:\/\/estudios.umh.es\/files\/2025\/02\/FAQ-2-1-150x150.jpg 150w, https:\/\/estudios.umh.es\/files\/2025\/02\/FAQ-2-1.jpg 500w\" sizes=\"(max-width: 95px) 100vw, 95px\" \/><\/a><\/p>\n<p>&nbsp;<\/p>\n<p><a href=\"https:\/\/estudios.umh.es\/beca-ministerio-anos-anteriores\/\"><span dir=\"auto\" style=\"vertical-align: inherit\"><span dir=\"auto\" style=\"vertical-align: inherit\">Consulta la convocat\u00f2ria d\u00b4anys anteriors<\/span><\/span><\/a><\/p>","protected":false},"excerpt":{"rendered":"<p>El Ministeri dEducaci\u00f3, Formaci\u00f3 Professional i Esports convoca beques destinades a aquells alumnes que cursessin estudis universitaris a centres espanyols. Per a ladjudicaci\u00f3 de la beca cal no superar els llindars econ\u00f2mics i complir els requisits acad\u00e8mics establerts a la convocat\u00f2ria. La sol\u00b7licitud s&#8217;emplena via telem\u00e0tica a trav\u00e9s de la sede electr\u00f2nica del Ministeri . [&#8230;]<\/p>\n","protected":false},"author":13,"featured_media":0,"parent":0,"menu_order":10,"comment_status":"closed","ping_status":"open","template":"","meta":{"ngg_post_thumbnail":0,"_links_to":"","_links_to_target":""},"_links":{"self":[{"href":"https:\/\/estudios.umh.es\/ca\/wp-json\/wp\/v2\/pages\/628"}],"collection":[{"href":"https:\/\/estudios.umh.es\/ca\/wp-json\/wp\/v2\/pages"}],"about":[{"href":"https:\/\/estudios.umh.es\/ca\/wp-json\/wp\/v2\/types\/page"}],"author":[{"embeddable":true,"href":"https:\/\/estudios.umh.es\/ca\/wp-json\/wp\/v2\/users\/13"}],"replies":[{"embeddable":true,"href":"https:\/\/estudios.umh.es\/ca\/wp-json\/wp\/v2\/comments?post=628"}],"version-history":[{"count":0,"href":"https:\/\/estudios.umh.es\/ca\/wp-json\/wp\/v2\/pages\/628\/revisions"}],"wp:attachment":[{"href":"https:\/\/estudios.umh.es\/ca\/wp-json\/wp\/v2\/media?parent=628"}],"curies":[{"name":"wp","href":"https:\/\/api.w.org\/{rel}","templated":true}]}}