{"id":635,"date":"2014-05-14T08:09:19","date_gmt":"2014-05-14T08:09:19","guid":{"rendered":"http:\/\/estudios.zeus.umh.es\/?page_id=635"},"modified":"2026-04-27T14:52:58","modified_gmt":"2026-04-27T12:52:58","slug":"colaboracion-umh","status":"publish","type":"page","link":"https:\/\/estudios.umh.es\/ca\/colaboracion-umh\/","title":{"rendered":"BEQUES PER A L&#8217;ATENCI\u00d3 A L&#8217;ESTUDIANT I ORIENTACI\u00d3 UNIVERSIT\u00c0RIA (AEIOU)"},"content":{"rendered":"<p><\/p>\n<h3><strong><span dir=\"auto\" style=\"vertical-align: inherit\"><span dir=\"auto\" style=\"vertical-align: inherit\">BEQUES PER A L&#8217;ATENCI\u00d3 A L&#8217;ESTUDIANT I ORIENTACI\u00d3 UNIVERSIT\u00c0RIA (AEIOU)<\/span><\/span><\/strong><\/h3>\n<p><span dir=\"auto\" style=\"vertical-align: inherit\"><span dir=\"auto\" style=\"vertical-align: inherit\">L&#8217;objecte d&#8217;aquesta convocat\u00f2ria \u00e9s promoure la iniciaci\u00f3 de tasques de formaci\u00f3, mitjan\u00e7ant la realitzaci\u00f3 de tasques d&#8217;atenci\u00f3 i orientaci\u00f3 a l&#8217;estudiantat que cursa estudis a la Universitat Miguel Hern\u00e1ndez d&#8217;Elx per tal de proporcionar-los la informaci\u00f3 que resulti del seu inter\u00e8s per a la formaci\u00f3 acad\u00e8mica i el desenvolupament professional posterior. <\/span><\/span><br \/>\n<span dir=\"auto\" style=\"vertical-align: inherit\"><span dir=\"auto\" style=\"vertical-align: inherit\">Entre altres activitats, les persones benefici\u00e0ries hauran de servir en aquelles iniciatives o activitats realitzades a les delegacions de centre oa la Delegaci\u00f3 General d&#8217;Estudiants, aix\u00ed com suport a les visites guiades als campus, xerrades informatives, fires d&#8217;educaci\u00f3 adre\u00e7ades als centres de secund\u00e0ria i en la informaci\u00f3 i orientaci\u00f3 a estudiants sobre plans d&#8217;estudis, elecci\u00f3 d&#8217;assignatures optatives, complements i activitats esportives, seminaris, jornades o congressos, possibilitat de pr\u00e0ctiques a empreses, allotjament. <\/span><\/span><br \/>\n<span dir=\"auto\" style=\"vertical-align: inherit\"><span dir=\"auto\" style=\"vertical-align: inherit\">Aix\u00ed mateix, i en virtut de l&#8217;objecte de la convocat\u00f2ria, a fi que la tasca de suport al punt d&#8217;atenci\u00f3 a l&#8217;estudiantat es desenvolupi d&#8217;una forma m\u00e9s efica\u00e7, les persones benefici\u00e0ries podran localitzar-se en punts d&#8217;atenci\u00f3 a l&#8217;estudiantat, quan siguin requerits per a aix\u00f2, sempre previ av\u00eds i autoritzaci\u00f3 de la delegaci\u00f3 de centre corresponent o si no n&#8217;hi ha d&#8217;altres col\u00b7laboradors amb altres organitzades amb altres la universitat, comptant-se aquesta dedicaci\u00f3 dins del complint els seus horaris i tasques.<\/span><\/span><\/p>\n<h3><span dir=\"auto\" style=\"vertical-align: inherit\"><span dir=\"auto\" style=\"vertical-align: inherit\">CURS 2025\/2026<\/span><\/span><\/h3>\n<ul>\n<li><a href=\"https:\/\/boumh.umh.es\/files\/2026\/04\/RR_00918_2026.pdf\"><span dir=\"auto\" style=\"vertical-align: inherit\"><span dir=\"auto\" style=\"vertical-align: inherit\">Resoluci\u00f3 rectoral de la Universitat Miguel Hern\u00e1ndez d&#8217;Elx per la qual es convoquen les beques al Marc del Programa de Suport a l&#8217;Estudiant i Orientaci\u00f3 Universit\u00e0ria (AEIOU)<\/span><\/span><\/a><\/li>\n<li><a href=\"https:\/\/dogv.gva.es\/datos\/2026\/04\/27\/pdf\/2026_11964_es.pdf\"><span dir=\"auto\" style=\"vertical-align: inherit\"><span dir=\"auto\" style=\"vertical-align: inherit\">Publicaci\u00f3 DOGV<\/span><\/span><\/a><\/li>\n<li><span dir=\"auto\" style=\"vertical-align: inherit\"><span dir=\"auto\" style=\"vertical-align: inherit\">Termini de presentaci\u00f3 de sol\u00b7licituds: Del 28 d&#8217;abril al 12 de maig del 2026.&nbsp;<\/span><\/span><\/li>\n<li><span dir=\"auto\" style=\"vertical-align: inherit\"><span dir=\"auto\" style=\"vertical-align: inherit\">Procediment de presentaci\u00f3 de sol\u00b7licituds:&nbsp;<\/span><\/span>\n<ul>\n<li><span dir=\"auto\" style=\"vertical-align: inherit\"><span dir=\"auto\" style=\"vertical-align: inherit\">La sol\u00b7licitud es presenta a trav\u00e9s del registre electr\u00f2nic de la Seu electr\u00f2nica de la UMH, fent \u00fas del vostre certificat electr\u00f2nic o del vostre compte d&#8217;usuari UMH. Per aix\u00f2 ha d&#8217;accedir al tr\u00e0mit Beques, Ajuts d&#8217;Estudi-Propies, que es troba disponible al seg\u00fcent&nbsp; <\/span><\/span><a href=\"https:\/\/sede.umh.es\/procedimientos\/becas-ayudas-de-estudio-propias\/\"><span dir=\"auto\" style=\"vertical-align: inherit\"><span dir=\"auto\" style=\"vertical-align: inherit\">enlla\u00e7<\/span><\/span><\/a><\/li>\n<\/ul>\n<\/li>\n<\/ul>\n<p><a href=\"https:\/\/estudios.umh.es\/beca-de-colaboracion-convocatorias-anteriores\/\"><span dir=\"auto\" style=\"vertical-align: inherit\"><span dir=\"auto\" style=\"vertical-align: inherit\">Consulta anys anteriors<\/span><\/span><\/a><\/p>\n<p>&nbsp;<\/p>","protected":false},"excerpt":{"rendered":"<p>BEQUES PER A L&#8217;ATENCI\u00d3 A L&#8217;ESTUDIANT I ORIENTACI\u00d3 UNIVERSIT\u00c0RIA (AEIOU)<br \/>\nL&#8217;objecte d&#8217;aquesta convocat\u00f2ria \u00e9s promoure la iniciaci\u00f3 de tasques de formaci\u00f3, mitjan\u00e7ant la realitzaci\u00f3 de tasques d&#8217;atenci\u00f3 i orientaci\u00f3 a l&#8217;estudiantat que cursa estudis a la Universitat Miguel Hern\u00e1ndez d&#8217;Elx per tal de proporcionar-los la informaci\u00f3 que resulti del seu inter\u00e8s per a la formaci\u00f3 acad\u00e8mica [&#8230;]<\/p>\n","protected":false},"author":54,"featured_media":0,"parent":0,"menu_order":40,"comment_status":"closed","ping_status":"open","template":"","meta":{"ngg_post_thumbnail":0,"_links_to":"","_links_to_target":""},"_links":{"self":[{"href":"https:\/\/estudios.umh.es\/ca\/wp-json\/wp\/v2\/pages\/635"}],"collection":[{"href":"https:\/\/estudios.umh.es\/ca\/wp-json\/wp\/v2\/pages"}],"about":[{"href":"https:\/\/estudios.umh.es\/ca\/wp-json\/wp\/v2\/types\/page"}],"author":[{"embeddable":true,"href":"https:\/\/estudios.umh.es\/ca\/wp-json\/wp\/v2\/users\/54"}],"replies":[{"embeddable":true,"href":"https:\/\/estudios.umh.es\/ca\/wp-json\/wp\/v2\/comments?post=635"}],"version-history":[{"count":0,"href":"https:\/\/estudios.umh.es\/ca\/wp-json\/wp\/v2\/pages\/635\/revisions"}],"wp:attachment":[{"href":"https:\/\/estudios.umh.es\/ca\/wp-json\/wp\/v2\/media?parent=635"}],"curies":[{"name":"wp","href":"https:\/\/api.w.org\/{rel}","templated":true}]}}