{"id":636,"date":"2014-05-14T08:10:43","date_gmt":"2014-05-14T08:10:43","guid":{"rendered":"http:\/\/estudios.zeus.umh.es\/?page_id=636"},"modified":"2025-02-19T11:34:40","modified_gmt":"2025-02-19T10:34:40","slug":"otras-becas-umh","status":"publish","type":"page","link":"https:\/\/estudios.umh.es\/ca\/otras-becas-umh\/","title":{"rendered":"Altres beques UMH"},"content":{"rendered":"<p><strong>Beques i ajudes a esportistes UMH d&#8217;alt nivell<\/strong><\/p>\n<ul>\n<li><a href=\"https:\/\/registro.umh.es\/files\/2016\/05\/RE_2016_001_6211.pdf\">Convocat\u00f2ria<\/a><\/li>\n<\/ul>\n<p><strong>Beques del programa Science Bootcamp 2016<\/strong><\/p>\n<ul>\n<li><a href=\"https:\/\/registro.umh.es\/files\/2016\/05\/RE_2016_001_5155.pdf\">Convocat\u00f2ria<\/a><\/li>\n<\/ul>\n<p><strong>Beques especials a estudiants amb discapacitat i estudiant col\u00b7laborador per a la inclusi\u00f3 de persones amb discapacitat, en la Universitat Miguel Hern\u00e1ndez d&#8217;Elx &#8211; Curs 2015-2016<\/strong><\/p>\n<ul>\n<li><a href=\"https:\/\/registro.umh.es\/files\/2016\/03\/RE_2016_001_3344.pdf\">Convocat\u00f2ria<\/a><\/li>\n<li><a href=\"https:\/\/registro.umh.es\/files\/2016\/03\/RE_2016_001_4575.pdf\">Llistat provisional d&#8217;admesos i exclosos<\/a><\/li>\n<li><a href=\"https:\/\/registro.umh.es\/files\/2016\/04\/RE_2016_001_5802.pdf\">Llistat definitiu proposada de concessi\u00f3<\/a><\/li>\n<\/ul>\n<p><strong>Beques per a Atenci\u00f3 a l&#8217;Estudiant i Orientaci\u00f3 Universit\u00e0ria (AEIOU)<\/strong><\/p>\n<ul>\n<li><a href=\"https:\/\/registro.umh.es\/files\/2016\/03\/RE_2016_001_3192.pdf\">Convocat\u00f2ria<\/a> <strong>(Les proves es realitzaran el 13 d&#8217;abril de 2016)<\/strong><\/li>\n<li><a href=\"https:\/\/registro.umh.es\/files\/2016\/03\/RE_2016_001_3954.pdf\">Correcci\u00f3 d&#8217;errors<\/a><\/li>\n<li><a href=\"https:\/\/registro.umh.es\/files\/2016\/01\/RE_2016_001_4610.pdf\">Llistat definitiu proposada de concessi\u00f3<\/a><\/li>\n<li><a href=\"https:\/\/registro.umh.es\/files\/2016\/04\/RE_2016_001_4920.pdf\">Nomenament<\/a><\/li>\n<li><a href=\"https:\/\/registro.umh.es\/files\/2016\/04\/RE_2016_001_5697.pdf\">Revocaci\u00f3<\/a><\/li>\n<\/ul>\n<p><strong>Convocat\u00f2ria programa HELPer i beques per a estudiant tutor<\/strong><\/p>\n<ul>\n<li><a href=\"https:\/\/registro.umh.es\/files\/2016\/03\/RE_2016_001_2646.pdf\">Covocat\u00f2ria<\/a><\/li>\n<li><a href=\"https:\/\/estudios.umh.es\/atencion-al-estudiante\/helper\/\">Informaci\u00f3 addicional<\/a><\/li>\n<li><a href=\"https:\/\/registro.umh.es\/files\/2016\/03\/RE_2016_001_3623.pdf\">Llistado provisional d&#8217;admesos i exclosos<\/a><\/li>\n<li><a href=\"https:\/\/registro.umh.es\/files\/2016\/03\/RE_2016_001_4067.pdf\">Correcci\u00f3 d&#8217;errors<\/a><\/li>\n<li><a href=\"https:\/\/registro.umh.es\/files\/2016\/04\/RE_2016_001_5576.pdf\">Llistado definitiu proposada\u00a0de concessi\u00f3<\/a><\/li>\n<li><a href=\"https:\/\/registro.umh.es\/files\/2016\/05\/RE_2016_001_6209.pdf\">Nomenament<\/a><\/li>\n<\/ul>\n<p><strong>Ajudes destinades a la realitzaci\u00f3 de pr\u00e0ctiques en activitats de foment de la recerca en els Departaments i Instituts Universitaris de la Universitat Miguel Hern\u00e1ndez d&#8217;Elx<\/strong><\/p>\n<ul>\n<li><a href=\"https:\/\/registro.umh.es\/files\/2016\/02\/RE_2016_001_2149.pdf\">Convocat\u00f2ria<\/a><\/li>\n<li><a href=\"https:\/\/registro.umh.es\/files\/2016\/02\/RE_2016_001_3193.pdf\">Llistat provisional d&#8217;admesos i exclosos<\/a><\/li>\n<li><a href=\"https:\/\/registro.umh.es\/files\/2016\/03\/RE_2016_001_3345.pdf\">Correcci\u00f3 d&#8217;errors<\/a><\/li>\n<li><a href=\"https:\/\/registro.umh.es\/files\/2016\/03\/RE_2016_001_4127.pdf\">Llistat definitiu proposada de concessi\u00f3<\/a><\/li>\n<li><a href=\"https:\/\/registro.umh.es\/files\/2016\/04\/RE_2016_001_4643.pdf\">Nomenament<\/a><\/li>\n<li><a href=\"https:\/\/registro.umh.es\/files\/2016\/04\/RE_2016_001_4921.pdf\">Correcci\u00f3 d&#8217;errors<\/a><\/li>\n<li><a href=\"https:\/\/registro.umh.es\/files\/2016\/04\/RE_2016_001_4923.pdf\">Revocaci\u00f3<\/a><\/li>\n<\/ul>\n<p><strong>Beques per a monitors de la II Fira de la Ci\u00e8ncia i la Tecnologia a Elx<\/strong><\/p>\n<ul>\n<li><a href=\"https:\/\/registro.umh.es\/files\/2016\/02\/RE_2016_001_1184.pdf\">Convocat\u00f2ria<\/a><\/li>\n<li><a href=\"https:\/\/registro.umh.es\/files\/2016\/02\/RE_2016_001_3455.pdf\">Llistat definitiu proposada\u00a0de concessi\u00f3<\/a><\/li>\n<li><a href=\"https:\/\/registro.umh.es\/files\/2016\/03\/RE_2016_001_4064.pdf\">Nomenament<\/a><\/li>\n<li><a href=\"https:\/\/registro.umh.es\/files\/2016\/04\/RE_2016_001_4509.pdf\">Revocaci\u00f3<\/a><\/li>\n<\/ul>\n<p><strong>Beques de menjador per a estudiants<\/strong><\/p>\n<ul>\n<li><a href=\"https:\/\/registro.umh.es\/files\/2016\/01\/RE_2016_001_799.pdf\">Convocat\u00f2ria<\/a><\/li>\n<li><a href=\"https:\/\/registro.umh.es\/files\/2016\/01\/RE_2016_001_2148.pdf\">Llistat provisional<\/a><\/li>\n<li><a href=\"https:\/\/registro.umh.es\/files\/2016\/02\/RE_2016_001_2449.pdf\">Llistat definitiu<\/a><\/li>\n<\/ul>\n<p><strong>Estudiant Assessor &#8211; Curse 2015\/2016 (segon semestre)<\/strong><\/p>\n<ul>\n<li><a href=\"https:\/\/registro.umh.es\/files\/2016\/01\/RE_2015_001_759.pdf\">Convocat\u00f2ria<\/a><\/li>\n<li><a href=\"https:\/\/registro.umh.es\/files\/2016\/01\/RE_2016_001_2063.pdf\">Llistat provisional d&#8217;admesos i exclosos<\/a><\/li>\n<li><a href=\"https:\/\/registro.umh.es\/files\/2016\/02\/RE_2016_001_3276.pdf\">Llistat definitiu\u00a0proposada\u00a0de concessi\u00f3<\/a><\/li>\n<li><a href=\"https:\/\/registro.umh.es\/files\/2016\/03\/RE_2016_001_4066.pdf\">Nomenament<\/a><\/li>\n<li><a href=\"https:\/\/registro.umh.es\/files\/2016\/03\/RE_2016_001_4243.pdf\">Revocaci\u00f3<\/a><\/li>\n<li><a href=\"https:\/\/registro.umh.es\/files\/2016\/04\/RE_2016_001_5696.pdf\">Revocaci\u00f3<\/a><\/li>\n<\/ul>\n<p><strong>Beca per a la realitzaci\u00f3 de treballs de contingut gr\u00e0fic i manteniment de recursos d&#8217;informaci\u00f3 multim\u00e8dia per a la projecci\u00f3 de les activitats del Vicerectorat d&#8217;Investigacion, Estudiants i Esports<\/strong><\/p>\n<ul>\n<li><a href=\"https:\/\/registro.umh.es\/files\/2015\/11\/RE16627.pdf\">Convocat\u00f2ria<\/a><\/li>\n<li><a href=\"https:\/\/registro.umh.es\/files\/2015\/11\/RE17167.pdf\">Llistat\u00a0provisional d&#8217;admesos i\u00a0exclosos<\/a><\/li>\n<li><a href=\"https:\/\/registro.umh.es\/files\/2015\/12\/RE_2015_001_17484.pdf\">Llistat definitiu\u00a0proposada de concesi\u00f3<\/a><\/li>\n<li><a href=\"https:\/\/registro.umh.es\/files\/2015\/12\/RE18105.pdf\">Nomenament<\/a><\/li>\n<\/ul>\n<p><strong>Beques especials a estudiants de nou ingr\u00e9s amb discapacitat i estudiant col\u00b7laborador per a la inclusi\u00f3 de persones amb discapacitat, en la Universitat Miguel Hern\u00e1ndez d&#8217;Elx &#8211; Curse 2015-2016<\/strong><\/p>\n<ul>\n<li><a href=\"https:\/\/registro.umh.es\/files\/2015\/10\/RE_2015_001_15112.pdf\">Convocat\u00f2ria<\/a><\/li>\n<li><a href=\"https:\/\/registro.umh.es\/files\/2015\/11\/RE16740.pdf\">Llistat provisional d&#8217;admesos\u00a0i exclosos<\/a><\/li>\n<li><a href=\"https:\/\/registro.umh.es\/files\/2015\/11\/RE17297.pdf\">Llistat definitiu proposada de concessi\u00f3<\/a><\/li>\n<li><a href=\"https:\/\/registro.umh.es\/files\/2015\/12\/RE17879.pdf\">Nomenament<\/a><\/li>\n<\/ul>\n<p><strong>Beca estudiant assessor &#8211; Curse 2015-2016<br \/>\n<\/strong><\/p>\n<ul>\n<li><a href=\"https:\/\/registro.umh.es\/files\/2015\/09\/RE_2015_001_14053.pdf\">Convocat\u00f2ria<\/a><\/li>\n<li><a href=\"https:\/\/registro.umh.es\/files\/2015\/09\/RE_2015_001_15369.pdf\">Llistat provisional d&#8217;admesos i\u00a0exclosos<\/a><\/li>\n<li><a href=\"https:\/\/registro.umh.es\/files\/2015\/10\/RE_20015_001_16553.pdf\">Llistat definitiu proposada de concessi\u00f3<\/a><\/li>\n<li><a href=\"https:\/\/registro.umh.es\/files\/2015\/11\/RE_2015_001_17030.pdf\">Nomenament<\/a><\/li>\n<li><a href=\"https:\/\/registro.umh.es\/files\/2015\/11\/RE_2016_001_3172.pdf\">Revocaci\u00f3<\/a><\/li>\n<li><a href=\"https:\/\/registro.umh.es\/files\/2016\/03\/RE_2016_001_3404.pdf\">Revocaci\u00f3<\/a><\/li>\n<li><a href=\"https:\/\/registro.umh.es\/files\/2016\/04\/RE_2016_001_4922.pdf\">Revocaci\u00f3<\/a><\/li>\n<\/ul>\n<p><strong>Ajudes a estudiants de batxillerat i cicles formatius de grau superior amb un curr\u00edculum esportiu excel\u00b7lent, dins del programa UMH-Promeses esportives de la Universitat Miguel Hern\u00e1ndez<br \/>\n<\/strong><\/p>\n<ul>\n<li><a href=\"https:\/\/registro.umh.es\/files\/2015\/09\/13842-15.pdf\">Convocat\u00f2ria<\/a><\/li>\n<li><a href=\"https:\/\/registro.umh.es\/files\/2015\/09\/RE16634.pdf\">Llistat provisional d&#8217;admesos\u00a0i exclosos<\/a><\/li>\n<li><a href=\"https:\/\/registro.umh.es\/files\/2015\/12\/RE17951.pdf\">Llistat definitiu proposada de concessi\u00f3<\/a><\/li>\n<\/ul>\n<p><strong>\u00a0<\/strong><\/p>\n<p><strong>\u00a0<\/strong><span data-mce-type=\"bookmark\" style=\"width: 0px;overflow: hidden;line-height: 0\" class=\"mce_SELRES_start\">\ufeff<\/span><span data-mce-type=\"bookmark\" style=\"width: 0px;overflow: hidden;line-height: 0\" class=\"mce_SELRES_start\">\ufeff<\/span><span data-mce-type=\"bookmark\" style=\"width: 0px;overflow: hidden;line-height: 0\" class=\"mce_SELRES_start\">\ufeff<\/span><span data-mce-type=\"bookmark\" style=\"width: 0px;overflow: hidden;line-height: 0\" class=\"mce_SELRES_start\">\ufeff<\/span><span data-mce-type=\"bookmark\" style=\"width: 0px;overflow: hidden;line-height: 0\" class=\"mce_SELRES_start\">\ufeff<\/span><span data-mce-type=\"bookmark\" style=\"width: 0px;overflow: hidden;line-height: 0\" class=\"mce_SELRES_start\">\ufeff<\/span><span data-mce-type=\"bookmark\" style=\"width: 0px;overflow: hidden;line-height: 0\" class=\"mce_SELRES_start\">\ufeff<\/span><span data-mce-type=\"bookmark\" style=\"width: 0px;overflow: hidden;line-height: 0\" class=\"mce_SELRES_start\">\ufeff<\/span><span data-mce-type=\"bookmark\" style=\"width: 0px;overflow: hidden;line-height: 0\" class=\"mce_SELRES_start\">\ufeff<\/span><span data-mce-type=\"bookmark\" style=\"width: 0px;overflow: hidden;line-height: 0\" class=\"mce_SELRES_start\">\ufeff<\/span><span data-mce-type=\"bookmark\" style=\"width: 0px;overflow: hidden;line-height: 0\" class=\"mce_SELRES_start\">\ufeff<\/span><span data-mce-type=\"bookmark\" style=\"width: 0px;overflow: hidden;line-height: 0\" class=\"mce_SELRES_start\">\ufeff<\/span><span data-mce-type=\"bookmark\" style=\"width: 0px;overflow: hidden;line-height: 0\" class=\"mce_SELRES_start\">\ufeff<\/span><span data-mce-type=\"bookmark\" style=\"width: 0px;overflow: hidden;line-height: 0\" class=\"mce_SELRES_start\">\ufeff<\/span><span data-mce-type=\"bookmark\" style=\"width: 0px;overflow: hidden;line-height: 0\" class=\"mce_SELRES_start\">\ufeff<\/span><span data-mce-type=\"bookmark\" style=\"width: 0px;overflow: hidden;line-height: 0\" class=\"mce_SELRES_start\">\ufeff<\/span><span data-mce-type=\"bookmark\" style=\"width: 0px;overflow: hidden;line-height: 0\" class=\"mce_SELRES_start\">\ufeff<\/span><span data-mce-type=\"bookmark\" style=\"width: 0px;overflow: hidden;line-height: 0\" class=\"mce_SELRES_start\">\ufeff<\/span><\/p>","protected":false},"excerpt":{"rendered":"<p>Beques i ajudes a esportistes UMH d&#8217;alt nivell<\/p>\n<p>Convocat\u00f2ria<\/p>\n<p>Beques del programa Science Bootcamp 2016<\/p>\n<p>Convocat\u00f2ria<\/p>\n<p>Beques especials a estudiants amb discapacitat i estudiant col\u00b7laborador per a la inclusi\u00f3 de persones amb discapacitat, en la Universitat Miguel Hern\u00e1ndez d&#8217;Elx &#8211; Curs 2015-2016<\/p>\n<p>Convocat\u00f2ria<br \/>\nLlistat provisional d&#8217;admesos i exclosos<br \/>\nLlistat definitiu proposada de concessi\u00f3<\/p>\n<p>Beques per a Atenci\u00f3 a l&#8217;Estudiant i Orientaci\u00f3 Universit\u00e0ria (AEIOU)<\/p>\n<p>Convocat\u00f2ria [&#8230;]<\/p>\n","protected":false},"author":54,"featured_media":0,"parent":0,"menu_order":50,"comment_status":"closed","ping_status":"open","template":"","meta":{"ngg_post_thumbnail":0,"_links_to":"","_links_to_target":""},"_links":{"self":[{"href":"https:\/\/estudios.umh.es\/ca\/wp-json\/wp\/v2\/pages\/636"}],"collection":[{"href":"https:\/\/estudios.umh.es\/ca\/wp-json\/wp\/v2\/pages"}],"about":[{"href":"https:\/\/estudios.umh.es\/ca\/wp-json\/wp\/v2\/types\/page"}],"author":[{"embeddable":true,"href":"https:\/\/estudios.umh.es\/ca\/wp-json\/wp\/v2\/users\/54"}],"replies":[{"embeddable":true,"href":"https:\/\/estudios.umh.es\/ca\/wp-json\/wp\/v2\/comments?post=636"}],"version-history":[{"count":0,"href":"https:\/\/estudios.umh.es\/ca\/wp-json\/wp\/v2\/pages\/636\/revisions"}],"wp:attachment":[{"href":"https:\/\/estudios.umh.es\/ca\/wp-json\/wp\/v2\/media?parent=636"}],"curies":[{"name":"wp","href":"https:\/\/api.w.org\/{rel}","templated":true}]}}