{"id":637,"date":"2014-05-14T08:12:27","date_gmt":"2014-05-14T08:12:27","guid":{"rendered":"http:\/\/estudios.zeus.umh.es\/?page_id=637"},"modified":"2026-03-02T15:06:32","modified_gmt":"2026-03-02T14:06:32","slug":"premios-academicos","status":"publish","type":"page","link":"https:\/\/estudios.umh.es\/ca\/becas\/premios-academicos\/","title":{"rendered":"Premis Acad\u00e8mics"},"content":{"rendered":"<p><strong><span dir=\"auto\" style=\"vertical-align: inherit\"><span dir=\"auto\" style=\"vertical-align: inherit\">Premis Extraordinaris de Grau i M\u00e0ster Universitari de la Universitat Miguel Hern\u00e1ndez, per al curs 2024-2025.<\/span><\/span><\/strong><\/p>\n<ul>\n<li><a href=\"https:\/\/boumh.umh.es\/files\/2026\/02\/RR_00475_2026.pdf\"><span dir=\"auto\" style=\"vertical-align: inherit\"><span dir=\"auto\" style=\"vertical-align: inherit\">Resoluci\u00f3 per la qual es concedeixen els premis extraordinaris de grau i m\u00e0ster universitari de la Universitat Miguel Hern\u00e1ndez d&#8217;Elx, curs acad\u00e8mic 2024-2025. PDF( 1.52 MB)<\/span><\/span><\/a><\/li>\n<li><a href=\"https:\/\/boumh.umh.es\/files\/2026\/03\/RR_00531_2026.pdf\"><span dir=\"auto\" style=\"vertical-align: inherit\"><span dir=\"auto\" style=\"vertical-align: inherit\">Correcci\u00f3 d&#8217;Errors de la Resoluci\u00f3 per la qual es concedeixen els premis extraordinaris de grau i m\u00e0ster universitari de la Universitat Miguel Hern\u00e1ndez d&#8217;Elx, curs acad\u00e8mic 2024-2025. PDF( 621 KB)<\/span><\/span><\/a><\/li>\n<\/ul>\n<p>&nbsp;<\/p>\n<p><strong><span dir=\"auto\" style=\"vertical-align: inherit\"><span dir=\"auto\" style=\"vertical-align: inherit\">Premis Nacionals de Fi de Carrera destinats als qui hagin concl\u00f2s els estudis el curs acad\u00e8mic 2018-2019.<\/span><\/span><\/strong><\/p>\n<ul>\n<li><a href=\"https:\/\/www.ciencia.gob.es\/Convocatorias\/2024\/PNFCEU2024.html\"><span dir=\"auto\" style=\"vertical-align: inherit\"><span dir=\"auto\" style=\"vertical-align: inherit\">Convocat\u00f2ria i acc\u00e9s al tr\u00e0mit<\/span><\/span><\/a><\/li>\n<\/ul>\n<p><span dir=\"auto\" style=\"vertical-align: inherit\"><span dir=\"auto\" style=\"vertical-align: inherit\">&nbsp; &nbsp; &nbsp; &nbsp; &nbsp;Termini de presentaci\u00f3 de sol\u00b7licituds: Des del 30 d&#8217;octubre al 27 de novembre, ambd\u00f3s inclosos.<\/span><\/span><\/p>\n<div style=\"padding-left: 40px\"><span dir=\"auto\" style=\"vertical-align: inherit\"><span dir=\"auto\" style=\"vertical-align: inherit\">La nota m\u00ednima requerida per participar s\u00f3n les seg\u00fcents:<\/span><\/span><\/div>\n<div style=\"padding-left: 40px\">&nbsp;<\/div>\n<div style=\"padding-left: 40px\"><span dir=\"auto\" style=\"vertical-align: inherit\"><span dir=\"auto\" style=\"vertical-align: inherit\">Titulacions de la branca d&#8217;arts i humanitats: 9,00 punts.<\/span><\/span><\/div>\n<div style=\"padding-left: 40px\"><span dir=\"auto\" style=\"vertical-align: inherit\"><span dir=\"auto\" style=\"vertical-align: inherit\">Titulacions de la Branca de Ci\u00e8ncies: 9,00 punts.<\/span><\/span><\/div>\n<div style=\"padding-left: 40px\"><span dir=\"auto\" style=\"vertical-align: inherit\"><span dir=\"auto\" style=\"vertical-align: inherit\">Titulacions de la Branca de Ci\u00e8ncies de la Salut: 9,00 punts.<\/span><\/span><\/div>\n<div style=\"padding-left: 40px\"><span dir=\"auto\" style=\"vertical-align: inherit\"><span dir=\"auto\" style=\"vertical-align: inherit\">Titulacions de la Branca de Ci\u00e8ncies Socials i Jur\u00eddiques: 9,00 punts.<\/span><\/span><\/div>\n<div style=\"padding-left: 40px\"><span dir=\"auto\" style=\"vertical-align: inherit\"><span dir=\"auto\" style=\"vertical-align: inherit\">Titulacions de la Branca dEnginyeria i Arquitectura: 8,00 punts.<\/span><\/span><\/div>\n<p>&nbsp;<\/p>","protected":false},"excerpt":{"rendered":"<p>Premis Extraordinaris de Grau i M\u00e0ster Universitari de la Universitat Miguel Hern\u00e1ndez, per al curs 2024-2025.<\/p>\n<p>Resoluci\u00f3 per la qual es concedeixen els premis extraordinaris de grau i m\u00e0ster universitari de la Universitat Miguel Hern\u00e1ndez d&#8217;Elx, curs acad\u00e8mic 2024-2025. PDF( 1.52 MB)<br \/>\nCorrecci\u00f3 d&#8217;Errors de la Resoluci\u00f3 per la qual es concedeixen els premis extraordinaris de grau [&#8230;]<\/p>\n","protected":false},"author":54,"featured_media":0,"parent":22,"menu_order":60,"comment_status":"closed","ping_status":"open","template":"","meta":{"ngg_post_thumbnail":0,"_links_to":"","_links_to_target":""},"_links":{"self":[{"href":"https:\/\/estudios.umh.es\/ca\/wp-json\/wp\/v2\/pages\/637"}],"collection":[{"href":"https:\/\/estudios.umh.es\/ca\/wp-json\/wp\/v2\/pages"}],"about":[{"href":"https:\/\/estudios.umh.es\/ca\/wp-json\/wp\/v2\/types\/page"}],"author":[{"embeddable":true,"href":"https:\/\/estudios.umh.es\/ca\/wp-json\/wp\/v2\/users\/54"}],"replies":[{"embeddable":true,"href":"https:\/\/estudios.umh.es\/ca\/wp-json\/wp\/v2\/comments?post=637"}],"version-history":[{"count":0,"href":"https:\/\/estudios.umh.es\/ca\/wp-json\/wp\/v2\/pages\/637\/revisions"}],"up":[{"embeddable":true,"href":"https:\/\/estudios.umh.es\/ca\/wp-json\/wp\/v2\/pages\/22"}],"wp:attachment":[{"href":"https:\/\/estudios.umh.es\/ca\/wp-json\/wp\/v2\/media?parent=637"}],"curies":[{"name":"wp","href":"https:\/\/api.w.org\/{rel}","templated":true}]}}