{"id":702,"date":"2014-05-15T12:26:22","date_gmt":"2014-05-15T12:26:22","guid":{"rendered":"http:\/\/estudios.zeus.umh.es\/?page_id=702"},"modified":"2026-03-25T13:11:10","modified_gmt":"2026-03-25T12:11:10","slug":"publicacion-planes-de-estudios-de-los-grados","status":"publish","type":"page","link":"https:\/\/estudios.umh.es\/ca\/presentacion\/normativas\/publicacion-planes-de-estudios-de-los-grados\/","title":{"rendered":"PUBLICACI\u00d3 PLANS D&#8217;ESTUDIS DELS GRAUS"},"content":{"rendered":"<p><span dir=\"auto\" style=\"vertical-align: inherit\"><span dir=\"auto\" style=\"vertical-align: inherit\">Consulta la publicaci\u00f3 BOE del pla d&#8217;estudis dels Graus que ofereix la Universitat Miguel Hern\u00e1ndez d&#8217;Elx.<\/span><\/span><\/p>\n<h3><span dir=\"auto\" style=\"vertical-align: inherit\"><span dir=\"auto\" style=\"vertical-align: inherit\">CAMPUS D&#8217;ALTEA<\/span><\/span><\/h3>\n<ul>\n<li><a href=\"https:\/\/www.educacion.gob.es\/ruct\/estudio.action?codigoCiclo=SC&amp;codigoTipo=G&amp;CodigoEstudio=2501390&amp;actual=estudios\" target=\"_blank\" rel=\"noopener noreferrer\"><span dir=\"auto\" style=\"vertical-align: inherit\"><span dir=\"auto\" style=\"vertical-align: inherit\">Grau en Belles Arts.<\/span><\/span><img loading=\"lazy\" class=\"alignnone wp-image-31436 size-full\" src=\"https:\/\/estudios.umh.es\/files\/2021\/11\/abre-en-nueva-ventana.png\" alt=\"(obriu en nova finestra)\" width=\"15\" height=\"15\"><\/a><\/li>\n<\/ul>\n<h3><span dir=\"auto\" style=\"vertical-align: inherit\"><span dir=\"auto\" style=\"vertical-align: inherit\">CAMPUS DE SANT JOAN D&#8217;ALACANT<\/span><\/span><\/h3>\n<ul>\n<li><a href=\"https:\/\/www.educacion.gob.es\/ruct\/estudiouniversidad.action?codigoCiclo=SC&amp;codigoEstudio=1500590&amp;actual=universidad\" target=\"_blank\" rel=\"noopener\"><span dir=\"auto\" style=\"vertical-align: inherit\"><span dir=\"auto\" style=\"vertical-align: inherit\">Grau d&#8217;Infermeria.<\/span><\/span><\/a><img src=\"https:\/\/estudios.umh.es\/files\/2021\/11\/abre-en-nueva-ventana.png\" alt=\"(obriu en nova finestra)\"><\/li>\n<li><a href=\"https:\/\/www.educacion.gob.es\/ruct\/estudio.action?codigoCiclo=SC&amp;codigoTipo=G&amp;CodigoEstudio=2502357&amp;actual=estudios\" target=\"_blank\" rel=\"noopener noreferrer\"><span dir=\"auto\" style=\"vertical-align: inherit\"><span dir=\"auto\" style=\"vertical-align: inherit\">Grau de Farm\u00e0cia.<\/span><\/span><img loading=\"lazy\" class=\"alignnone wp-image-31436 size-full\" src=\"https:\/\/estudios.umh.es\/files\/2021\/11\/abre-en-nueva-ventana.png\" alt=\"(obriu en nova finestra)\" width=\"15\" height=\"15\"><\/a><\/li>\n<li><a href=\"https:\/\/www.educacion.gob.es\/ruct\/estudio.action?codigoCiclo=SC&amp;codigoTipo=G&amp;CodigoEstudio=2501611&amp;actual=estudios\" target=\"_blank\" rel=\"noopener noreferrer\"><span dir=\"auto\" style=\"vertical-align: inherit\"><span dir=\"auto\" style=\"vertical-align: inherit\">Grau de Fisioter\u00e0pia.<\/span><\/span><img loading=\"lazy\" class=\"alignnone wp-image-31436 size-full\" src=\"https:\/\/estudios.umh.es\/files\/2021\/11\/abre-en-nueva-ventana.png\" alt=\"(obriu en nova finestra)\" width=\"15\" height=\"15\"> <\/a><\/li>\n<li><a href=\"https:\/\/www.educacion.gob.es\/ruct\/estudio.action?codigoCiclo=SC&amp;codigoTipo=G&amp;CodigoEstudio=2502358&amp;actual=estudios\" target=\"_blank\" rel=\"noopener noreferrer\"><span dir=\"auto\" style=\"vertical-align: inherit\"><span dir=\"auto\" style=\"vertical-align: inherit\">Grau de Medicina.<\/span><\/span><img loading=\"lazy\" class=\"alignnone wp-image-31436 size-full\" src=\"https:\/\/estudios.umh.es\/files\/2021\/11\/abre-en-nueva-ventana.png\" alt=\"(obriu en nova finestra)\" width=\"15\" height=\"15\"><\/a><\/li>\n<li><a href=\"https:\/\/www.educacion.gob.es\/ruct\/estudio.action?codigoCiclo=SC&amp;codigoTipo=G&amp;CodigoEstudio=2501612&amp;actual=estudios\" target=\"_blank\" rel=\"noopener noreferrer\"><span dir=\"auto\" style=\"vertical-align: inherit\"><span dir=\"auto\" style=\"vertical-align: inherit\">Grau en Podologia.<\/span><\/span><img loading=\"lazy\" class=\"alignnone wp-image-31436 size-full\" src=\"https:\/\/estudios.umh.es\/files\/2021\/11\/abre-en-nueva-ventana.png\" alt=\"(obriu en nova finestra)\" width=\"15\" height=\"15\"><\/a><\/li>\n<li><a href=\"https:\/\/www.educacion.gob.es\/ruct\/estudio.action?codigoCiclo=SC&amp;codigoTipo=G&amp;CodigoEstudio=2502360&amp;actual=estudios\" target=\"_blank\" rel=\"noopener noreferrer\"><span dir=\"auto\" style=\"vertical-align: inherit\"><span dir=\"auto\" style=\"vertical-align: inherit\">Grau de Ter\u00e0pia Ocupacional.<\/span><\/span><img loading=\"lazy\" class=\"alignnone wp-image-31436 size-full\" src=\"https:\/\/estudios.umh.es\/files\/2021\/11\/abre-en-nueva-ventana.png\" alt=\"(obriu en nova finestra)\" width=\"15\" height=\"15\"><\/a><\/li>\n<\/ul>\n<h3><span dir=\"auto\" style=\"vertical-align: inherit\"><span dir=\"auto\" style=\"vertical-align: inherit\">CAMPUS D&#8217;ELX<\/span><\/span><\/h3>\n<ul>\n<li><a href=\"https:\/\/www.educacion.gob.es\/ruct\/estudio.action?codigoCiclo=SC&amp;codigoTipo=G&amp;CodigoEstudio=2502178&amp;actual=estudios\" target=\"_blank\" rel=\"noopener noreferrer\"><span dir=\"auto\" style=\"vertical-align: inherit\"><span dir=\"auto\" style=\"vertical-align: inherit\">Grau en Administraci\u00f3 i Direcci\u00f3 d&#8217;Empreses.<\/span><\/span><img loading=\"lazy\" class=\"alignnone wp-image-31436 size-full\" src=\"https:\/\/estudios.umh.es\/files\/2021\/11\/abre-en-nueva-ventana.png\" alt=\"(obriu en nova finestra)\" width=\"15\" height=\"15\"><\/a><\/li>\n<li><a href=\"https:\/\/www.educacion.gob.es\/ruct\/estudio.action?codigoCiclo=SC&amp;codigoTipo=G&amp;CodigoEstudio=2501608&amp;actual=estudios\" target=\"_blank\" rel=\"noopener noreferrer\"><span dir=\"auto\" style=\"vertical-align: inherit\"><span dir=\"auto\" style=\"vertical-align: inherit\">Grau en Biotecnologia.<\/span><\/span><img loading=\"lazy\" class=\"alignnone wp-image-31436 size-full\" src=\"https:\/\/estudios.umh.es\/files\/2021\/11\/abre-en-nueva-ventana.png\" alt=\"(obriu en nova finestra)\" width=\"15\" height=\"15\"><\/a><\/li>\n<li><a href=\"https:\/\/www.educacion.gob.es\/ruct\/estudio.action?codigoCiclo=SC&amp;codigoTipo=G&amp;CodigoEstudio=2501609&amp;actual=estudios\" target=\"_blank\" rel=\"noopener noreferrer\"><span dir=\"auto\" style=\"vertical-align: inherit\"><span dir=\"auto\" style=\"vertical-align: inherit\">Grau de Ci\u00e8ncies Ambientals.<\/span><\/span><img loading=\"lazy\" class=\"alignnone wp-image-31436 size-full\" src=\"https:\/\/estudios.umh.es\/files\/2021\/11\/abre-en-nueva-ventana.png\" alt=\"(obriu en nova finestra)\" width=\"15\" height=\"15\"> <\/a><\/li>\n<li><a href=\"https:\/\/www.educacion.gob.es\/ruct\/estudio.action?codigoCiclo=SC&amp;codigoTipo=G&amp;CodigoEstudio=2501610&amp;actual=estudios\" target=\"_blank\" rel=\"noopener noreferrer\"><span dir=\"auto\" style=\"vertical-align: inherit\"><span dir=\"auto\" style=\"vertical-align: inherit\">Grau de Ci\u00e8ncies de l&#8217;Activitat F\u00edsica i de l&#8217;Esport.<\/span><\/span><img loading=\"lazy\" class=\"alignnone wp-image-31436 size-full\" src=\"https:\/\/estudios.umh.es\/files\/2021\/11\/abre-en-nueva-ventana.png\" alt=\"(obriu en nova finestra)\" width=\"15\" height=\"15\"><\/a><\/li>\n<li><a href=\"https:\/\/www.educacion.gob.es\/ruct\/estudio.action?codigoCiclo=SC&amp;codigoTipo=G&amp;CodigoEstudio=2504657&amp;actual=estudios\" target=\"_blank\" rel=\"noopener noreferrer\"><span dir=\"auto\" style=\"vertical-align: inherit\"><span dir=\"auto\" style=\"vertical-align: inherit\">Grau en Ci\u00e8ncies de Dades i Intel\u00b7lig\u00e8ncia Artificial.<\/span><\/span><img loading=\"lazy\" class=\"alignnone wp-image-31436 size-full\" src=\"https:\/\/estudios.umh.es\/files\/2021\/11\/abre-en-nueva-ventana.png\" alt=\"(obriu en nova finestra)\" width=\"15\" height=\"15\"><\/a><\/li>\n<li><a href=\"https:\/\/www.educacion.gob.es\/ruct\/estudio.action?codigoCiclo=SC&amp;codigoTipo=G&amp;CodigoEstudio=2501614&amp;actual=estudios\" target=\"_blank\" rel=\"noopener noreferrer\"><span dir=\"auto\" style=\"vertical-align: inherit\"><span dir=\"auto\" style=\"vertical-align: inherit\">Grau en Comunicaci\u00f3 Audiovisual.<\/span><\/span><img loading=\"lazy\" class=\"alignnone wp-image-31436 size-full\" src=\"https:\/\/estudios.umh.es\/files\/2021\/11\/abre-en-nueva-ventana.png\" alt=\"(obriu en nova finestra)\" width=\"15\" height=\"15\"><\/a><\/li>\n<li><a href=\"https:\/\/www.educacion.gob.es\/ruct\/estudio.action?codigoCiclo=SC&amp;codigoTipo=G&amp;CodigoEstudio=2501616&amp;actual=estudios\" target=\"_blank\" rel=\"noopener noreferrer\"><span dir=\"auto\" style=\"vertical-align: inherit\"><span dir=\"auto\" style=\"vertical-align: inherit\">Grau de Dret.<\/span><\/span><img loading=\"lazy\" class=\"alignnone wp-image-31436 size-full\" src=\"https:\/\/estudios.umh.es\/files\/2021\/11\/abre-en-nueva-ventana.png\" alt=\"(obriu en nova finestra)\" width=\"15\" height=\"15\"><\/a><\/li>\n<li><a href=\"https:\/\/www.educacion.gob.es\/ruct\/estudio.action?codigoCiclo=SC&amp;codigoTipo=G&amp;CodigoEstudio=2501617&amp;actual=estudios\" target=\"_blank\" rel=\"noopener noreferrer\"><span dir=\"auto\" style=\"vertical-align: inherit\"><span dir=\"auto\" style=\"vertical-align: inherit\">Grau en Estad\u00edstica Empresarial.<\/span><\/span><img loading=\"lazy\" class=\"alignnone wp-image-31436 size-full\" src=\"https:\/\/estudios.umh.es\/files\/2021\/11\/abre-en-nueva-ventana.png\" alt=\"(obriu en nova finestra)\" width=\"15\" height=\"15\"><\/a><\/li>\n<li><a href=\"https:\/\/www.educacion.gob.es\/ruct\/estudio.action?codigoCiclo=SC&amp;codigoTipo=G&amp;CodigoEstudio=2504738&amp;actual=estudios\"><span dir=\"auto\" style=\"vertical-align: inherit\"><span dir=\"auto\" style=\"vertical-align: inherit\">Grau en Gesti\u00f3, Tecnologia i Moda\/ Bachelor in Fashion Management and Technology<\/span><\/span><\/a><span dir=\"auto\" style=\"vertical-align: inherit\"><span dir=\"auto\" style=\"vertical-align: inherit\"> .<\/span><\/span><img src=\"https:\/\/estudios.umh.es\/files\/2021\/11\/abre-en-nueva-ventana.png\" alt=\"(obriu en nova finestra)\"><\/li>\n<li><a href=\"https:\/\/www.educacion.gob.es\/ruct\/estudio.action?codigoCiclo=SC&amp;codigoTipo=G&amp;CodigoEstudio=2501620&amp;actual=estudios\" target=\"_blank\" rel=\"noopener noreferrer\"><span dir=\"auto\" style=\"vertical-align: inherit\"><span dir=\"auto\" style=\"vertical-align: inherit\">Grau en Enginyeria de Tecnologies de Telecomunicaci\u00f3.<\/span><\/span><img loading=\"lazy\" class=\"alignnone wp-image-31436 size-full\" src=\"https:\/\/estudios.umh.es\/files\/2021\/11\/abre-en-nueva-ventana.png\" alt=\"(obriu en nova finestra)\" width=\"15\" height=\"15\"><\/a><\/li>\n<li><a href=\"https:\/\/www.educacion.gob.es\/ruct\/estudio.action?codigoCiclo=SC&amp;codigoTipo=G&amp;CodigoEstudio=2502180&amp;actual=estudios\" target=\"_blank\" rel=\"noopener noreferrer\"><span dir=\"auto\" style=\"vertical-align: inherit\"><span dir=\"auto\" style=\"vertical-align: inherit\">Grau en Enginyeria El\u00e8ctrica.<\/span><\/span><img loading=\"lazy\" class=\"alignnone wp-image-31436 size-full\" src=\"https:\/\/estudios.umh.es\/files\/2021\/11\/abre-en-nueva-ventana.png\" alt=\"(obriu en nova finestra)\" width=\"15\" height=\"15\"><\/a><\/li>\n<li><a href=\"https:\/\/www.educacion.gob.es\/ruct\/estudio.action?codigoCiclo=SC&amp;codigoTipo=G&amp;CodigoEstudio=2501619&amp;actual=estudios\" target=\"_blank\" rel=\"noopener noreferrer\"><span dir=\"auto\" style=\"vertical-align: inherit\"><span dir=\"auto\" style=\"vertical-align: inherit\">Grau d&#8217;Enginyeria Electr\u00f2nica i Autom\u00e0tica Industrial.<\/span><\/span><img loading=\"lazy\" class=\"alignnone wp-image-31436 size-full\" src=\"https:\/\/estudios.umh.es\/files\/2021\/11\/abre-en-nueva-ventana.png\" alt=\"(obriu en nova finestra)\" width=\"15\" height=\"15\"><\/a><\/li>\n<li><a href=\"https:\/\/www.educacion.gob.es\/ruct\/estudiouniversidad.action?codigoCiclo=SC&amp;codigoEstudio=1500599&amp;actual=universidad\" target=\"_blank\" rel=\"noopener\"><span dir=\"auto\" style=\"vertical-align: inherit\"><span dir=\"auto\" style=\"vertical-align: inherit\">Grau d&#8217;Enginyeria en Tecnologies Industrials.<\/span><\/span><\/a><img src=\"https:\/\/estudios.umh.es\/files\/2021\/11\/abre-en-nueva-ventana.png\" alt=\"(obriu en nova finestra)\"><\/li>\n<li><a href=\"https:\/\/www.educacion.gob.es\/ruct\/estudio.action?codigoCiclo=SC&amp;codigoTipo=G&amp;CodigoEstudio=2502181&amp;actual=estudios\" target=\"_blank\" rel=\"noopener noreferrer\"><span dir=\"auto\" style=\"vertical-align: inherit\"><span dir=\"auto\" style=\"vertical-align: inherit\">Grau d&#8217;Enginyeria Inform\u00e0tica en Tecnologies de la Informaci\u00f3.<\/span><\/span><img loading=\"lazy\" class=\"alignnone wp-image-31436 size-full\" src=\"https:\/\/estudios.umh.es\/files\/2021\/11\/abre-en-nueva-ventana.png\" alt=\"(obriu en nova finestra)\" width=\"15\" height=\"15\"><\/a><\/li>\n<li><a href=\"https:\/\/www.educacion.gob.es\/ruct\/estudio.action?codigoCiclo=SC&amp;codigoTipo=G&amp;CodigoEstudio=2501621&amp;actual=estudios\" target=\"_blank\" rel=\"noopener noreferrer\"><span dir=\"auto\" style=\"vertical-align: inherit\"><span dir=\"auto\" style=\"vertical-align: inherit\">Grau en Enginyeria Mec\u00e0nica.<\/span><\/span><img loading=\"lazy\" class=\"alignnone wp-image-31436 size-full\" src=\"https:\/\/estudios.umh.es\/files\/2021\/11\/abre-en-nueva-ventana.png\" alt=\"(obriu en nova finestra)\" width=\"15\" height=\"15\"><\/a><\/li>\n<li><a href=\"https:\/\/www.educacion.gob.es\/ruct\/estudio.action?codigoCiclo=SC&amp;codigoTipo=G&amp;CodigoEstudio=2501618&amp;actual=estudios\" target=\"_blank\" rel=\"noopener noreferrer\"><span dir=\"auto\" style=\"vertical-align: inherit\"><span dir=\"auto\" style=\"vertical-align: inherit\">Grau en Periodisme.<\/span><\/span><img loading=\"lazy\" class=\"alignnone wp-image-31436 size-full\" src=\"https:\/\/estudios.umh.es\/files\/2021\/11\/abre-en-nueva-ventana.png\" alt=\"(obriu en nova finestra)\" width=\"15\" height=\"15\"><\/a><\/li>\n<li><a href=\"https:\/\/www.educacion.gob.es\/ruct\/estudio.action?codigoCiclo=SC&amp;codigoTipo=G&amp;CodigoEstudio=2501613&amp;actual=estudios\" target=\"_blank\" rel=\"noopener noreferrer\"><span dir=\"auto\" style=\"vertical-align: inherit\"><span dir=\"auto\" style=\"vertical-align: inherit\">Grau de Psicologia.<\/span><\/span><img loading=\"lazy\" class=\"alignnone wp-image-31436 size-full\" src=\"https:\/\/estudios.umh.es\/files\/2021\/11\/abre-en-nueva-ventana.png\" alt=\"(obriu en nova finestra)\" width=\"15\" height=\"15\"><\/a><\/li>\n<li><a href=\"https:\/\/www.educacion.gob.es\/ruct\/estudio.action?codigoCiclo=SC&amp;codigoTipo=G&amp;CodigoEstudio=2502179&amp;actual=estudios\" target=\"_blank\" rel=\"noopener noreferrer\"><span dir=\"auto\" style=\"vertical-align: inherit\"><span dir=\"auto\" style=\"vertical-align: inherit\">Grau de Relacions Laborals i Recursos Humans.<\/span><\/span><img loading=\"lazy\" class=\"alignnone wp-image-31436 size-full\" src=\"https:\/\/estudios.umh.es\/files\/2021\/11\/abre-en-nueva-ventana.png\" alt=\"(obriu en nova finestra)\" width=\"15\" height=\"15\"><\/a><\/li>\n<li><a href=\"https:\/\/www.educacion.gob.es\/ruct\/estudio.action?codigoCiclo=SC&amp;codigoTipo=G&amp;CodigoEstudio=2503793&amp;actual=estudios\" target=\"_blank\" rel=\"noopener noreferrer\"><span dir=\"auto\" style=\"vertical-align: inherit\"><span dir=\"auto\" style=\"vertical-align: inherit\">Grau en Seguretat P\u00fablica i Privada.<\/span><\/span><img loading=\"lazy\" class=\"alignnone wp-image-31436 size-full\" src=\"https:\/\/estudios.umh.es\/files\/2021\/11\/abre-en-nueva-ventana.png\" alt=\"(obriu en nova finestra)\" width=\"15\" height=\"15\"><\/a><\/li>\n<\/ul>\n<h3><span dir=\"auto\" style=\"vertical-align: inherit\"><span dir=\"auto\" style=\"vertical-align: inherit\">CAMPUS D&#8217;ORIOLA<\/span><\/span><\/h3>\n<ul>\n<li><a href=\"https:\/\/www.educacion.gob.es\/ruct\/estudio.action?codigoCiclo=SC&amp;codigoTipo=G&amp;CodigoEstudio=2502178&amp;actual=estudios\" target=\"_blank\" rel=\"noopener noreferrer\"><span dir=\"auto\" style=\"vertical-align: inherit\"><span dir=\"auto\" style=\"vertical-align: inherit\">Grau en Administraci\u00f3 i Direcci\u00f3 d&#8217;Empreses.<\/span><\/span><img loading=\"lazy\" class=\"alignnone wp-image-31436 size-full\" src=\"https:\/\/estudios.umh.es\/files\/2021\/11\/abre-en-nueva-ventana.png\" alt=\"(obriu en nova finestra)\" width=\"15\" height=\"15\"><\/a><\/li>\n<li><a href=\"https:\/\/www.educacion.gob.es\/ruct\/estudio.action?codigoCiclo=SC&amp;codigoTipo=G&amp;CodigoEstudio=2502359&amp;actual=estudios\" target=\"_blank\" rel=\"noopener noreferrer\"><span dir=\"auto\" style=\"vertical-align: inherit\"><span dir=\"auto\" style=\"vertical-align: inherit\">Grau en Ci\u00e8ncia i Tecnologia dels Aliments.<\/span><\/span><img loading=\"lazy\" class=\"alignnone wp-image-31436 size-full\" src=\"https:\/\/estudios.umh.es\/files\/2021\/11\/abre-en-nueva-ventana.png\" alt=\"(obriu en nova finestra)\" width=\"15\" height=\"15\"><\/a><\/li>\n<li><a href=\"https:\/\/www.educacion.gob.es\/ruct\/estudio.action?codigoCiclo=SC&amp;codigoTipo=G&amp;CodigoEstudio=2501451&amp;actual=estudios\" target=\"_blank\" rel=\"noopener noreferrer\"><span dir=\"auto\" style=\"vertical-align: inherit\"><span dir=\"auto\" style=\"vertical-align: inherit\">Grau de Ci\u00e8ncies Pol\u00edtiques i Gesti\u00f3 P\u00fablica.<\/span><\/span><img loading=\"lazy\" class=\"alignnone wp-image-31436 size-full\" src=\"https:\/\/estudios.umh.es\/files\/2021\/11\/abre-en-nueva-ventana.png\" alt=\"(obriu en nova finestra)\" width=\"15\" height=\"15\"><\/a><\/li>\n<li><a href=\"https:\/\/www.educacion.gob.es\/ruct\/estudio.action?codigoCiclo=SC&amp;codigoTipo=G&amp;CodigoEstudio=2502626&amp;actual=estudios\" target=\"_blank\" rel=\"noopener noreferrer\"><span dir=\"auto\" style=\"vertical-align: inherit\"><span dir=\"auto\" style=\"vertical-align: inherit\">Grau en Gesti\u00f3 Comercial i M\u00e0rqueting.<\/span><\/span><img loading=\"lazy\" class=\"alignnone wp-image-31436 size-full\" src=\"https:\/\/estudios.umh.es\/files\/2021\/11\/abre-en-nueva-ventana.png\" alt=\"(obriu en nova finestra)\" width=\"15\" height=\"15\"><\/a><\/li>\n<li><a href=\"https:\/\/www.educacion.gob.es\/ruct\/estudio.action?codigoCiclo=SC&amp;codigoTipo=G&amp;CodigoEstudio=2501622&amp;actual=estudios\" target=\"_blank\" rel=\"noopener noreferrer\"><span dir=\"auto\" style=\"vertical-align: inherit\"><span dir=\"auto\" style=\"vertical-align: inherit\">Grau en Enginyeria Agroaliment\u00e0ria i Agroambiental.<\/span><\/span><img loading=\"lazy\" class=\"alignnone wp-image-31436 size-full\" src=\"https:\/\/estudios.umh.es\/files\/2021\/11\/abre-en-nueva-ventana.png\" alt=\"(obriu en nova finestra)\" width=\"15\" height=\"15\"><\/a><\/li>\n<\/ul>\n<p><\/p>","protected":false},"excerpt":{"rendered":"<p>Consulta la publicaci\u00f3 BOE del pla d&#8217;estudis dels Graus que ofereix la Universitat Miguel Hern\u00e1ndez d&#8217;Elx.<br \/>\nCAMPUS D&#8217;ALTEA<\/p>\n<p>Grau en Belles Arts.<\/p>\n<p>CAMPUS DE SANT JOAN D&#8217;ALACANT<\/p>\n<p>Grau d&#8217;Infermeria.<br \/>\nGrau de Farm\u00e0cia.<br \/>\nGrau de Fisioter\u00e0pia.<br \/>\nGrau de Medicina.<br \/>\nGrau en Podologia.<br \/>\nGrau de Ter\u00e0pia Ocupacional.<\/p>\n<p>CAMPUS D&#8217;ELX<\/p>\n<p>Grau en Administraci\u00f3 i Direcci\u00f3 d&#8217;Empreses.<br \/>\nGrau en Biotecnologia.<br \/>\nGrau de Ci\u00e8ncies Ambientals.<br \/>\nGrau de Ci\u00e8ncies de l&#8217;Activitat F\u00edsica i [&#8230;]<\/p>\n","protected":false},"author":10,"featured_media":0,"parent":31,"menu_order":80,"comment_status":"closed","ping_status":"open","template":"","meta":{"ngg_post_thumbnail":0,"_links_to":"","_links_to_target":""},"_links":{"self":[{"href":"https:\/\/estudios.umh.es\/ca\/wp-json\/wp\/v2\/pages\/702"}],"collection":[{"href":"https:\/\/estudios.umh.es\/ca\/wp-json\/wp\/v2\/pages"}],"about":[{"href":"https:\/\/estudios.umh.es\/ca\/wp-json\/wp\/v2\/types\/page"}],"author":[{"embeddable":true,"href":"https:\/\/estudios.umh.es\/ca\/wp-json\/wp\/v2\/users\/10"}],"replies":[{"embeddable":true,"href":"https:\/\/estudios.umh.es\/ca\/wp-json\/wp\/v2\/comments?post=702"}],"version-history":[{"count":0,"href":"https:\/\/estudios.umh.es\/ca\/wp-json\/wp\/v2\/pages\/702\/revisions"}],"up":[{"embeddable":true,"href":"https:\/\/estudios.umh.es\/ca\/wp-json\/wp\/v2\/pages\/31"}],"wp:attachment":[{"href":"https:\/\/estudios.umh.es\/ca\/wp-json\/wp\/v2\/media?parent=702"}],"curies":[{"name":"wp","href":"https:\/\/api.w.org\/{rel}","templated":true}]}}