{"id":705,"date":"2014-05-16T07:46:28","date_gmt":"2014-05-16T07:46:28","guid":{"rendered":"http:\/\/estudios.zeus.umh.es\/?page_id=705"},"modified":"2026-04-15T14:23:27","modified_gmt":"2026-04-15T12:23:27","slug":"grados","status":"publish","type":"page","link":"https:\/\/estudios.umh.es\/ca\/expedicion-titulos\/homologacion\/grados\/","title":{"rendered":"GRAUS"},"content":{"rendered":"<p><\/p>\n<h3 style=\"text-align: left\">Qu\u00e8 \u00e9s l&#8217;homologaci\u00f3?<\/h3>\n<p>L&#8217;homologaci\u00f3 \u00e9s el reconeixement oficial de la formaci\u00f3 superada per a l&#8217;obtenci\u00f3 d&#8217;un t\u00edtol estranger, equiparable a l&#8217;exigida per a l&#8217;obtenci\u00f3 d&#8217;un t\u00edtol espanyol que habilite per a l&#8217;exercici d&#8217;una professi\u00f3 regulada. Es poden consultar <a href=\"https:\/\/estudios.umh.es\/files\/2018\/03\/Anexo_profesiones-reguladas.pdf\" target=\"_blank\" rel=\"noopener\">les titulacions de grau de la UMH susceptibles d&#8217;homologaci\u00f3.PDF.94,6kB (castell\u00e0)<img loading=\"lazy\" class=\"alignnone wp-image-31436 size-full\" src=\"https:\/\/estudios.umh.es\/files\/2021\/11\/abre-en-nueva-ventana.png\" alt=\"(abre en nueva ventana)\" width=\"15\" height=\"15\"><\/a><\/p>\n<h3 style=\"text-align: left\">C\u00f2m sol\u00b7licitar l&#8217;homologaci\u00f3?<\/h3>\n<p>La sol\u00b7licitud d&#8217;homologaci\u00f3 s&#8217;ha de realitzar davant el Ministeri competent d&#8217;acord amb al sig\u00fcent <a href=\"https:\/\/universidades.sede.gob.es\/procedimientos\/portada\/ida\/3513\/idp\/1029\" target=\"_blank\" rel=\"noopener\">procedimient<img loading=\"lazy\" class=\"alignnone wp-image-31436 size-full\" src=\"https:\/\/estudios.umh.es\/files\/2021\/11\/abre-en-nueva-ventana.png\" alt=\"(abre en nueva ventana)\" width=\"15\" height=\"15\"><\/a><\/p>\n<h3 style=\"text-align: left\">Exercici de la professi\u00f3 regulada d&#8217;Advocat o Psic\u00f2leg General Sanitari<\/h3>\n<p style=\"text-align: left\">Per a exercir alguna de les professions indicades s&#8217;ha de superar un m\u00e0ster habilitant, al qual s&#8217;accedix amb el t\u00edtol de Grau en Dret o Grau en Psicologia respectivament. Davant aix\u00f2, has de seguir el seg\u00fcent procediment:<\/p>\n<ol style=\"text-align: left\">\n<li>Sol\u00b7licitar&nbsp; <a href=\"https:\/\/estudios.umh.es\/acceso\/grados\/admisioncontinuacionestudios\/\">l&#8217;admissi\u00f3 amb estudis universitaris parcials en la UMH<\/a> amb la finalitat de poder obtindre el t\u00edtol de grau corresponent.&nbsp;<\/li>\n<li>Sol\u00b7licitar l&#8217;homologaci\u00f3 o cursar el t\u00edtol de m\u00e0ster que habilite per a la professi\u00f3 regulada corresponent: <a href=\"https:\/\/www.umh.es\/contenido\/Estudios\/:tit_m_281\/datos_val.html\" target=\"_blank\" rel=\"noopener\">m\u00e0ster universitari en advocacia i procura<img loading=\"lazy\" class=\"alignnone wp-image-31436 size-full\" src=\"https:\/\/estudios.umh.es\/files\/2021\/11\/abre-en-nueva-ventana.png\" alt=\"(abre en nueva ventana)\" width=\"15\" height=\"15\"><\/a> y <a href=\"https:\/\/www.umh.es\/contenido\/Estudios\/:tit_m_230\/datos_val.html\" target=\"_blank\" rel=\"noopener\">m\u00e0ster universitari en psicologia general universit\u00e0ria<img loading=\"lazy\" class=\"alignnone wp-image-31436 size-full\" src=\"https:\/\/estudios.umh.es\/files\/2021\/11\/abre-en-nueva-ventana.png\" alt=\"(abre en nueva ventana)\" width=\"15\" height=\"15\"><\/a> respectivament.<\/li>\n<\/ol>\n<h3 style=\"text-align: left\">Com realitzar els requisits formatius complementaris per a obtindre l&#8217;homologaci\u00f3?&nbsp;<\/h3>\n<p style=\"text-align: left\">L&#8217;homologaci\u00f3 d&#8217;un t\u00edtol estranger pot quedar condicionada a la superaci\u00f3 pr\u00e8via per la persona interessada d&#8217;uns requisits formatius complementaris. L&#8217;estudiantat pot obtindre estos requisits formatius complementaris de t\u00edtols de grau que s&#8217;impartixen en la UMH d&#8217;acord amb el seg\u00fcent:&nbsp;<\/p>\n<ul>\n<li style=\"text-align: justify\">Qui pot realitzar la sol\u00b7licitud: L&#8217;estudiantat que haja rebut la notificaci\u00f3 de la resoluci\u00f3 definitiva del ministeri competent, per la qual s&#8217;expressa la necessitat de la superaci\u00f3 pr\u00e8via dels requisits formatius complementaris.<\/li>\n<li>Terminis:\n<ul>\n<li>De l&#8217;1 al 15 de setembre.&nbsp;<\/li>\n<li>De l&#8217;1 al 15 de maig nom\u00e9s per a realitzar el m\u00f2dul de Pr\u00e0ctiques Tutelades (Estades) del grau en Farm\u00e0cia. <span style=\"color: #0000ff\"><a href=\"https:\/\/estudios.umh.es\/files\/2024\/12\/Estancias-Grado-Farmacia.pdf\" target=\"_blank\" rel=\"noopener\">Requisits per a la matr\u00edcula en las Pr\u00e0ctiques Tuteladas.PDF.156kB<\/a><a href=\"https:\/\/estudios.umh.es\/files\/2024\/12\/Estancias-Grado-Farmacia.pdf\" target=\"_blank\" rel=\"noopener\"><img loading=\"lazy\" class=\"alignnone wp-image-31436 size-full\" src=\"https:\/\/estudios.umh.es\/files\/2021\/11\/abre-en-nueva-ventana.png\" alt=\"(abre en nueva ventana)\" width=\"15\" height=\"15\"><\/a><\/span>.<\/li>\n<\/ul>\n<\/li>\n<li>Com realitzar la sol\u00b7licitud:\n<ul>\n<li>Mitjan\u00e7ant <a href=\"https:\/\/sede.umh.es\/ca\/procedimientos\/instancia-general\/\" target=\"_blank\" rel=\"noopener\">inst\u00e0ncia general de la seu electr\u00f2nica de la UMH<img loading=\"lazy\" class=\"alignnone wp-image-31436 size-full\" src=\"https:\/\/estudios.umh.es\/files\/2021\/11\/abre-en-nueva-ventana.png\" alt=\"(abre en nueva ventana)\" width=\"15\" height=\"15\"><\/a> dirigida a la Vicerectora d&#8217;Estudis, adjuntant la documentaci\u00f3 seg\u00fcent:\n<ul>\n<li>Notificaci\u00f3 de la resoluci\u00f3 definitiva emesa pel Ministeri.<\/li>\n<li>Document d&#8217;identidat de l&#8217;estudiant.<\/li>\n<li>Acreditaci\u00f3 del nivell B2 de castell\u00e0, si \u00e9s el cas.<\/li>\n<\/ul>\n<\/li>\n<li>En la inst\u00e0ncia s&#8217;han d&#8217;indicar les mat\u00e8ries que l&#8217;estudiant desitja superar en el curs acad\u00e8mic corresponent.<\/li>\n<\/ul>\n<\/li>\n<li>Procediment en el cas de ser admesa la sol\u00b7licitud:\n<ul>\n<li>L&#8217;estudiantat es matricular\u00e0 de les assignatures del pla d&#8217;estudis del grau corresponent d&#8217;acord amb les directrius de la Facultat o Escola.<\/li>\n<li>L&#8217;estudiantat s&#8217;examinar\u00e0 en la convocat\u00f2ria ordin\u00e0ria de les assignatures matriculades. Nom\u00e9s es tindr\u00e0 dret a una \u00fanica convocat\u00f2ria per curs acad\u00e8mic.<\/li>\n<li>El preu de la taxa per a poder realitzar els requisits formatius \u00e9s de 16,43 \u20ac\/ECTS matriculat. El rebut ser\u00e0 facilitat a l&#8217;interessat\/da per la Facultat o Escola corresponent.<\/li>\n<\/ul>\n<\/li>\n<\/ul>\n<h3 style=\"text-align: left\">Qu\u00e8 \u00e9s l&#8217;equival\u00e8ncia?<\/h3>\n<p>L&#8217;equival\u00e8ncia d&#8217;un t\u00edtol estranger a titulaci\u00f3 i nivell acad\u00e8mic universitari oficial que no siga requisit d&#8217;acc\u00e9s a l&#8217;exercici d&#8217;una professi\u00f3 regulada \u00e9s el reconeixement oficial de la formaci\u00f3 superada per a l&#8217;obtenci\u00f3 d&#8217;un t\u00edtol estranger, com a equivalent a l&#8217;exigida per a l&#8217;obtenci\u00f3 d&#8217;un dels nivells en qu\u00e8 s&#8217;estructuren els estudis universitaris espanyols, aix\u00ed com a les titulacions corresponents a una \u00e0rea i <span style=\"text-decoration: underline\"><a style=\"text-decoration: underline\" href=\"https:\/\/estudios.umh.es\/files\/2018\/03\/Anexo-ramas-de-conocimiento-y-campos-detallados.pdf\" target=\"_blank\" rel=\"noopener\">camp.PDF.98,4kB (castell\u00e0)<\/a><\/span><span style=\"text-decoration: underline\"><a style=\"text-decoration: underline\" href=\"https:\/\/estudios.umh.es\/files\/2018\/03\/Anexo-ramas-de-conocimiento-y-campos-detallados.pdf\" target=\"_blank\" rel=\"noopener\"><img loading=\"lazy\" class=\"alignnone wp-image-31436 size-full\" src=\"https:\/\/estudios.umh.es\/files\/2021\/11\/abre-en-nueva-ventana.png\" alt=\"(abre en nueva ventana)\" width=\"15\" height=\"15\"><\/a><\/span>&nbsp;<\/p>\n<h3 style=\"text-align: left\">Com sol\u00b7licitar l&#8217;equival\u00e8ncia?<\/h3>\n<p>La sol\u00b7licitud d&#8217;equival\u00e8ncia s&#8217;ha de realitzar davant el Ministeri competent, d&#8217;acord amb este <a href=\"https:\/\/universidades.sede.gob.es\/procedimientos\/portada\/ida\/3513\/idp\/1030\" target=\"_blank\" rel=\"noopener\">procedimient<img loading=\"lazy\" class=\"alignnone wp-image-31436 size-full\" src=\"https:\/\/estudios.umh.es\/files\/2021\/11\/abre-en-nueva-ventana.png\" alt=\"(abre en nueva ventana)\" width=\"15\" height=\"15\"><\/a><\/p>","protected":false},"excerpt":{"rendered":"<p>Qu\u00e8 \u00e9s l&#8217;homologaci\u00f3?<br \/>\nL&#8217;homologaci\u00f3 \u00e9s el reconeixement oficial de la formaci\u00f3 superada per a l&#8217;obtenci\u00f3 d&#8217;un t\u00edtol estranger, equiparable a l&#8217;exigida per a l&#8217;obtenci\u00f3 d&#8217;un t\u00edtol espanyol que habilite per a l&#8217;exercici d&#8217;una professi\u00f3 regulada. Es poden consultar les titulacions de grau de la UMH susceptibles d&#8217;homologaci\u00f3.PDF.94,6kB (castell\u00e0)<br \/>\nC\u00f2m sol\u00b7licitar l&#8217;homologaci\u00f3?<br \/>\nLa sol\u00b7licitud d&#8217;homologaci\u00f3 s&#8217;ha de realitzar davant [&#8230;]<\/p>\n","protected":false},"author":10,"featured_media":0,"parent":474,"menu_order":10,"comment_status":"closed","ping_status":"open","template":"","meta":{"ngg_post_thumbnail":0,"_links_to":"","_links_to_target":""},"_links":{"self":[{"href":"https:\/\/estudios.umh.es\/ca\/wp-json\/wp\/v2\/pages\/705"}],"collection":[{"href":"https:\/\/estudios.umh.es\/ca\/wp-json\/wp\/v2\/pages"}],"about":[{"href":"https:\/\/estudios.umh.es\/ca\/wp-json\/wp\/v2\/types\/page"}],"author":[{"embeddable":true,"href":"https:\/\/estudios.umh.es\/ca\/wp-json\/wp\/v2\/users\/10"}],"replies":[{"embeddable":true,"href":"https:\/\/estudios.umh.es\/ca\/wp-json\/wp\/v2\/comments?post=705"}],"version-history":[{"count":0,"href":"https:\/\/estudios.umh.es\/ca\/wp-json\/wp\/v2\/pages\/705\/revisions"}],"up":[{"embeddable":true,"href":"https:\/\/estudios.umh.es\/ca\/wp-json\/wp\/v2\/pages\/474"}],"wp:attachment":[{"href":"https:\/\/estudios.umh.es\/ca\/wp-json\/wp\/v2\/media?parent=705"}],"curies":[{"name":"wp","href":"https:\/\/api.w.org\/{rel}","templated":true}]}}