{"id":713,"date":"2014-05-16T11:32:54","date_gmt":"2014-05-16T11:32:54","guid":{"rendered":"http:\/\/estudios.zeus.umh.es\/?page_id=713"},"modified":"2023-06-22T12:02:19","modified_gmt":"2023-06-22T10:02:19","slug":"estudiantes-con-titulo-no-homologado-ajenos-al-espacio-europeo-de-educacion-superior","status":"publish","type":"page","link":"https:\/\/estudios.umh.es\/ca\/acceso\/doctorado\/estudiantes-con-titulo-no-homologado-ajenos-al-espacio-europeo-de-educacion-superior\/","title":{"rendered":"Acc\u00e9s amb estudis universitaris estrangers"},"content":{"rendered":"<p><\/p>\n<p style=\"text-align: justify\">A m\u00e9s dels titulats universitaris pertanyents als estats membres de l&#8217;Espai Europeu d&#8217;Educaci\u00f3 Superior, podran accedir els titulats conforme a sistemes educatius aliens a l&#8217;Espai Europeu d&#8217;Educaci\u00f3 Superior sense necessitat de l&#8217;homologaci\u00f3 dels seus t\u00edtols, pr\u00e8via comprovaci\u00f3 per la Universitat que aquells acrediten un nivell de formaci\u00f3 equivalent al t\u00edtol oficial espanyol de M\u00e0ster Universitari i que faculten en el pa\u00eds expedidor del t\u00edtol per a l&#8217;acc\u00e9s a estudis de doctorat. Aquesta admissi\u00f3 no implicar\u00e0, en cap cas, l&#8217;homologaci\u00f3 del t\u00edtol previ del que estiga en possessi\u00f3 l&#8217;interessat ni el seu reconeixement a altres efectes que el de l&#8217;acc\u00e9s a ensenyaments de doctorat.<\/p>\n<p><\/p>","protected":false},"excerpt":{"rendered":"<p>A m\u00e9s dels titulats universitaris pertanyents als estats membres de l&#8217;Espai Europeu d&#8217;Educaci\u00f3 Superior, podran accedir els titulats conforme a sistemes educatius aliens a l&#8217;Espai Europeu d&#8217;Educaci\u00f3 Superior sense necessitat de l&#8217;homologaci\u00f3 dels seus t\u00edtols, pr\u00e8via comprovaci\u00f3 per la Universitat que aquells acrediten un nivell de formaci\u00f3 equivalent al t\u00edtol oficial espanyol de M\u00e0ster Universitari [&#8230;]<\/p>\n","protected":false},"author":12,"featured_media":0,"parent":158,"menu_order":30,"comment_status":"closed","ping_status":"open","template":"","meta":{"ngg_post_thumbnail":0,"_links_to":"","_links_to_target":""},"_links":{"self":[{"href":"https:\/\/estudios.umh.es\/ca\/wp-json\/wp\/v2\/pages\/713"}],"collection":[{"href":"https:\/\/estudios.umh.es\/ca\/wp-json\/wp\/v2\/pages"}],"about":[{"href":"https:\/\/estudios.umh.es\/ca\/wp-json\/wp\/v2\/types\/page"}],"author":[{"embeddable":true,"href":"https:\/\/estudios.umh.es\/ca\/wp-json\/wp\/v2\/users\/12"}],"replies":[{"embeddable":true,"href":"https:\/\/estudios.umh.es\/ca\/wp-json\/wp\/v2\/comments?post=713"}],"version-history":[{"count":0,"href":"https:\/\/estudios.umh.es\/ca\/wp-json\/wp\/v2\/pages\/713\/revisions"}],"up":[{"embeddable":true,"href":"https:\/\/estudios.umh.es\/ca\/wp-json\/wp\/v2\/pages\/158"}],"wp:attachment":[{"href":"https:\/\/estudios.umh.es\/ca\/wp-json\/wp\/v2\/media?parent=713"}],"curies":[{"name":"wp","href":"https:\/\/api.w.org\/{rel}","templated":true}]}}