{"id":735,"date":"2014-05-20T15:09:53","date_gmt":"2014-05-20T15:09:53","guid":{"rendered":"http:\/\/estudios.zeus.umh.es\/?page_id=735"},"modified":"2026-03-24T16:56:22","modified_gmt":"2026-03-24T15:56:22","slug":"expedicion-de-titulos-y-homologacion","status":"publish","type":"page","link":"https:\/\/estudios.umh.es\/ca\/presentacion\/normativas\/expedicion-de-titulos-y-homologacion\/","title":{"rendered":"EXPEDICI\u00d3 DE T\u00cdTOLS I HOMOLOGACI\u00d3"},"content":{"rendered":"<p>En este apartat pots consultar normativa relativa a l&#8217;expedici\u00f3 de t\u00edtols i homologaci\u00f3.<\/p>\n<h3><span style=\"color: #000000\">Expedici\u00f3 de T\u00edtols:<\/span><\/h3>\n<ul>\n<li><a href=\"https:\/\/www.boe.es\/buscar\/doc.php?id=BOE-A-1988-17542\" target=\"_blank\" rel=\"noopener noreferrer\">Orde de 8 de juliol de 1988 para l&#8217;aplicaci\u00f3 dels Reial Decrets 185\/1985, de 23 de gener, i 1496\/1987, de 6 de novembre, en mat\u00e8ria d&#8217;expedici\u00f3 de t\u00edtols universitaris oficials (castell\u00e0).<img loading=\"lazy\" class=\"alignnone wp-image-31436 size-full\" src=\"https:\/\/estudios.umh.es\/files\/2021\/11\/abre-en-nueva-ventana.png\" alt=\"(abre en nueva ventana)\" width=\"15\" height=\"15\"><\/a><\/li>\n<li><a href=\"https:\/\/www.boe.es\/buscar\/act.php?id=BOE-A-2010-12621\" target=\"_blank\" rel=\"noopener noreferrer\">Reial Decret 1002\/2010, de 5 d&#8217;agost, sobre expedici\u00f3 de t\u00edtols universitaris oficials (castell\u00e0).<img loading=\"lazy\" class=\"alignnone wp-image-31436 size-full\" src=\"https:\/\/estudios.umh.es\/files\/2021\/11\/abre-en-nueva-ventana.png\" alt=\"(abre en nueva ventana)\" width=\"15\" height=\"15\"><\/a><\/li>\n<li><a href=\"https:\/\/www.boe.es\/buscar\/act.php?id=BOE-A-2003-17310\" target=\"_blank\" rel=\"noopener noreferrer\">Reial Decret 1044\/2003, de 1 d&#8217;agost, pel qual s&#8217;establix el procediment para l&#8217;expedici\u00f3 per les universitats del Suplement Europeu al T\u00edtol (castell\u00e0).<img loading=\"lazy\" class=\"alignnone wp-image-31436 size-full\" src=\"https:\/\/estudios.umh.es\/files\/2021\/11\/abre-en-nueva-ventana.png\" alt=\"(abre en nueva ventana)\" width=\"15\" height=\"15\"><\/a><\/li>\n<li><a href=\"https:\/\/www.boe.es\/buscar\/act.php?id=BOE-A-2015-1158\" target=\"_blank\" rel=\"noopener noreferrer\">Reial Decreto 22\/2015, de 23 de gener, pel qual s&#8217;establixen els requisits d&#8217;expedici\u00f3 del Suplement Europeu als t\u00edtols regulats en el Reial Decret 1393\/2007, de 29 d&#8217;octubre, pel qual s&#8217; establix la ordenaci\u00f3 de les ensenyances oficials i es modifica el Reial Decret 1027\/2011, de 15 de juliol, pel qual s&#8217;establix el Marc Espanyol de Qualificacion per a l&#8217;Educaci\u00f3 Superior (castell\u00e0). <img loading=\"lazy\" class=\"alignnone wp-image-31436 size-full\" src=\"https:\/\/estudios.umh.es\/files\/2021\/11\/abre-en-nueva-ventana.png\" alt=\"(abre en nueva ventana)\" width=\"15\" height=\"15\"><\/a><\/li>\n<li><a href=\"https:\/\/www.boe.es\/buscar\/act.php?id=BOE-A-2016-5339\" target=\"_blank\" rel=\"noopener noreferrer\">Reial Decret 195\/2016, de 13 de maig, pel qual s&#8217;establixen els requisits per a l&#8217;expedici\u00f3 del Suplement Europeu al T\u00edtol Universitari de Doctor (castell\u00e0). <img loading=\"lazy\" class=\"alignnone wp-image-31436 size-full\" src=\"https:\/\/estudios.umh.es\/files\/2021\/11\/abre-en-nueva-ventana.png\" alt=\"(abre en nueva ventana)\" width=\"15\" height=\"15\"><\/a><\/li>\n<\/ul>\n<h3 style=\"text-align: justify\"><span style=\"color: #000000\">Homologaci\u00f3:<\/span><\/h3>\n<ul style=\"text-align: justify\">\n<li><a href=\"https:\/\/www.boe.es\/buscar\/doc.php?lang=es&amp;id=BOE-A-2022-17045\" target=\"_blank\" rel=\"noopener noreferrer\">Reial Decret 889\/2022, de 18 d&#8217;octubre, pel qual s&#8217;establixen les condicions i els procedimients d&#8217;homologaci\u00f3, de declaraci\u00f3 d&#8217;equival\u00e8ncia i de convalidaci\u00f3 d&#8217;ensenyances universit\u00e0ries de sistemes educatius estrangers i pel qual es regula el procedimient per a establir la correspond\u00e8ncia al nivell del Marc Espanyol de Qualificacions per a l&#8217;Educaci\u00f3 Superior dels t\u00edtols universitaris oficials pertanyents a ordenacions acad\u00e8miques anteriors (castell\u00e0)<img loading=\"lazy\" class=\"alignnone wp-image-31436 size-full\" src=\"https:\/\/estudios.umh.es\/files\/2021\/11\/abre-en-nueva-ventana.png\" alt=\"(abre en nueva ventana)\" width=\"15\" height=\"15\"><\/a><\/li>\n<li style=\"text-align: left\"><a href=\"https:\/\/estudios.umh.es\/files\/2017\/02\/Guia-RD-967-2014-homologaci\u00f3n-y-equivalencia.pdf\" target=\"_blank\" rel=\"noopener noreferrer\">Guia del Ministeri d&#8217;Educaci\u00f3, Cultura i Esport sobre els procedimients d&#8217;homologaci\u00f3 i equival\u00e8ncia regulats pel Reial Decretc 967\/2014. PDF. 625kB (castell\u00e0)<img loading=\"lazy\" class=\"alignnone wp-image-31436 size-full\" src=\"https:\/\/estudios.umh.es\/files\/2021\/11\/abre-en-nueva-ventana.png\" alt=\"(abre en nueva ventana)\" width=\"15\" height=\"15\"> <\/a><\/li>\n<li style=\"text-align: left\"><a href=\"https:\/\/www.boe.es\/buscar\/doc.php?id=BOE-A-2015-13435\" target=\"_blank\" rel=\"noopener noreferrer\">Orde ECD\/ 2654\/2015,e 3 de desembre, per la qual es dicten les normes de desenrotllament i aplicaci\u00f3 del RD 967\/2014, de 21 de novembre, pel que fa als procediments per a l&#8217;homologaci\u00f3 i declaraci\u00f3 d&#8217;equival\u00e8ncia de t\u00edtols estrangers d&#8217;educaci\u00f3 superior (castell\u00e0).<img loading=\"lazy\" class=\"alignnone wp-image-31436 size-full\" src=\"https:\/\/estudios.umh.es\/files\/2021\/11\/abre-en-nueva-ventana.png\" alt=\"(abre en nueva ventana)\" width=\"15\" height=\"15\"><\/a><\/li>\n<\/ul>\n<p><\/p>","protected":false},"excerpt":{"rendered":"<p>En este apartat pots consultar normativa relativa a l&#8217;expedici\u00f3 de t\u00edtols i homologaci\u00f3.<br \/>\nExpedici\u00f3 de T\u00edtols:<\/p>\n<p>Orde de 8 de juliol de 1988 para l&#8217;aplicaci\u00f3 dels Reial Decrets 185\/1985, de 23 de gener, i 1496\/1987, de 6 de novembre, en mat\u00e8ria d&#8217;expedici\u00f3 de t\u00edtols universitaris oficials (castell\u00e0).<br \/>\nReial Decret 1002\/2010, de 5 d&#8217;agost, sobre expedici\u00f3 de t\u00edtols universitaris [&#8230;]<\/p>\n","protected":false},"author":13,"featured_media":0,"parent":31,"menu_order":30,"comment_status":"closed","ping_status":"open","template":"","meta":{"ngg_post_thumbnail":0,"_links_to":"","_links_to_target":""},"_links":{"self":[{"href":"https:\/\/estudios.umh.es\/ca\/wp-json\/wp\/v2\/pages\/735"}],"collection":[{"href":"https:\/\/estudios.umh.es\/ca\/wp-json\/wp\/v2\/pages"}],"about":[{"href":"https:\/\/estudios.umh.es\/ca\/wp-json\/wp\/v2\/types\/page"}],"author":[{"embeddable":true,"href":"https:\/\/estudios.umh.es\/ca\/wp-json\/wp\/v2\/users\/13"}],"replies":[{"embeddable":true,"href":"https:\/\/estudios.umh.es\/ca\/wp-json\/wp\/v2\/comments?post=735"}],"version-history":[{"count":0,"href":"https:\/\/estudios.umh.es\/ca\/wp-json\/wp\/v2\/pages\/735\/revisions"}],"up":[{"embeddable":true,"href":"https:\/\/estudios.umh.es\/ca\/wp-json\/wp\/v2\/pages\/31"}],"wp:attachment":[{"href":"https:\/\/estudios.umh.es\/ca\/wp-json\/wp\/v2\/media?parent=735"}],"curies":[{"name":"wp","href":"https:\/\/api.w.org\/{rel}","templated":true}]}}