{"id":765,"date":"2014-05-23T10:40:45","date_gmt":"2014-05-23T10:40:45","guid":{"rendered":"http:\/\/estudios.zeus.umh.es\/?page_id=765"},"modified":"2023-05-03T12:02:13","modified_gmt":"2023-05-03T10:02:13","slug":"seguro-escolar","status":"publish","type":"page","link":"https:\/\/estudios.umh.es\/ca\/seguro-escolar\/","title":{"rendered":"ASSEGURAN\u00c7A ESCOLAR"},"content":{"rendered":"<p>Consulta la <a href=\"https:\/\/www.seg-social.es\/wps\/portal\/wss\/internet\/Trabajadores\/PrestacionesPensionesTrabajadores\/28622\" target=\"_blank\" rel=\"noopener\">informaci\u00f3 sobre l&#8217;Asseguran\u00e7a Escolar<img loading=\"lazy\" class=\"alignnone wp-image-31436 size-full\" src=\"https:\/\/estudios.umh.es\/files\/2021\/11\/abre-en-nueva-ventana.png\" alt=\"(abre en nueva ventana)\" width=\"15\" height=\"15\"><\/a> que ofereix el Ministeri d&#8217;Inclusi\u00f3, Seguretat Social i Migracions.<\/p>","protected":false},"excerpt":{"rendered":"<p>Consulta la informaci\u00f3 sobre l&#8217;Asseguran\u00e7a Escolar que ofereix el Ministeri d&#8217;Inclusi\u00f3, Seguretat Social i Migracions.<\/p>\n","protected":false},"author":53,"featured_media":0,"parent":0,"menu_order":61,"comment_status":"closed","ping_status":"open","template":"","meta":{"ngg_post_thumbnail":0,"_links_to":"","_links_to_target":""},"_links":{"self":[{"href":"https:\/\/estudios.umh.es\/ca\/wp-json\/wp\/v2\/pages\/765"}],"collection":[{"href":"https:\/\/estudios.umh.es\/ca\/wp-json\/wp\/v2\/pages"}],"about":[{"href":"https:\/\/estudios.umh.es\/ca\/wp-json\/wp\/v2\/types\/page"}],"author":[{"embeddable":true,"href":"https:\/\/estudios.umh.es\/ca\/wp-json\/wp\/v2\/users\/53"}],"replies":[{"embeddable":true,"href":"https:\/\/estudios.umh.es\/ca\/wp-json\/wp\/v2\/comments?post=765"}],"version-history":[{"count":0,"href":"https:\/\/estudios.umh.es\/ca\/wp-json\/wp\/v2\/pages\/765\/revisions"}],"wp:attachment":[{"href":"https:\/\/estudios.umh.es\/ca\/wp-json\/wp\/v2\/media?parent=765"}],"curies":[{"name":"wp","href":"https:\/\/api.w.org\/{rel}","templated":true}]}}