{"id":779,"date":"2014-05-28T10:00:06","date_gmt":"2014-05-28T10:00:06","guid":{"rendered":"http:\/\/estudios.zeus.umh.es\/?page_id=779"},"modified":"2016-09-15T13:54:04","modified_gmt":"2016-09-15T13:54:04","slug":"calendario-de-matricula","status":"publish","type":"page","link":"https:\/\/estudios.umh.es\/ca\/calendario-de-matricula\/","title":{"rendered":"<span lang=\"es\">(Espa\u00f1ol) Calendario de matr\u00edcula<\/span>"},"content":{"rendered":"<p><span style=\"color: #800000\"><strong>Curso Acad\u00e9mico 2015\/2016<\/strong><\/span><\/p>\n<p><strong><em>Estudiantes de Nuevo Ingreso:<\/em><\/strong><\/p>\n<p style=\"text-align: justify\">Una vez has sido admitido recibir\u00e1s un SMS y un correo electr\u00f3nico\u00a0con el PIN (en el caso de que no puedas obtenerlo llama al 96 665 8500), para realizar la matr\u00edcula en los plazos establecidos.<\/p>\n<p style=\"text-align: justify\">Puedes consultar aqu\u00ed los <a href=\"https:\/\/estudios.umh.es\/calendario-academico\/\" target=\"_blank\"><strong>plazos de matr\u00edcula<\/strong><\/a><\/p>\n<p>Una vez formalizada la matr\u00edcula, deber\u00e1s presentar la documentaci\u00f3n necesaria (original y copia) en el\u00a0<strong>plazo m\u00e1ximo de dos semanas<\/strong>\u00a0en el Centro de Gesti\u00f3n de Campus en que se imparta la titulaci\u00f3n (Altea, Elche, Orihuela o Sant Joan d\u2019Alacant).<\/p>\n<p>Tambi\u00e9n puedes enviarla, en el mismo plazo, por correo certificado, debidamente compulsada, dirigida al Centro de Gesti\u00f3n de Campus correspondiente.<\/p>\n<p>Si has realizado la matr\u00edcula en una titulaci\u00f3n y no deseas continuar con la misma, no olvides presentar un escrito\u00a0<strong>anulando matr\u00edcula<\/strong>, en el Centro de Gesti\u00f3n de Campus correspondiente, indicando la titulaci\u00f3n y adjuntando fotocopia del DNI.<\/p>\n<p style=\"text-align: justify\"><strong><em>Titulaciones con exceso de demanda:<\/em><\/strong><\/p>\n<p style=\"text-align: justify\"><strong>\u00a0<\/strong>Si NO formalizas la matr\u00edcula en el per\u00edodo indicado\u00a0<strong>perder\u00e1s la plaza asignada<\/strong>\u00a0y decaer\u00e1 en tu derecho de matriculaci\u00f3n.<\/p>\n<p style=\"text-align: justify\">A medida que se vayan produciendo vacantes en los distintos cupos,\u00a0<strong>se citar\u00e1 a los estudiantes de la lista de espera con un SMS y\/o correo electr\u00f3nico<\/strong>\u00a0concedi\u00e9ndoles un plazo de matr\u00edcula, que en el caso de no utilizarse conllevar\u00e1 la p\u00e9rdida de la plaza.<\/p>\n<p style=\"text-align: justify\">Puedes consultar en el siguiente enlace las\u00a0<a href=\"http:\/\/universite.umh.es\/subastaprematricula\/InformacionSubastas.aspx\" target=\"_blank\">\u00a0<strong>listas de espera<\/strong><\/a><strong>.<\/strong><\/p>\n<p style=\"text-align: justify\"><strong><strong><em>Titulaciones sin exceso de demanda:<\/em><\/strong><\/strong><\/p>\n<p style=\"text-align: justify\">Puedes\u00a0formalizar la matr\u00edcula, en los plazos establecidos al efecto, mediante la aplicaci\u00f3n de <a href=\"https:\/\/matricula.umh.es\/\" target=\"_blank\"><strong>Automatr\u00edcula<\/strong> <\/a>o en\u00a0el Centro de Gesti\u00f3n de Campus correspondiente.<\/p>\n<hr style=\"color: #c50606\" \/>\n<p><strong><em>Estudiantes de 2\u00ba Curso o Posteriores:<\/em><\/strong><\/p>\n<p style=\"text-align: justify\">Recibir\u00e1s un SMS con tu PIN y tu d\u00eda de consolidaci\u00f3n de matr\u00edcula, asignado de acuerdo con el\u00a0<strong>criterio de priorizaci\u00f3n de matr\u00edcula <\/strong>(tienen preferencia los estudiantes que le resten un menor n\u00famero de cr\u00e9ditos para finalizar sus estudios, a igualdad de cr\u00e9ditos tienen preferencia los estudiantes de mayor nota).<\/p>\n<p style=\"text-align: justify\">Si quieres mantener el n\u00famero de orden que se te ha asignado de acuerdo con el criterio de priorizaci\u00f3n <strong>deber\u00e1s realizar la matr\u00edcula desde la fecha de inicio de la misma hasta el d\u00eda anterior a la fecha de consolidaci\u00f3n de matr\u00edcula<\/strong>. En caso contrario se consolidar\u00e1 tu matr\u00edcula el d\u00eda que la realices.<\/p>\n<p style=\"text-align: justify\">El estudiante podr\u00e1 eliminar o modificar la propuesta de matr\u00edcula (prematr\u00edcula) hasta el d\u00eda anterior a la fecha de consolidaci\u00f3n de matr\u00edcula. Los alumnos deber\u00e1n elegir las asignaturas optativas y libre elecci\u00f3n que deseen, indicando el n\u00famero m\u00e1ximo de optativas y de libre configuraci\u00f3n. Si no se pudieran incorporar las asignaturas elegidas, \u00e9stas pasar\u00e1n a lista de espera.<\/p>\n<p><\/p>","protected":false},"excerpt":{"rendered":"<p>Curso Acad\u00e9mico 2015\/2016<br \/>\nEstudiantes de Nuevo Ingreso:<br \/>\nUna vez has sido admitido recibir\u00e1s un SMS y un correo electr\u00f3nico\u00a0con el PIN (en el caso de que no puedas obtenerlo llama al 96 665 8500), para realizar la matr\u00edcula en los plazos establecidos.<br \/>\nPuedes consultar aqu\u00ed los plazos de matr\u00edcula<br \/>\nUna vez formalizada la matr\u00edcula, deber\u00e1s presentar la documentaci\u00f3n necesaria [&#8230;]<\/p>\n","protected":false},"author":9,"featured_media":0,"parent":0,"menu_order":0,"comment_status":"closed","ping_status":"open","template":"","meta":{"ngg_post_thumbnail":0,"_links_to":"","_links_to_target":""},"_links":{"self":[{"href":"https:\/\/estudios.umh.es\/ca\/wp-json\/wp\/v2\/pages\/779"}],"collection":[{"href":"https:\/\/estudios.umh.es\/ca\/wp-json\/wp\/v2\/pages"}],"about":[{"href":"https:\/\/estudios.umh.es\/ca\/wp-json\/wp\/v2\/types\/page"}],"author":[{"embeddable":true,"href":"https:\/\/estudios.umh.es\/ca\/wp-json\/wp\/v2\/users\/9"}],"replies":[{"embeddable":true,"href":"https:\/\/estudios.umh.es\/ca\/wp-json\/wp\/v2\/comments?post=779"}],"version-history":[{"count":0,"href":"https:\/\/estudios.umh.es\/ca\/wp-json\/wp\/v2\/pages\/779\/revisions"}],"wp:attachment":[{"href":"https:\/\/estudios.umh.es\/ca\/wp-json\/wp\/v2\/media?parent=779"}],"curies":[{"name":"wp","href":"https:\/\/api.w.org\/{rel}","templated":true}]}}