{"id":80,"date":"2014-03-18T10:39:41","date_gmt":"2014-03-18T10:39:41","guid":{"rendered":"http:\/\/estudios.zeus.umh.es\/?page_id=80"},"modified":"2026-03-02T12:14:52","modified_gmt":"2026-03-02T11:14:52","slug":"mayores-de-25-anos","status":"publish","type":"page","link":"https:\/\/estudios.umh.es\/ca\/acceso\/grados\/pruebas-de-acceso\/mayores-de-25-anos\/","title":{"rendered":"MAJORS DE 25 ANYS"},"content":{"rendered":"<p><\/p>\n<p style=\"text-align: left\">Les persones majors de 25 anys d&#8217;edat, podran accedir als ensenyaments universitaris oficials de Grau mitjan\u00e7ant la superaci\u00f3 d&#8217;una prova d&#8217;acc\u00e9s. Nom\u00e9s podran conc\u00f3rrer a aquesta prova d&#8217;acc\u00e9s, els qui complisquen o hagen complit els 25 anys d&#8217;edat durant l&#8217;any natural en qu\u00e8 se celebren les proves.<\/p>\n<p style=\"text-align: left\">Informaci\u00f3 addicional:<\/p>\n<ul>\n<li><a href=\"https:\/\/estudios.umh.es\/ca\/cursos-preparatorios-mayores-25-anos\/\" rel=\"noopener noreferrer\">CURS PREPARATORI<\/a><\/li>\n<li><a href=\"https:\/\/estudios.umh.es\/ca\/pau25\/\" rel=\"noopener noreferrer\">PROVA<\/a><\/li>\n<\/ul>\n<p><\/p>","protected":false},"excerpt":{"rendered":"<p>Les persones majors de 25 anys d&#8217;edat, podran accedir als ensenyaments universitaris oficials de Grau mitjan\u00e7ant la superaci\u00f3 d&#8217;una prova d&#8217;acc\u00e9s. Nom\u00e9s podran conc\u00f3rrer a aquesta prova d&#8217;acc\u00e9s, els qui complisquen o hagen complit els 25 anys d&#8217;edat durant l&#8217;any natural en qu\u00e8 se celebren les proves.<br \/>\nInformaci\u00f3 addicional:<\/p>\n<p>CURS PREPARATORI<br \/>\nPROVA<\/p>\n","protected":false},"author":219,"featured_media":0,"parent":77,"menu_order":20,"comment_status":"closed","ping_status":"open","template":"","meta":{"ngg_post_thumbnail":0,"_links_to":"","_links_to_target":""},"_links":{"self":[{"href":"https:\/\/estudios.umh.es\/ca\/wp-json\/wp\/v2\/pages\/80"}],"collection":[{"href":"https:\/\/estudios.umh.es\/ca\/wp-json\/wp\/v2\/pages"}],"about":[{"href":"https:\/\/estudios.umh.es\/ca\/wp-json\/wp\/v2\/types\/page"}],"author":[{"embeddable":true,"href":"https:\/\/estudios.umh.es\/ca\/wp-json\/wp\/v2\/users\/219"}],"replies":[{"embeddable":true,"href":"https:\/\/estudios.umh.es\/ca\/wp-json\/wp\/v2\/comments?post=80"}],"version-history":[{"count":0,"href":"https:\/\/estudios.umh.es\/ca\/wp-json\/wp\/v2\/pages\/80\/revisions"}],"up":[{"embeddable":true,"href":"https:\/\/estudios.umh.es\/ca\/wp-json\/wp\/v2\/pages\/77"}],"wp:attachment":[{"href":"https:\/\/estudios.umh.es\/ca\/wp-json\/wp\/v2\/media?parent=80"}],"curies":[{"name":"wp","href":"https:\/\/api.w.org\/{rel}","templated":true}]}}