{"id":81,"date":"2014-03-18T10:40:10","date_gmt":"2014-03-18T10:40:10","guid":{"rendered":"http:\/\/estudios.zeus.umh.es\/?page_id=81"},"modified":"2026-03-17T16:04:02","modified_gmt":"2026-03-17T15:04:02","slug":"mayores-de-40-anos","status":"publish","type":"page","link":"https:\/\/estudios.umh.es\/ca\/acceso\/grados\/pruebas-de-acceso\/mayores-de-40-anos\/","title":{"rendered":"MAJORS DE 40 ANYS"},"content":{"rendered":"<p><\/p>\n<p style=\"text-align: justify\">Podran accedir per esta via les persones candidates amb experi\u00e8ncia laboral i professional en relaci\u00f3 amb una ensenyan\u00e7a, que no posse\u00efsquen cap titulaci\u00f3 acad\u00e8mica habilitant per a accedir a la universitat per altres vies i complisquen o hagen complit els 40 anys d&#8217;edat durant l&#8217;any natural en qu\u00e8 se celebren les proves.<\/p>\n<p style=\"text-align: left\">Informaci\u00f3 addicional:<\/p>\n<ul>\n<li style=\"text-align: left\"><a href=\"https:\/\/estudios.umh.es\/ca\/cursos-preparatorios-mayores-40-anos\/\" rel=\"noopener noreferrer\">CURS PREPARATORI<\/a><\/li>\n<li style=\"text-align: left\"><a href=\"https:\/\/estudios.umh.es\/ca\/prueba-de-acceso-mayores-40\/\" rel=\"noopener noreferrer\">PROVA D&#8217;ACC\u00c9S<\/a><\/li>\n<\/ul>\n<p><\/p>","protected":false},"excerpt":{"rendered":"<p>Podran accedir per esta via les persones candidates amb experi\u00e8ncia laboral i professional en relaci\u00f3 amb una ensenyan\u00e7a, que no posse\u00efsquen cap titulaci\u00f3 acad\u00e8mica habilitant per a accedir a la universitat per altres vies i complisquen o hagen complit els 40 anys d&#8217;edat durant l&#8217;any natural en qu\u00e8 se celebren les proves.<br \/>\nInformaci\u00f3 addicional:<\/p>\n<p>CURS PREPARATORI<br \/>\nPROVA D&#8217;ACC\u00c9S<\/p>\n","protected":false},"author":219,"featured_media":0,"parent":77,"menu_order":30,"comment_status":"closed","ping_status":"open","template":"","meta":{"ngg_post_thumbnail":0,"_links_to":"","_links_to_target":""},"_links":{"self":[{"href":"https:\/\/estudios.umh.es\/ca\/wp-json\/wp\/v2\/pages\/81"}],"collection":[{"href":"https:\/\/estudios.umh.es\/ca\/wp-json\/wp\/v2\/pages"}],"about":[{"href":"https:\/\/estudios.umh.es\/ca\/wp-json\/wp\/v2\/types\/page"}],"author":[{"embeddable":true,"href":"https:\/\/estudios.umh.es\/ca\/wp-json\/wp\/v2\/users\/219"}],"replies":[{"embeddable":true,"href":"https:\/\/estudios.umh.es\/ca\/wp-json\/wp\/v2\/comments?post=81"}],"version-history":[{"count":0,"href":"https:\/\/estudios.umh.es\/ca\/wp-json\/wp\/v2\/pages\/81\/revisions"}],"up":[{"embeddable":true,"href":"https:\/\/estudios.umh.es\/ca\/wp-json\/wp\/v2\/pages\/77"}],"wp:attachment":[{"href":"https:\/\/estudios.umh.es\/ca\/wp-json\/wp\/v2\/media?parent=81"}],"curies":[{"name":"wp","href":"https:\/\/api.w.org\/{rel}","templated":true}]}}