{"id":82,"date":"2014-03-18T10:40:41","date_gmt":"2014-03-18T10:40:41","guid":{"rendered":"http:\/\/estudios.zeus.umh.es\/?page_id=82"},"modified":"2026-03-02T12:15:16","modified_gmt":"2026-03-02T11:15:16","slug":"mayores-de-45-anos","status":"publish","type":"page","link":"https:\/\/estudios.umh.es\/ca\/acceso\/grados\/pruebas-de-acceso\/mayores-de-45-anos\/","title":{"rendered":"MAJORS DE 45 ANYS"},"content":{"rendered":"<p><\/p>\n<p style=\"text-align: justify\">Les persones majors de 45 anys d&#8217;edat que no posse\u00efsquen cap titulaci\u00f3 acad\u00e8mica habilitant per a accedir a la universitat per altres vies ni puguen acreditar experi\u00e8ncia laboral o professional, podran accedir als ensenyaments universitaris oficials de Grau per mitj\u00e0 de la superaci\u00f3 d&#8217;una prova d&#8217;acc\u00e9s adaptada, si complixen o han complit l&#8217;esmentada edat durant l&#8217;any natural en qu\u00e8 se celebren les proves.<\/p>\n<p style=\"text-align: left\">Informaci\u00f3 addicional:<\/p>\n<ul>\n<li style=\"text-align: left\"><a href=\"https:\/\/estudios.umh.es\/ca\/cursos-preparatorios-mayores-45-anos\/\" rel=\"noopener noreferrer\">CURS PREPARATORI<\/a><\/li>\n<li style=\"text-align: left\"><a href=\"https:\/\/estudios.umh.es\/ca\/prueba-de-acceso-mayores-45\/\" rel=\"noopener noreferrer\">PROVA<\/a><\/li>\n<\/ul>\n<p><\/p>","protected":false},"excerpt":{"rendered":"<p>Les persones majors de 45 anys d&#8217;edat que no posse\u00efsquen cap titulaci\u00f3 acad\u00e8mica habilitant per a accedir a la universitat per altres vies ni puguen acreditar experi\u00e8ncia laboral o professional, podran accedir als ensenyaments universitaris oficials de Grau per mitj\u00e0 de la superaci\u00f3 d&#8217;una prova d&#8217;acc\u00e9s adaptada, si complixen o han complit l&#8217;esmentada edat durant [&#8230;]<\/p>\n","protected":false},"author":219,"featured_media":0,"parent":77,"menu_order":40,"comment_status":"closed","ping_status":"open","template":"","meta":{"ngg_post_thumbnail":0,"_links_to":"","_links_to_target":""},"_links":{"self":[{"href":"https:\/\/estudios.umh.es\/ca\/wp-json\/wp\/v2\/pages\/82"}],"collection":[{"href":"https:\/\/estudios.umh.es\/ca\/wp-json\/wp\/v2\/pages"}],"about":[{"href":"https:\/\/estudios.umh.es\/ca\/wp-json\/wp\/v2\/types\/page"}],"author":[{"embeddable":true,"href":"https:\/\/estudios.umh.es\/ca\/wp-json\/wp\/v2\/users\/219"}],"replies":[{"embeddable":true,"href":"https:\/\/estudios.umh.es\/ca\/wp-json\/wp\/v2\/comments?post=82"}],"version-history":[{"count":0,"href":"https:\/\/estudios.umh.es\/ca\/wp-json\/wp\/v2\/pages\/82\/revisions"}],"up":[{"embeddable":true,"href":"https:\/\/estudios.umh.es\/ca\/wp-json\/wp\/v2\/pages\/77"}],"wp:attachment":[{"href":"https:\/\/estudios.umh.es\/ca\/wp-json\/wp\/v2\/media?parent=82"}],"curies":[{"name":"wp","href":"https:\/\/api.w.org\/{rel}","templated":true}]}}