{"id":84,"date":"2014-03-18T10:42:11","date_gmt":"2014-03-18T10:42:11","guid":{"rendered":"http:\/\/estudios.zeus.umh.es\/?page_id=84"},"modified":"2026-02-03T09:39:24","modified_gmt":"2026-02-03T08:39:24","slug":"preinscripcion-universitaria","status":"publish","type":"page","link":"https:\/\/estudios.umh.es\/ca\/acceso\/grados\/preinscripcion-universitaria\/","title":{"rendered":"PREINSCRIPCI\u00d3 UNIVERSIT\u00c0RIA"},"content":{"rendered":"<p><\/p>\n<h3 style=\"text-align: left\">Qu\u00e8 \u00e9s la preinscripci\u00f3 universit\u00e0ria?<\/h3>\n<p style=\"text-align: left\">L&#8217;estudiantat que complisca els requisits acad\u00e8mics corresponents i vulga accedir als ensenyaments universitaris de grau impartides per centres propis o adscrits a universitats p\u00fabliques del sistema universitari valenci\u00e0, que tinguen aprovat un nombre limitat de places d&#8217;acc\u00e9s, haur\u00e0 de sol\u00b7licitar la seua admissi\u00f3 en les mateixes a trav\u00e9s del proc\u00e9s de preinscripci\u00f3.<\/p>\n<h3 style=\"text-align: left\">Quins s\u00f3n els requisits acad\u00e8mics per a realitzar la preinscripci\u00f3 universit\u00e0ria?<\/h3>\n<ol style=\"text-align: left\">\n<li style=\"text-align: justify\">T\u00edtol de Batxillerat espanyol amb la prova d&#8217;acc\u00e9s a la universitat superada.<\/li>\n<li style=\"text-align: justify\">T\u00edtols oficials de T\u00e8cnic Superior de Formaci\u00f3 Professional, de T\u00e8cnic Superior d&#8217;Arts Pl\u00e0stiques i Disseny o de T\u00e8cnic Esportiu Superior.<\/li>\n<li style=\"text-align: justify\">Haver superat les proves d&#8217;acc\u00e9s a la universitat per a majors de 25 anys.<\/li>\n<li style=\"text-align: justify\">Haver superat les proves d&#8217;acc\u00e9s a la universitat per a majors de 40 i 45 anys en les universitats p\u00fabliques de la Comunitat Valenciana.<\/li>\n<li style=\"text-align: justify\">T\u00edtol universitari oficial de Grau, M\u00e0ster o t\u00edtol equivalent.<\/li>\n<li style=\"text-align: justify\">T\u00edtol de Batxillerat de sistemes educatius estrangers amb l&#8217;acreditaci\u00f3 expedida per la <span style=\"color: #000000\">UNED. Visita la <a href=\"https:\/\/unedasiss.uned.es\/home\" target=\"_blank\" rel=\"noopener\">UNED assis<img loading=\"lazy\" class=\"alignnone wp-image-31436 size-full\" src=\"https:\/\/estudios.umh.es\/files\/2021\/11\/abre-en-nueva-ventana.png\" alt=\"(abre en nueva ventana)\" width=\"15\" height=\"15\"><\/a><\/span><\/li>\n<\/ol>\n<h3 style=\"text-align: left\">Quin \u00e9s el calendari de preinscripci\u00f3?<\/h3>\n<ul style=\"text-align: left\">\n<li style=\"text-align: justify\">La convocat\u00f2ria \u00e9s \u00fanica, per tant, tot l&#8217;estudiantat que desitge obtindre una pla\u00e7a en un estudi de grau haur\u00e0 de fer la sol\u00b7licitud en el seg\u00fcent termini: <strong>Del 16 de juny al 4 de juliol de 2025 (aquest \u00faltim dia fins les 14 hores)<\/strong>.<\/li>\n<li style=\"text-align: justify\">L&#8217;alumnat que es presente a la prova d&#8217;acc\u00e9s a la universitat (PAU) en convocat\u00f2ria de juliol de 2025 en la Comunitat Valenciana haur\u00e0 de presentar la sol\u00b7licitud de preinscripci\u00f3 telem\u00e0tica des del moment en qu\u00e8 dispose de la seua clau de PAU, que se li facilitar\u00e0 el primer dia de realitzaci\u00f3 de les proves, <strong>fins al dia 4 de juliol de 2025 inclusivament<\/strong>, fins les 14 hores, encara que no es coneguen les seues qualificacions de la prova d&#8217;acc\u00e9s de juliol. Ser\u00e0 el programa inform\u00e0tic el que carregar\u00e0 les seues qualificacions, quan estiguen disponibles, abans del proc\u00e9s de baremaci\u00f3 i adjudicaci\u00f3 de places.<\/li>\n<li style=\"text-align: justify\">Per a l&#8217;estudiantat d&#8217;estudis estrangers que accedisca a la universitat (punt 6 de la pregunta anterior), el termini finalitzar\u00e0 el dia 8<strong>&nbsp;de juliol a les 14 hore<\/strong>s. No obstant aix\u00f2, a l&#8217;estudiantat pertanyent a estos col\u00b7lectius que no haja pogut presentar la seua sol\u00b7licitud en el termini establit en el par\u00e0graf anterior i la presente entre el <strong>14 i el 31 de juliol de 2025 fins les 14 h<\/strong> se li respectaran els seus drets d&#8217;admissi\u00f3<strong>.<\/strong> Qui presente una sol\u2219licitud de preinscripci\u00f3 en el primer termini ja no podr\u00e0 presentar-ne una altra en el segon termini.<\/li>\n<\/ul>\n<h3 style=\"text-align: left\">Quina \u00e9s la prioritat en l&#8217;adjudicaci\u00f3?<\/h3>\n<ul style=\"text-align: left\">\n<li style=\"text-align: justify\">L&#8217;estudiantat amb acc\u00e9s aprovat en cursos anteriors i els que aproven la convocat\u00f2ria ordin\u00e0ria de PAU de juny de 2025, tenen prefer\u00e8ncia sobre l&#8217;estudiantat que aprova la PAU en la convocat\u00f2ria extraordin\u00e0ria de juliol de 2025.<\/li>\n<li style=\"text-align: justify\">Totes les assignatures aprovades en la convocat\u00f2ria extraordin\u00e0ria de juliol de 2025 no es comptabilitzaran per a l&#8217;adjudicaci\u00f3 preferent a aquell estudiantat que haja aprovat la PAU al juny de 2025 o en anys anteriors.<\/li>\n<\/ul>\n<h3 style=\"text-align: left\">Com has de realitzar la sol\u00b7licitud de preinscripci\u00f3?<\/h3>\n<ul style=\"text-align: left\">\n<li style=\"text-align: justify\">La sol\u00b7licitud de preinscripci\u00f3 es realitzar\u00e0 a trav\u00e9s de <a href=\"https:\/\/tramitadoredu.gva.es\/jwt\/#\/home\" target=\"_blank\" rel=\"noopener\">l&#8217;assistent telem\u00e0tic<img loading=\"lazy\" class=\"alignnone wp-image-31436 size-full\" src=\"https:\/\/estudios.umh.es\/files\/2021\/11\/abre-en-nueva-ventana.png\" alt=\"(abre en nueva ventana)\" width=\"15\" height=\"15\"><\/a><\/li>\n<li>Abans d&#8217;accedir a l&#8217;assistent llig la <a href=\"https:\/\/universitats.gva.es\/documents\/389338055\/389340609\/4-2024_00_AyudaTramitadorAccesoCAS.pdf\/3347f1d5-7d4f-9315-3d15-bf1188da12e8?t=1734353289475\" target=\"_blank\" rel=\"noopener\">guia per a identificar-se <img loading=\"lazy\" class=\"alignnone wp-image-31436 size-full\" src=\"https:\/\/estudios.umh.es\/files\/2021\/11\/abre-en-nueva-ventana.png\" alt=\"(abre en nueva ventana)\" width=\"15\" height=\"15\"><\/a><\/li>\n<li style=\"text-align: justify\">Tot l&#8217;estudiantat ha de presentar la sol\u00b7licitud de preinscripci\u00f3 mitjan\u00e7ant l&#8217;assistent telem\u00e0tic.<\/li>\n<li style=\"text-align: justify\">L&#8217;estudiantat que haja de presentar documentaci\u00f3, la formalitzar\u00e0 tamb\u00e9 mitjan\u00e7ant l&#8217;assistent, escanejar\u00e0 la documentaci\u00f3 i la pujar\u00e0 en la web, en l&#8217;apartat que corresponga, durant el proc\u00e9s de sol\u00b7licitud de preinscripci\u00f3.<\/li>\n<li style=\"text-align: justify\">Ning\u00fa podr\u00e0 presentar la sol\u00b7licitud de preinscripci\u00f3 en paper en la Universitat.<\/li>\n<li>\u00danicament has de presentar una \u00fanica sol\u00b7licitud en la qual podr\u00e0s sol\u00b7licitar fins a un m\u00e0xim de 20 titulacions per ordre de prefer\u00e8ncia. Aix\u00ed mateix, en una mateixa sol\u00b7licitud de preinscripci\u00f3 podr\u00e0s indicar diferents vies d&#8217;acc\u00e9s si disposes de m\u00e9s d&#8217;un requisit acad\u00e8mic que et done acc\u00e9s als estudis de grau.<\/li>\n<\/ul>\n<h3 style=\"text-align: left\">Qui realitzar\u00e0 la seua sol\u00b7licitud de preinscripci\u00f3 de manera telem\u00e0tica i no ha de presentar cap documentaci\u00f3?<\/h3>\n<ul style=\"text-align: left\">\n<li style=\"text-align: justify\">L&#8217;estudiantat de Batxillerat de la Comunitat Valenciana que realitza la Fase Obligat\u00f2ria i\/o la Fase Volunt\u00e0ria de la PAU enguany o els que la van fer en 2012 i posteriors. Aquest estudiantat, s&#8217;identificar\u00e0 amb el DNI, NIE o passaport i a m\u00e9s amb la clau que se li va proporcionar a les PAU.<\/li>\n<li style=\"text-align: justify\">L&#8217;estudiantat que va estar exempt de les PAU de 2017 en la Comunitat Valenciana i t\u00e9 la seua Acreditaci\u00f3 de l&#8217;exempci\u00f3 de les PAU de 2017. S&#8217;identificar\u00e0 amb el DNI, NIE o passaport i a m\u00e9s amb la clau que se li va proporcionar al seu correu electr\u00f2nic.<\/li>\n<li><strong>IMPORTANT:<\/strong> Si l&#8217;estudiantat t\u00e9 una discapacitat igual o superior al 33% o \u00e9s esportista d&#8217;alt rendiment haur\u00e0 d&#8217;escanejar la documentaci\u00f3 que procedisca en cada cas i pujar-la a la web en els apartats que corresponguen. Sense el compliment d&#8217;aquest tr\u00e0mit no es considerar\u00e0 v\u00e0lidament realitzada la preinscripci\u00f3. (Nota: l&#8217;estudiantat que ostente la condici\u00f3 d&#8217;esportista d&#8217;alt nivell o esportistes d&#8217;elit de la Comunitat Valenciana \u00fanicament haur\u00e0 d&#8217;indicar-ho seleccionant en el desplegable de l&#8217;assistent telem\u00e0tic el Butllet\u00ed Oficial de l&#8217;Estat o el Diari Oficial de la Generalitat Valenciana, respectivament, on est\u00e0 publicada aquesta condici\u00f3. No hauran de pujar cap document respecte a aquesta condici\u00f3).<\/li>\n<\/ul>\n<h3 style=\"text-align: left\">Qui realitzar\u00e0 la seua sol\u00b7licitud de preinscripci\u00f3 de manera telem\u00e0tica i obligat\u00f2riament haur\u00e0 de presentar documentaci\u00f3 (pujant-la escanejada en la Web)?<\/h3>\n<ul style=\"text-align: left\">\n<li>La resta d&#8217;estudiantat no incl\u00f2s en la pregunta anterior.&nbsp;<\/li>\n<li>Aquest estudiantat haur\u00e0 d&#8217;emplenar la sol\u00b7licitud de preinscripci\u00f3 en l&#8217;assistent telem\u00e0tic i despr\u00e9s escanejar la corresponent documentaci\u00f3 i pujar-la al web en l&#8217;apartat o apartats que corresponguen. Sense el compliment d&#8217;aquest tr\u00e0mit no es considerar\u00e0 v\u00e0lidament realitzada la preinscripci\u00f3.<\/li>\n<\/ul>\n<h3 style=\"text-align: left\">Quins passos haur\u00e0s de seguir per a realitzar la preinscripci\u00f3 en l&#8217;assistent telem\u00e0tic?<\/h3>\n<ul style=\"text-align: left\">\n<li style=\"text-align: justify\">Per a accedir a emplenar la sol\u00b7licitud de preinscripci\u00f3 l&#8217;estudiantat haur\u00e0 d&#8217;introduir el DNI, NIE o passaport.<\/li>\n<li style=\"text-align: justify\">Es podran sol\u00b7licitar fins a un m\u00e0xim de 20 titulacions.<\/li>\n<li style=\"text-align: justify\">Una vegada emplenada la sol\u00b7licitud&nbsp; i pujada la documentaci\u00f3, en el seu cas, s&#8217;haur\u00e0 de pr\u00e9mer l&#8217;opci\u00f3 de validar i l&#8217;assistent donar\u00e0 opci\u00f3 a modificar les dades consignades o a \u201cpresentar\u201d.<\/li>\n<li style=\"text-align: justify\">Quan es prem l&#8217;opci\u00f3 \u201cpresentar\u201d, la sol\u00b7licitud ja no es pot modificar, si l&#8217;alumnat vol fer algun canvi haur\u00e0 d&#8217;iniciar el proc\u00e9s de nou&nbsp; i emplenar una nova sol\u00b7licitud.<\/li>\n<li style=\"text-align: justify\">Si per qualsevol circumst\u00e0ncia realitza diverses sol\u00b7licituds telem\u00e0tiques, es considerar\u00e0 v\u00e0lida l&#8217;\u00faltima presentada en l&#8217;assistent telem\u00e0tic.<\/li>\n<\/ul>\n<h3 style=\"text-align: left\">Quan i on podr\u00e0s consultar els resultats de preinscripci\u00f3?<\/h3>\n<p style=\"text-align: left\">La data prevista \u00e9s <strong>el 11 de juliol de 2024 a partir de les 14:00 h<\/strong>. Per a l&#8217;estudiantat estranger que hi haja realitzats la seua sol\u00b7licitud del 14 al 31 de juliol de 2025, la data prevista \u00e9s el <strong>5 de setembre de 2025<\/strong>. Els podr\u00e0s consultar en l&#8217;assistent de preinscripci\u00f3.<\/p>\n<h3 style=\"text-align: left\">Quan i com podr\u00e0s presentar una reclamaci\u00f3 al resultat de la teua preinscripci\u00f3?<\/h3>\n<ul style=\"text-align: left\">\n<li style=\"text-align: justify\">El termini de reclamacions ser\u00e0 de 3 dies h\u00e0bils a partir de la publicaci\u00f3 dels resultats, \u00e9s a dir,<strong> els dies 14, 15 y 16 de juliol de 2025 (fins les 14:00 h)<\/strong>. La sol\u00b7licitud de reclamaci\u00f3 es realitzar\u00e0 tamb\u00e9 mitjan\u00e7ant l&#8217;assistent telem\u00e0tic.<\/li>\n<li style=\"text-align: justify\">Els resultats de les reclamacions els podr\u00e0s consultar en l&#8217;assistent telem\u00e0tic el dia <strong>18 de juliol 2025.<\/strong><\/li>\n<\/ul>\n<h3 style=\"text-align: left\">Quines s\u00f3n les ponderacions per al curs 2025\/2026?<\/h3>\n<p style=\"text-align: left\">Podr\u00e0s consultar els coeficients de ponderacions:<\/p>\n<p><a href=\"https:\/\/universitats.gva.es\/documents\/389338055\/389340585\/PONDERACIONES+2025_val-Actual25-04-04.pdf\/4eb2f637-758c-7568-e742-5a88947ddc99?t=1743765378107\" target=\"_blank\" rel=\"noopener\">Ponderacions Comunitat Valenciana del curs 2025-2026<\/a><img loading=\"lazy\" class=\"alignnone wp-image-31436 size-full\" src=\"https:\/\/estudios.umh.es\/files\/2021\/11\/abre-en-nueva-ventana.png\" alt=\"(abre en nueva ventana)\" width=\"15\" height=\"15\"><\/p>\n<h3 style=\"text-align: left\">Quina \u00e9s l&#8217;oferta de places de la UMH per al curs 2025\/2026?<\/h3>\n<p style=\"text-align: left\"><a href=\"https:\/\/estudios.umh.es\/files\/2025\/06\/Oferta-plazas-UMH-del-curso-2025-26-Valenciano-1.pdf\" target=\"_blank\" rel=\"noopener noreferrer\">Oferta de places UMH del curs 2025-2026 .PDF167kB<\/a><\/p>\n<h3>Quins s\u00f3n els graus amb condicions especial per al curs 2025\/2026?<\/h3>\n<p><a href=\"https:\/\/universitats.gva.es\/documents\/389338055\/389340600\/GRAUS+amb+condicions+especials+en+Preinscripci%C3%B3+2025-Actul-7-03-25.pdf\/5f69a3b3-8a53-19b7-b123-3bac812da012?t=1741348618412\" target=\"_blank\" rel=\"noopener\">Consulta els graus<\/a><img loading=\"lazy\" class=\"alignnone wp-image-31436 size-full\" src=\"https:\/\/estudios.umh.es\/files\/2021\/11\/abre-en-nueva-ventana.png\" alt=\"(abre en nueva ventana)\" width=\"15\" height=\"15\"><\/p>\n<h3>Quins s\u00f3n els percentatges de reserva de places?<\/h3>\n<ul>\n<li style=\"text-align: left\">Titulats Universitaris = 3%<\/li>\n<li style=\"text-align: left\">Estudiantat amb discapacidat igual o superior al 33%&nbsp; = 5 %<\/li>\n<li style=\"text-align: left\">Majors de 25 anys amb prova superada = 3%<\/li>\n<li style=\"text-align: left\">Majors de 40 anys amb prova superada =1%<\/li>\n<li style=\"text-align: left\">Prova d&#8217;Acc\u00e9s Majors de 45 anys = 1%<\/li>\n<\/ul>\n<p style=\"text-align: left\">&nbsp; &nbsp; &nbsp; Els percentatges d&#8217;aquests dos \u00faltims seran acumulables, de manera que, si no es cobreixen en un dels dos apartats, les places sobrants s&#8217;acumularan a l&#8217;altre percentatge.<\/p>\n<ul>\n<li style=\"text-align: left\">Esportistes d&#8217;Alt Nivell, Esportistes d&#8217;Elit A i B o d&#8217;Alta Competici\u00f3 i Esportistes d&#8217;Alt Rendiment = 5% amb car\u00e0cter general i 10% per als ensenyaments de Grau en Mestre en Educaci\u00f3 Prim\u00e0ria, Grau en Fisioter\u00e0pia i Grau en Ci\u00e8ncies de l&#8217;Activitat F\u00edsica i de l&#8217;Esport.<a href=\"https:\/\/estudios.umh.es\/files\/2023\/06\/Prelacio-preinscripcio-esportistes-2023.pdf\" target=\"_blank\" rel=\"noopener\"> Prelaci\u00f3 de l&#8217;estudiantat esportista.PDF122kB<\/a><img loading=\"lazy\" class=\"alignnone wp-image-31436 size-full\" src=\"https:\/\/estudios.umh.es\/files\/2021\/11\/abre-en-nueva-ventana.png\" alt=\"(abre en nueva ventana)\" width=\"15\" height=\"15\"><\/li>\n<\/ul>\n<h3 style=\"text-align: left\">Quines s\u00f3n les notes de tall del curs 2025\/2026?<\/h3>\n<p style=\"text-align: left\"><a href=\"https:\/\/estudios.umh.es\/files\/2025\/07\/estd_ListadoNotasCorteTituCupoOficial-UMH.pdf\" target=\"_blank\" rel=\"noopener noreferrer\">Notes de tall del curs 2025-2026.PDF262kB<img loading=\"lazy\" class=\"alignnone wp-image-31436 size-full\" src=\"https:\/\/estudios.umh.es\/files\/2021\/11\/abre-en-nueva-ventana.png\" alt=\"(abre en nueva ventana)\" width=\"15\" height=\"15\"><\/a><\/p>\n<h3>Qu\u00e8 \u00e9s la gesti\u00f3 centralitzada de llistes d&#8217;espera?<\/h3>\n<p><a href=\"https:\/\/estudios.umh.es\/ca\/gestion-de-listas-de-espera\/\" target=\"_blank\" rel=\"noopener\">Consulta esta informaci\u00f3<\/a><\/p>\n<h3 style=\"text-align: left\">On pots sol\u00b7licitar la Carta d&#8217;Admissi\u00f3 en la UMH per a formalitzar el trasllat de les Proves d&#8217;Acc\u00e9s a la Universitat en la teua universitat d&#8217;origen?<\/h3>\n<p style=\"text-align: left\">Una vegada t&#8217;hages matriculat, entrant en <span style=\"color: #000000\"><span style=\"color: #800000\"><a href=\"https:\/\/autentica.umh.es\/SAML2\/SSOService.php?SAMLRequest=fZLBboJAEIZfhexdWFAQN0JC9VATW4nQHnppFpyUTWCXMru2ffuCWGsP9bwz37%2F%2Fl1kib%2BqWJUZXcg%2FvBlBbn00tkZ0eImI6yRRHgUzyBpDpkmXJw5Z5NmVtp7QqVU2sBBE6LZRcKYmmgS6D7ihKeNpvI1Jp3SJzHCPFEToUGmzTVDagk1WiKFQNurIRlTOAPSfdZTmx1v1PhOQD85fAjQapRckvgNNGlu3OeXZbtcTarCPy6gelx%2BeUHryy8N2g8KbzmRdS4FMeLubU78cQDWwkai51RDzqLiY0mLiznIbMD9kseCFWeq54J%2BRByLfbPopxCNl9nqeTscfz0Hjo0A%2BQeDlYZafg7srzbSz%2FkUvi%2F1XiReXSuQoZE1v22FM361TVovyykrpWH6sOuIaIuMSJx5W%2FZxB%2FAw%3D%3D&amp;RelayState=ss%3Amem%3Ad6eabfe752ca2dbaeea655f6f2542378c5314759230ae0a6f4263701c8bbd2d8\" target=\"_blank\" rel=\"noopener\">l&#8217;Acc\u00e9s identificat<img loading=\"lazy\" class=\"alignnone wp-image-31436 size-full\" src=\"https:\/\/estudios.umh.es\/files\/2021\/11\/abre-en-nueva-ventana.png\" alt=\"(abre en nueva ventana)\" width=\"15\" height=\"15\"><\/a> <span style=\"color: #000000\">amb el teu DNI i PIN de matr\u00edcula podr\u00e0s obtindre el teu certificat de matr\u00edcula. Tamb\u00e9 pots obtindre-ho<\/span><\/span><\/span><span style=\"color: #000000\">&nbsp;a trav\u00e9s de la <a href=\"https:\/\/sede.umh.es\/ca\/procedimientos\/certificats-matricula\/\" target=\"_blank\" rel=\"noopener\">Seu Electr\u00f2nica.<img loading=\"lazy\" class=\"alignnone wp-image-31436 size-full\" src=\"https:\/\/estudios.umh.es\/files\/2021\/11\/abre-en-nueva-ventana.png\" alt=\"(abre en nueva ventana)\" width=\"15\" height=\"15\"><\/a><\/span><\/p>\n<p style=\"text-align: left\">Pots consultar en el seg\u00fcent v\u00eddeo el procediment de trasllat d&#8217;expedient de les PAU.<\/p>\n<p style=\"text-align: left\"><iframe  style=\"display: block; margin: 0px auto;\"  id=\"_ytid_97943\"  width=\"480\" height=\"270\"  data-origwidth=\"480\" data-origheight=\"270\" src=\"https:\/\/www.youtube.com\/embed\/2fuk1boQm1Y?enablejsapi=1&autoplay=0&cc_load_policy=0&cc_lang_pref=&iv_load_policy=1&loop=0&modestbranding=0&rel=1&fs=1&playsinline=0&autohide=2&theme=dark&color=red&controls=1&\" class=\"__youtube_prefs__  no-lazyload\" title=\"YouTube player\"  allow=\"accelerometer; autoplay; clipboard-write; encrypted-media; gyroscope; picture-in-picture\" allowfullscreen data-no-lazy=\"1\" data-skipgform_ajax_framebjll=\"\"><\/iframe><\/p>\n<p style=\"text-align: left\">Pots consultar el seg\u00fcent v\u00eddeo el procediment de trasllat d&#8217;expedient de les PAU majors de 25 anys.<\/p>\n<p style=\"text-align: left\"><iframe  style=\"display: block; margin: 0px auto;\"  id=\"_ytid_66510\"  width=\"480\" height=\"270\"  data-origwidth=\"480\" data-origheight=\"270\" src=\"https:\/\/www.youtube.com\/embed\/cM074Gv5uD0?enablejsapi=1&autoplay=0&cc_load_policy=0&cc_lang_pref=&iv_load_policy=1&loop=0&modestbranding=0&rel=1&fs=1&playsinline=0&autohide=2&theme=dark&color=red&controls=1&\" class=\"__youtube_prefs__  no-lazyload\" title=\"YouTube player\"  allow=\"accelerometer; autoplay; clipboard-write; encrypted-media; gyroscope; picture-in-picture\" allowfullscreen data-no-lazy=\"1\" data-skipgform_ajax_framebjll=\"\"><\/iframe><\/p>\n<h3 style=\"text-align: left\">Com pots sol\u00b7licitar en la UMH el trasllat de les Proves d&#8217;Acc\u00e9s a la Universitat realitzades en la UMH en el cas que hages sigut adm\u00e9s en una universitat que no pertanga a la Comunitat Valenciana o en una universitat privada o en un centre adscrit p\u00fablic o privat de la Comunitat Valenciana?<\/h3>\n<ul style=\"text-align: left\">\n<li style=\"text-align: justify\">Enviant un correu electr\u00f2nic indicant en l&#8217;assumpte Trasllat PAU a algun de les seg\u00fcents adreces de correus:<\/li>\n<\/ul>\n<p style=\"text-align: left\">&nbsp; &nbsp; &nbsp; &nbsp; &nbsp;Servei de Gesti\u00f3 d&#8217;Estudis: <span style=\"color: #000000\"><a style=\"color: #000000\" href=\"mailto:acceso@umh.es\">acceso@umh.es <\/a><\/span><\/p>\n<p style=\"text-align: left\">&nbsp; &nbsp; &nbsp; &nbsp; &nbsp;CEGECA Altea: <span style=\"color: #000000\"><a style=\"color: #000000\" href=\"mailto:cgc.altea@umh.es\">cgc.altea@umh.es<\/a><\/span><\/p>\n<p style=\"text-align: left\">&nbsp; &nbsp; &nbsp; &nbsp; &nbsp;CEGECA Elche: <span style=\"color: #000000\"><a style=\"color: #000000\" href=\"mailto:cgc.elche@umh.es\">cgc.elche@umh.es<\/a><\/span><\/p>\n<p style=\"text-align: left\">&nbsp; &nbsp; &nbsp; &nbsp; &nbsp;CEGECA Orihuela: <span style=\"color: #000000\"><a style=\"color: #000000\" href=\"mailto:cgc.ori@umh.es\">cgc.ori@umh.es<\/a><\/span><\/p>\n<p style=\"text-align: left\">&nbsp; &nbsp; &nbsp; &nbsp; &nbsp;CEGECA Sant Joan: <span style=\"color: #000000\"><a style=\"color: #000000\" href=\"mailto:cgc.sjuan@umh.es\">cgc.sjuan@umh.es<\/a><\/span><\/p>\n<ul style=\"text-align: left\">\n<li style=\"text-align: justify\">Adjuntar\u00e0s en el correu el model corresponent; el model <a href=\"https:\/\/estudios.umh.es\/files\/2025\/06\/Modelo-Solicitud-Traslado-Selectividad-PDF-181KB-copia.pdf\" target=\"_blank\" rel=\"noopener\">Sol\u00b7licitud Trasllat Selectivitat.PDF62,5kB<img loading=\"lazy\" class=\"alignnone wp-image-31436 size-full\" src=\"https:\/\/estudios.umh.es\/files\/2021\/11\/abre-en-nueva-ventana.png\" alt=\"(abre en nueva ventana)\" width=\"15\" height=\"15\"><\/a> o el model de <a href=\"https:\/\/estudios.umh.es\/files\/2025\/03\/Modelo-Solicitud-Traslado-PAM25-1.pdf\" target=\"_blank\" rel=\"noopener\">Sol\u00b7licitud de Trasllat PAU Majors 25.PDF217kB<img loading=\"lazy\" class=\"alignnone wp-image-31436 size-full\" src=\"https:\/\/estudios.umh.es\/files\/2021\/11\/abre-en-nueva-ventana.png\" alt=\"(abre en nueva ventana)\" width=\"15\" height=\"15\"><\/a>, juntament amb la documentaci\u00f3 indicada en el Model.<\/li>\n<li style=\"text-align: justify\">Una vegada rebut el teu correu et remetrem el rebut de pagament en el seu cas i les corresponents indicacions.<\/li>\n<li style=\"text-align: justify\">No \u00e9s necessari que realitzes el trasllat d&#8217;expedient en el cas que hages sigut adm\u00e9s\/a en una universitat p\u00fablica de la Comunitat Valenciana quan hages accedit pel contingent general (PAU estudiantat de Batxillerat o PAU estudiantat de cicles formatius de grau superior). S\u00ed que has de fer-ho si \u00e9s un trasllat de PAU de majors de 25 anys.<\/li>\n<\/ul>\n<p><a href=\"https:\/\/universitats.gva.es\/documents\/389338055\/389340609\/WEB+INSTRUCCIONS+PREINSCRIPCI%C3%93+2025_val.Actual25-05-20.pdf\/37aeb6a3-34c9-ec7c-867c-6554ad8e8d8c?t=1747737367649\" target=\"_blank\" rel=\"noopener\">Instruccions preinscripci\u00f3 2025-26<img loading=\"lazy\" class=\"alignnone wp-image-31436 size-full\" src=\"https:\/\/estudios.umh.es\/files\/2021\/11\/abre-en-nueva-ventana.png\" alt=\"(abre en nueva ventana)\" width=\"15\" height=\"15\"><\/a><\/p>\n<p>Pots consultar la p\u00e0gina web de la <a href=\"https:\/\/universitats.gva.es\/va\/preinscripcio-universitaria\" target=\"_blank\" rel=\"noopener\">Conselleria d&#8217;Educaci\u00f3, Cultura, Universitats i Ocupaci\u00f3 <img loading=\"lazy\" class=\"alignnone wp-image-31436 size-full\" src=\"https:\/\/estudios.umh.es\/files\/2021\/11\/abre-en-nueva-ventana.png\" alt=\"(abre en nueva ventana)\" width=\"15\" height=\"15\"><\/a><\/p>\n<h3 style=\"text-align: left\"><span style=\"color: #000000\">INFORMACI\u00d3 DE CONTACTE<\/span><\/h3>\n<p style=\"text-align: left\">Servei de Gesti\u00f3 d&#8217;Estudis (Campus d&#8217;Elx &#8211; Edifici Rectorat i Consell Social, Avda. de la Universitat, s\/n, 03202 Elx \u2013Alacant)<\/p>\n<p style=\"text-align: left\">Tel\u00e8fons: 96 665 8775 \/ 96 665 8341&nbsp;<\/p>\n<p style=\"text-align: left\">Correu electr\u00f2nic: <span style=\"color: #000000\"><a style=\"color: #000000\" href=\"mailto:acceso@umh.es\">acceso@umh.es<\/a><\/span><\/p>\n<p><\/p>","protected":false},"excerpt":{"rendered":"<p>Qu\u00e8 \u00e9s la preinscripci\u00f3 universit\u00e0ria?<br \/>\nL&#8217;estudiantat que complisca els requisits acad\u00e8mics corresponents i vulga accedir als ensenyaments universitaris de grau impartides per centres propis o adscrits a universitats p\u00fabliques del sistema universitari valenci\u00e0, que tinguen aprovat un nombre limitat de places d&#8217;acc\u00e9s, haur\u00e0 de sol\u00b7licitar la seua admissi\u00f3 en les mateixes a trav\u00e9s del proc\u00e9s de [&#8230;]<\/p>\n","protected":false},"author":219,"featured_media":0,"parent":156,"menu_order":20,"comment_status":"closed","ping_status":"open","template":"","meta":{"ngg_post_thumbnail":0,"_links_to":"","_links_to_target":""},"_links":{"self":[{"href":"https:\/\/estudios.umh.es\/ca\/wp-json\/wp\/v2\/pages\/84"}],"collection":[{"href":"https:\/\/estudios.umh.es\/ca\/wp-json\/wp\/v2\/pages"}],"about":[{"href":"https:\/\/estudios.umh.es\/ca\/wp-json\/wp\/v2\/types\/page"}],"author":[{"embeddable":true,"href":"https:\/\/estudios.umh.es\/ca\/wp-json\/wp\/v2\/users\/219"}],"replies":[{"embeddable":true,"href":"https:\/\/estudios.umh.es\/ca\/wp-json\/wp\/v2\/comments?post=84"}],"version-history":[{"count":0,"href":"https:\/\/estudios.umh.es\/ca\/wp-json\/wp\/v2\/pages\/84\/revisions"}],"up":[{"embeddable":true,"href":"https:\/\/estudios.umh.es\/ca\/wp-json\/wp\/v2\/pages\/156"}],"wp:attachment":[{"href":"https:\/\/estudios.umh.es\/ca\/wp-json\/wp\/v2\/media?parent=84"}],"curies":[{"name":"wp","href":"https:\/\/api.w.org\/{rel}","templated":true}]}}