{"id":851,"date":"2014-06-12T09:29:59","date_gmt":"2014-06-12T09:29:59","guid":{"rendered":"http:\/\/estudios.zeus.umh.es\/?page_id=851"},"modified":"2026-03-31T16:10:39","modified_gmt":"2026-03-31T14:10:39","slug":"cursos-de-nivelacion","status":"publish","type":"page","link":"https:\/\/estudios.umh.es\/ca\/cursos-de-nivelacion\/","title":{"rendered":"CURSOS D\u00b4ANIVELLAMENT"},"content":{"rendered":"<p><\/p>\n<h3>Qu\u00e8 s\u00f3n els Cursos d&#8217;Anivellament?<\/h3>\n<p>Els Cursos d&#8217;Anivellament oferits per la Universitat Miguel Hern\u00e1ndez s\u00f3n seminaris que ofereixen a l&#8217;estudiantat de nou ingr\u00e9s l&#8217;oportunitat de con\u00e9ixer (o repassar) els aspectes m\u00e9s rellevants del curr\u00edculum oficial d&#8217;assignatures de 2n de batxillerat que resulten fonamentals per a l&#8217;adequat aprofitament acad\u00e8mic de les assignatures b\u00e0siques del grau que es troba matriculat. Els Cursos d&#8217;Anivellament no han sigut dissenyats, per tant, com a classes de perfeccionament, sin\u00f3 que pretenen homogene\u00eftzar els coneixements previs de l&#8217;estudiantat, especialment aquells que no van cursar aqueixa assignatura durant el curs immediatament anterior al seu ingr\u00e9s a la Universitat.<\/p>\n<h3>A qui van dirigits?<\/h3>\n<p>Va dirigit a l&#8217;estudiantat provinent de 2n de Batxillerat o de Cicles Formatius de Grau Superior que, a causa de l&#8217;itinerari seguit, no haja cursat una o diverses de les assignatures de modalitat que resulten ser rellevants per a l&#8217;adequat rendiment acad\u00e8mic en el primer curs del Grau triat o que havent sigut cursades vulga afermar els seus coneixements. Igualment, aquests cursos es consideren d&#8217;inter\u00e9s per a l&#8217;estudiantat que accedeix a la universitat mitjan\u00e7ant les Proves d&#8217;Acc\u00e9s a la Universitat per a majors de 25, 40 i 45 anys.<\/p>\n<h3>Quins cursos d&#8217;anivellament d&#8217;impartixen?<\/h3>\n<ul>\n<li><a href=\"https:\/\/estudios.umh.es\/ca\/cursos_nivelacion\/cursos-de-nivelacion-que-se-ofertan-en-el-primer-semestre\/\">Cursos d&#8217;anivellament oferits en el primer semestre del curs 2025\/2026<\/a>.<\/li>\n<li><a href=\"https:\/\/estudios.umh.es\/ca\/cursos_nivelacion\/cursos-de-nivelacion-que-se-ofertan-en-el-segundo-semestre-en-el-campus-de-elche\/\">Cursos d&#8217;anivellament que s&#8217;oferixen en el segon semestre del curs 2025\/2026 en el Campus d&#8217;Elx.<\/a><\/li>\n<\/ul>\n<h3>Com em matricule?<\/h3>\n<p>La matr\u00edcula dels cursos es realitzar\u00e0 del 5 de febrer al 20 de febrer de 2026.&nbsp;<\/p>\n<p><span style=\"color: #000000\">INDICACIONS PER A FORMALITZAR LA MATR\u00cdCULA:<\/span><\/p>\n<ul>\n<li><span style=\"color: #000000\">Accedint en el seg\u00fcent <a style=\"color: #000000\" href=\"https:\/\/universite.umh.es\/fpogestion\/aspx\/Preinscripcion\/Preinscripcion.aspx\" target=\"_blank\" rel=\"noopener\">enlla\u00e7<img loading=\"lazy\" class=\"alignnone wp-image-31436 size-full\" src=\"https:\/\/estudios.umh.es\/files\/2021\/11\/abre-en-nueva-ventana.png\" alt=\"(abre en nueva ventana)\" width=\"15\" height=\"15\"><\/a> apareixer\u00e0 la pantalla del Formulari de Preinscripci\u00f3 d&#8217;Estudis Propis i Formaci\u00f3 a emplenar. <\/span><\/li>\n<li><span style=\"color: #000000\">Selecciona en Tipus d&#8217;ensenyan\u00e7a: Cursos d&#8217;Anivellament.<\/span><\/li>\n<li><span style=\"color: #000000\">Selecciona en Ensenyan\u00e7a: El curs en qu\u00e8 desitges inscriure&#8217;t, tenint en compte la mat\u00e8ria i el campus.<\/span><\/li>\n<li>Haur\u00e0s de realitzar una sol\u00b7licitud per cada mat\u00e8ria.&nbsp;<\/li>\n<\/ul>\n<p><span style=\"color: #000000\">IMPORTANT: Una vegada que realitzes el pagament del curs, la teua matr\u00edcula quedar\u00e0 formalitzada. No \u00e9s necessari que aportes en la universitat el justificant del pagament.<\/span><\/p>\n<h3>Quin \u00e9s el cost dels cursos?<\/h3>\n<p>El cost de la matr\u00edcula en cadascun dels Cursos d&#8217;Anivellament oferits ser\u00e0 de 20 \u20ac.<\/p>","protected":false},"excerpt":{"rendered":"<p>Qu\u00e8 s\u00f3n els Cursos d&#8217;Anivellament?<br \/>\nEls Cursos d&#8217;Anivellament oferits per la Universitat Miguel Hern\u00e1ndez s\u00f3n seminaris que ofereixen a l&#8217;estudiantat de nou ingr\u00e9s l&#8217;oportunitat de con\u00e9ixer (o repassar) els aspectes m\u00e9s rellevants del curr\u00edculum oficial d&#8217;assignatures de 2n de batxillerat que resulten fonamentals per a l&#8217;adequat aprofitament acad\u00e8mic de les assignatures b\u00e0siques del grau que es [&#8230;]<\/p>\n","protected":false},"author":53,"featured_media":0,"parent":0,"menu_order":21,"comment_status":"closed","ping_status":"open","template":"","meta":{"ngg_post_thumbnail":0,"_links_to":"","_links_to_target":""},"_links":{"self":[{"href":"https:\/\/estudios.umh.es\/ca\/wp-json\/wp\/v2\/pages\/851"}],"collection":[{"href":"https:\/\/estudios.umh.es\/ca\/wp-json\/wp\/v2\/pages"}],"about":[{"href":"https:\/\/estudios.umh.es\/ca\/wp-json\/wp\/v2\/types\/page"}],"author":[{"embeddable":true,"href":"https:\/\/estudios.umh.es\/ca\/wp-json\/wp\/v2\/users\/53"}],"replies":[{"embeddable":true,"href":"https:\/\/estudios.umh.es\/ca\/wp-json\/wp\/v2\/comments?post=851"}],"version-history":[{"count":0,"href":"https:\/\/estudios.umh.es\/ca\/wp-json\/wp\/v2\/pages\/851\/revisions"}],"wp:attachment":[{"href":"https:\/\/estudios.umh.es\/ca\/wp-json\/wp\/v2\/media?parent=851"}],"curies":[{"name":"wp","href":"https:\/\/api.w.org\/{rel}","templated":true}]}}