{"id":866,"date":"2014-06-16T06:55:48","date_gmt":"2014-06-16T06:55:48","guid":{"rendered":"http:\/\/estudios.zeus.umh.es\/?page_id=866"},"modified":"2021-11-17T09:59:23","modified_gmt":"2021-11-17T08:59:23","slug":"acceso-con-estudios-universitarios-del-eees","status":"publish","type":"page","link":"https:\/\/estudios.umh.es\/ca\/acceso\/doctorado\/estudiantes-con-titulo-no-homologado-ajenos-al-espacio-europeo-de-educacion-superior\/acceso-con-estudios-universitarios-del-eees\/","title":{"rendered":"Espai Europeu d&#8217;Educaci\u00f3 Superior"},"content":{"rendered":"<p><\/p>\n<p style=\"text-align: justify\">En el cas d&#8217;estudis cursats en una instituci\u00f3 d&#8217;educaci\u00f3 superior pertanyent a un altre Estat integrant de l&#8217;Espai Europeu d&#8217;Educaci\u00f3 Superior, tant el t\u00edtol com el certificat acad\u00e8mic de notes hauran de ser oficials i estar expedits per les autoritats competents, d&#8217;acord amb l&#8217;ordenament jur\u00eddic del pa\u00eds d&#8217;origen.<\/p>\n<p>No s&#8217;exigeix cap tipus de legalitzaci\u00f3 per als documents, la simple compulsa \u00e9s suficient.<\/p>\n<p>Els documents expedits en l&#8217;estranger en llengua diferent al castell\u00e0, hauran d&#8217;anar acompanyats de traducci\u00f3 oficial al castell\u00e0.<\/p>\n<p style=\"text-align: justify\"><strong>Estats membres de la Uni\u00f3 Europea:<\/strong><\/p>\n<p>Alemanya, \u00c0ustria, B\u00e8lgica, Bulg\u00e0ria, Cro\u00e0cia, Dinamarca, Eslov\u00e0quia, Eslov\u00e8nia, Espanya, Est\u00f2nia, Finl\u00e0ndia, Fran\u00e7a, Gr\u00e8cia, Holanda, Hongria, It\u00e0lia, Irlanda, Let\u00f2nia, Litu\u00e0nia, Luxemburg, Malta, Pol\u00f2nia, Portugal, Gran Bretanya, Rep\u00fablica Txeca, Romania, Su\u00e8cia, Xipre.<\/p>\n<p><strong>Signataris de l&#8217;acord sobre l&#8217;Espai Econ\u00f2mic Europeu:<\/strong><\/p>\n<p>Isl\u00e0ndia, Liechtenstein i Noruega<\/p>\n<p><strong>Acord bilateral amb la Uni\u00f3 Europea:<\/strong> Su\u00efssa<\/p>\n<p><strong>Traducci\u00f3<\/strong><\/p>\n<hr style=\"color: #c50606\" \/>\n<p style=\"text-align: justify\">Els documents que no hagen sigut expedits en castell\u00e0, han de presentar-se acompanyats de la seua corresponent traducci\u00f3 oficial al castell\u00e0.<\/p>\n<p>La traducci\u00f3 a l&#8217;espanyol podr\u00e0 fer-se:<\/p>\n<p>-Per Traductor jurat, degudament autoritzat a Espanya.<br \/>\n-Per l&#8217;Oficina d&#8217;interpretaci\u00f3 de Lleng\u00fces del Ministeri d&#8217;Afers exteriors i Cooperaci\u00f3 espanyol.<br \/>\n-Per la UNESCO, l&#8217;oficina del Centre Iberoameric\u00e0 de Cooperaci\u00f3 o qualsevol altra organitzaci\u00f3 reconeguda per Espanya.<br \/>\n-Per qualsevol Representaci\u00f3 diplom\u00e0tica o consular de l&#8217;Estat espanyol en l&#8217;estranger.<br \/>\n-Per la Representaci\u00f3 Diplom\u00e0tica a Espanya del pa\u00eds del que \u00e9s s\u00fabdit el sol\u00b7licitant o, si escau, del de proced\u00e8ncia del document.<\/p>","protected":false},"excerpt":{"rendered":"<p>En el cas d&#8217;estudis cursats en una instituci\u00f3 d&#8217;educaci\u00f3 superior pertanyent a un altre Estat integrant de l&#8217;Espai Europeu d&#8217;Educaci\u00f3 Superior, tant el t\u00edtol com el certificat acad\u00e8mic de notes hauran de ser oficials i estar expedits per les autoritats competents, d&#8217;acord amb l&#8217;ordenament jur\u00eddic del pa\u00eds d&#8217;origen.<br \/>\nNo s&#8217;exigeix cap tipus de legalitzaci\u00f3 per als [&#8230;]<\/p>\n","protected":false},"author":12,"featured_media":0,"parent":713,"menu_order":1,"comment_status":"closed","ping_status":"open","template":"","meta":{"ngg_post_thumbnail":0,"_links_to":"","_links_to_target":""},"_links":{"self":[{"href":"https:\/\/estudios.umh.es\/ca\/wp-json\/wp\/v2\/pages\/866"}],"collection":[{"href":"https:\/\/estudios.umh.es\/ca\/wp-json\/wp\/v2\/pages"}],"about":[{"href":"https:\/\/estudios.umh.es\/ca\/wp-json\/wp\/v2\/types\/page"}],"author":[{"embeddable":true,"href":"https:\/\/estudios.umh.es\/ca\/wp-json\/wp\/v2\/users\/12"}],"replies":[{"embeddable":true,"href":"https:\/\/estudios.umh.es\/ca\/wp-json\/wp\/v2\/comments?post=866"}],"version-history":[{"count":0,"href":"https:\/\/estudios.umh.es\/ca\/wp-json\/wp\/v2\/pages\/866\/revisions"}],"up":[{"embeddable":true,"href":"https:\/\/estudios.umh.es\/ca\/wp-json\/wp\/v2\/pages\/713"}],"wp:attachment":[{"href":"https:\/\/estudios.umh.es\/ca\/wp-json\/wp\/v2\/media?parent=866"}],"curies":[{"name":"wp","href":"https:\/\/api.w.org\/{rel}","templated":true}]}}