{"id":87,"date":"2014-03-18T10:50:10","date_gmt":"2014-03-18T10:50:10","guid":{"rendered":"http:\/\/estudios.zeus.umh.es\/?page_id=87"},"modified":"2026-03-31T16:05:55","modified_gmt":"2026-03-31T14:05:55","slug":"gradomatricula","status":"publish","type":"page","link":"https:\/\/estudios.umh.es\/ca\/matriculacion\/gradomatricula\/","title":{"rendered":"MATR\u00cdCULA EN GRAUS"},"content":{"rendered":"<p><\/p>\n<p style=\"text-align: left\">Trobar\u00e0s tota la informaci\u00f3 necess\u00e0ria perqu\u00e8 formalitzes la teua matr\u00edcula en els estudis de grau que cursar\u00e0s.<\/p>\n<h3 style=\"text-align: left\">ESTUDIANTAT DE NOU INGR\u00c9S<\/h3>\n<ul style=\"text-align: left\">\n<li><a href=\"http:\/\/futuroestudiante.umh.es\/acceso.html\" target=\"_blank\" rel=\"noopener noreferrer\">CALENDARI DE MATRICULACI\u00d3<img loading=\"lazy\" class=\"alignnone wp-image-31436 size-full\" src=\"https:\/\/estudios.umh.es\/files\/2021\/11\/abre-en-nueva-ventana.png\" alt=\"(abre en nueva ventana)\" width=\"15\" height=\"15\"><\/a><\/li>\n<li><a href=\"https:\/\/estudios.umh.es\/ca\/instrucciones-de-matricula-de-grado-estudiantes-de-nuevo-ingreso\" rel=\"noopener noreferrer\">INSTRUCCIONS DE MATR\u00cdCULA<\/a><\/li>\n<li><a href=\"https:\/\/matricula.umh.es\/\" target=\"_blank\" rel=\"noopener noreferrer\">APLICACI\u00d3 D&#8217;AUTOMATR\u00cdCULA<img loading=\"lazy\" class=\"alignnone wp-image-31436 size-full\" src=\"https:\/\/estudios.umh.es\/files\/2021\/11\/abre-en-nueva-ventana.png\" alt=\"(abre en nueva ventana)\" width=\"15\" height=\"15\"><\/a><\/li>\n<li><a href=\"https:\/\/estudios.umh.es\/ca\/precio-de-la-matricula-primer-curso-curso\/\" rel=\"noopener\">PREU PER CR\u00c8DIT DE LA MATR\u00cdCULA<\/a><\/li>\n<li><a href=\"https:\/\/estudios.umh.es\/ca\/matricula-parcial-en-grados-y-masteres\/\" rel=\"noopener noreferrer\">SOL\u00b7LICITUD DE MATR\u00cdCULA PARCIAL<\/a><\/li>\n<li><a href=\"https:\/\/estudios.umh.es\/ca\/cursos-de-nivelacion\/\" rel=\"noopener\">CURSOS D&#8217;ANIVELLAMENT<\/a><\/li>\n<\/ul>\n<h3 style=\"text-align: left\">ESTUDIANTAT DE SEGON CURS I POSTERIORS<\/h3>\n<ul style=\"text-align: left\">\n<li><a href=\"https:\/\/estudios.umh.es\/ca\/instrucciones-de-matricula-de-grado-estudiantes-de-2o-curso-y-posteriores\" rel=\"noopener noreferrer\">INSTRUCCIONS DE MATR\u00cdCULA<\/a><\/li>\n<li><a href=\"https:\/\/matricula.umh.es\/Default.aspx?idiomaApli=ca-ES\" target=\"_blank\" rel=\"noopener noreferrer\">APLICACI\u00d3 DE AUTOMATR\u00cdCULA<\/a><a href=\"https:\/\/matricula.umh.es\/\" target=\"_blank\" rel=\"noopener noreferrer\"><img loading=\"lazy\" class=\"alignnone wp-image-31436 size-full\" src=\"https:\/\/estudios.umh.es\/files\/2021\/11\/abre-en-nueva-ventana.png\" alt=\"(abre en nueva ventana)\" width=\"15\" height=\"15\"><\/a><\/li>\n<li><a href=\"https:\/\/estudios.umh.es\/ca\/precio-de-la-matricula-segundo-curso-y-posteriores\/\">PREU PER CR\u00c8DIT DE LA MATR\u00cdCULA<\/a><\/li>\n<\/ul>\n<h3 style=\"text-align: left\">CONEIX AQUESTA INFORMACI\u00d3 IMPORTANT PER A TOT L&#8217;ESTUDIANTAT<\/h3>\n<ul style=\"text-align: left\">\n<li><a href=\"https:\/\/estudios.umh.es\/ca\/modos-de-pago-de-la-matricula\/\" rel=\"noopener noreferrer\">MODES DE PAGAMENT DE LA MATR\u00cdCULA<\/a><\/li>\n<li><a href=\"https:\/\/estudios.umh.es\/ca\/anulacion-de-matricula\/\" rel=\"noopener noreferrer\">ANUL\u00b7LACI\u00d3 DE MATR\u00cdCULA<\/a><\/li>\n<li><a href=\"https:\/\/estudios.umh.es\/ca\/criterios-de-permanencia\/\" rel=\"noopener noreferrer\">CRITERIS DE PROGR\u00c9S I PERMAN\u00c8NCIA EN LA UNIVERSITAT<\/a><\/li>\n<li><a href=\"https:\/\/estudios.umh.es\/ca\/seguro-escolar\/\" rel=\"noopener noreferrer\">ASSEGURAN\u00c7A ESCOLAR<\/a><\/li>\n<li><a href=\"https:\/\/estudios.umh.es\/ca\/seguro-voluntario\/\" rel=\"noopener noreferrer\">ASSEGURAN\u00c7A VOLUNT\u00c0RIA<\/a><\/li>\n<\/ul>\n<p><\/p>","protected":false},"excerpt":{"rendered":"<p>Trobar\u00e0s tota la informaci\u00f3 necess\u00e0ria perqu\u00e8 formalitzes la teua matr\u00edcula en els estudis de grau que cursar\u00e0s.<br \/>\nESTUDIANTAT DE NOU INGR\u00c9S<\/p>\n<p>CALENDARI DE MATRICULACI\u00d3<br \/>\nINSTRUCCIONS DE MATR\u00cdCULA<br \/>\nAPLICACI\u00d3 D&#8217;AUTOMATR\u00cdCULA<br \/>\nPREU PER CR\u00c8DIT DE LA MATR\u00cdCULA<br \/>\nSOL\u00b7LICITUD DE MATR\u00cdCULA PARCIAL<br \/>\nCURSOS D&#8217;ANIVELLAMENT<\/p>\n<p>ESTUDIANTAT DE SEGON CURS I POSTERIORS<\/p>\n<p>INSTRUCCIONS DE MATR\u00cdCULA<br \/>\nAPLICACI\u00d3 DE AUTOMATR\u00cdCULA<br \/>\nPREU PER CR\u00c8DIT DE LA MATR\u00cdCULA<\/p>\n<p>CONEIX AQUESTA INFORMACI\u00d3 IMPORTANT PER A TOT L&#8217;ESTUDIANTAT<\/p>\n<p>MODES [&#8230;]<\/p>\n","protected":false},"author":219,"featured_media":0,"parent":21,"menu_order":10,"comment_status":"closed","ping_status":"open","template":"","meta":{"ngg_post_thumbnail":0,"_links_to":"","_links_to_target":""},"_links":{"self":[{"href":"https:\/\/estudios.umh.es\/ca\/wp-json\/wp\/v2\/pages\/87"}],"collection":[{"href":"https:\/\/estudios.umh.es\/ca\/wp-json\/wp\/v2\/pages"}],"about":[{"href":"https:\/\/estudios.umh.es\/ca\/wp-json\/wp\/v2\/types\/page"}],"author":[{"embeddable":true,"href":"https:\/\/estudios.umh.es\/ca\/wp-json\/wp\/v2\/users\/219"}],"replies":[{"embeddable":true,"href":"https:\/\/estudios.umh.es\/ca\/wp-json\/wp\/v2\/comments?post=87"}],"version-history":[{"count":0,"href":"https:\/\/estudios.umh.es\/ca\/wp-json\/wp\/v2\/pages\/87\/revisions"}],"up":[{"embeddable":true,"href":"https:\/\/estudios.umh.es\/ca\/wp-json\/wp\/v2\/pages\/21"}],"wp:attachment":[{"href":"https:\/\/estudios.umh.es\/ca\/wp-json\/wp\/v2\/media?parent=87"}],"curies":[{"name":"wp","href":"https:\/\/api.w.org\/{rel}","templated":true}]}}