{"id":13588,"date":"2022-03-02T14:38:51","date_gmt":"2022-03-02T13:38:51","guid":{"rendered":"https:\/\/estudios.umh.es\/?page_id=13588"},"modified":"2023-03-21T13:25:16","modified_gmt":"2023-03-21T12:25:16","slug":"novedades-convocatoria-de-becas-del-ministerio-de-educacion-y-formacion-profesional-del-curso-2022-2023","status":"publish","type":"page","link":"https:\/\/estudios.umh.es\/en\/novedades-convocatoria-de-becas-del-ministerio-de-educacion-y-formacion-profesional-del-curso-2022-2023\/","title":{"rendered":"<span lang=\"es\">(Espa\u00f1ol) Convocatoria de becas del Ministerio de Educaci\u00f3n y Formaci\u00f3n Profesional del curso 2023\/2024<\/span>"},"content":{"rendered":"<p class=\"qtranxs-available-languages-message qtranxs-available-languages-message-en\">Sorry, this entry is only available in <a href=\"https:\/\/estudios.umh.es\/es\/wp-json\/wp\/v2\/pages\/13588\" class=\"qtranxs-available-language-link qtranxs-available-language-link-es\" title=\"Espa\u00f1ol\">European Spanish<\/a>.<\/p>","protected":false},"excerpt":{"rendered":"<p>Sorry, this entry is only available in European Spanish.<\/p>\n","protected":false},"author":9,"featured_media":0,"parent":0,"menu_order":0,"comment_status":"closed","ping_status":"closed","template":"","meta":{"ngg_post_thumbnail":0,"_links_to":"","_links_to_target":""},"_links":{"self":[{"href":"https:\/\/estudios.umh.es\/en\/wp-json\/wp\/v2\/pages\/13588"}],"collection":[{"href":"https:\/\/estudios.umh.es\/en\/wp-json\/wp\/v2\/pages"}],"about":[{"href":"https:\/\/estudios.umh.es\/en\/wp-json\/wp\/v2\/types\/page"}],"author":[{"embeddable":true,"href":"https:\/\/estudios.umh.es\/en\/wp-json\/wp\/v2\/users\/9"}],"replies":[{"embeddable":true,"href":"https:\/\/estudios.umh.es\/en\/wp-json\/wp\/v2\/comments?post=13588"}],"version-history":[{"count":0,"href":"https:\/\/estudios.umh.es\/en\/wp-json\/wp\/v2\/pages\/13588\/revisions"}],"wp:attachment":[{"href":"https:\/\/estudios.umh.es\/en\/wp-json\/wp\/v2\/media?parent=13588"}],"curies":[{"name":"wp","href":"https:\/\/api.w.org\/{rel}","templated":true}]}}