{"id":13633,"date":"2022-03-18T13:16:03","date_gmt":"2022-03-18T12:16:03","guid":{"rendered":"https:\/\/estudios.umh.es\/?page_id=13633"},"modified":"2024-03-13T14:00:50","modified_gmt":"2024-03-13T13:00:50","slug":"preinscripcion-masteres-universitarios-del-estudiantado-con-titulos-extranjeros","status":"publish","type":"page","link":"https:\/\/estudios.umh.es\/en\/preinscripcion-masteres-universitarios-del-estudiantado-con-titulos-extranjeros\/","title":{"rendered":"<span lang=\"es\">(Espa\u00f1ol) PREINSCRIPCI\u00d3N M\u00c1STERES UNIVERSITARIOS DEL ESTUDIANTADO CON T\u00cdTULOS UNIVERSITARIOS EXTRANJEROS<\/span>"},"content":{"rendered":"<p class=\"qtranxs-available-languages-message qtranxs-available-languages-message-en\">Sorry, this entry is only available in <a href=\"https:\/\/estudios.umh.es\/es\/wp-json\/wp\/v2\/pages\/13633\" class=\"qtranxs-available-language-link qtranxs-available-language-link-es\" title=\"Espa\u00f1ol\">European Spanish<\/a>.<\/p>","protected":false},"excerpt":{"rendered":"<p>Sorry, this entry is only available in European Spanish.<\/p>\n","protected":false},"author":9,"featured_media":0,"parent":0,"menu_order":0,"comment_status":"closed","ping_status":"closed","template":"","meta":{"ngg_post_thumbnail":0,"_links_to":"","_links_to_target":""},"_links":{"self":[{"href":"https:\/\/estudios.umh.es\/en\/wp-json\/wp\/v2\/pages\/13633"}],"collection":[{"href":"https:\/\/estudios.umh.es\/en\/wp-json\/wp\/v2\/pages"}],"about":[{"href":"https:\/\/estudios.umh.es\/en\/wp-json\/wp\/v2\/types\/page"}],"author":[{"embeddable":true,"href":"https:\/\/estudios.umh.es\/en\/wp-json\/wp\/v2\/users\/9"}],"replies":[{"embeddable":true,"href":"https:\/\/estudios.umh.es\/en\/wp-json\/wp\/v2\/comments?post=13633"}],"version-history":[{"count":0,"href":"https:\/\/estudios.umh.es\/en\/wp-json\/wp\/v2\/pages\/13633\/revisions"}],"wp:attachment":[{"href":"https:\/\/estudios.umh.es\/en\/wp-json\/wp\/v2\/media?parent=13633"}],"curies":[{"name":"wp","href":"https:\/\/api.w.org\/{rel}","templated":true}]}}