{"id":14517,"date":"2022-07-01T12:38:02","date_gmt":"2022-07-01T10:38:02","guid":{"rendered":"https:\/\/estudios.umh.es\/?page_id=14517"},"modified":"2024-06-13T16:09:55","modified_gmt":"2024-06-13T14:09:55","slug":"preguntas-frecuentes-sobre-la-matriculacion-en-estudios-de-master-universitario","status":"publish","type":"page","link":"https:\/\/estudios.umh.es\/en\/preguntas-frecuentes-sobre-la-matriculacion-en-estudios-de-master-universitario\/","title":{"rendered":"<span lang=\"es\">(Espa\u00f1ol) PREGUNTAS FRECUENTES SOBRE LA MATRICULACI\u00d3N EN ESTUDIOS DE M\u00c1STER UNIVERSITARIO<\/span>"},"content":{"rendered":"<p class=\"qtranxs-available-languages-message qtranxs-available-languages-message-en\">Sorry, this entry is only available in <a href=\"https:\/\/estudios.umh.es\/es\/wp-json\/wp\/v2\/pages\/14517\" class=\"qtranxs-available-language-link qtranxs-available-language-link-es\" title=\"Espa\u00f1ol\">European Spanish<\/a>.<\/p>","protected":false},"excerpt":{"rendered":"<p>Sorry, this entry is only available in European Spanish.<\/p>\n","protected":false},"author":9,"featured_media":0,"parent":0,"menu_order":0,"comment_status":"closed","ping_status":"closed","template":"","meta":{"ngg_post_thumbnail":0,"_links_to":"","_links_to_target":""},"_links":{"self":[{"href":"https:\/\/estudios.umh.es\/en\/wp-json\/wp\/v2\/pages\/14517"}],"collection":[{"href":"https:\/\/estudios.umh.es\/en\/wp-json\/wp\/v2\/pages"}],"about":[{"href":"https:\/\/estudios.umh.es\/en\/wp-json\/wp\/v2\/types\/page"}],"author":[{"embeddable":true,"href":"https:\/\/estudios.umh.es\/en\/wp-json\/wp\/v2\/users\/9"}],"replies":[{"embeddable":true,"href":"https:\/\/estudios.umh.es\/en\/wp-json\/wp\/v2\/comments?post=14517"}],"version-history":[{"count":0,"href":"https:\/\/estudios.umh.es\/en\/wp-json\/wp\/v2\/pages\/14517\/revisions"}],"wp:attachment":[{"href":"https:\/\/estudios.umh.es\/en\/wp-json\/wp\/v2\/media?parent=14517"}],"curies":[{"name":"wp","href":"https:\/\/api.w.org\/{rel}","templated":true}]}}