{"id":14671,"date":"2022-07-28T09:02:18","date_gmt":"2022-07-28T07:02:18","guid":{"rendered":"https:\/\/estudios.umh.es\/?page_id=14671"},"modified":"2025-10-24T09:12:35","modified_gmt":"2025-10-24T07:12:35","slug":"matricula-parcial-masteres-universitarios","status":"publish","type":"page","link":"https:\/\/estudios.umh.es\/en\/matricula-parcial-masteres-universitarios\/","title":{"rendered":"<span lang=\"es\">(Espa\u00f1ol) MATR\u00cdCULA PARCIAL M\u00c1STERES UNIVERSITARIOS<\/span>"},"content":{"rendered":"<p class=\"qtranxs-available-languages-message qtranxs-available-languages-message-en\">Sorry, this entry is only available in <a href=\"https:\/\/estudios.umh.es\/es\/wp-json\/wp\/v2\/pages\/14671\" class=\"qtranxs-available-language-link qtranxs-available-language-link-es\" title=\"Espa\u00f1ol\">European Spanish<\/a>.<\/p>","protected":false},"excerpt":{"rendered":"<p>Sorry, this entry is only available in European Spanish.<\/p>\n","protected":false},"author":1607,"featured_media":0,"parent":0,"menu_order":0,"comment_status":"closed","ping_status":"closed","template":"","meta":{"ngg_post_thumbnail":0,"_links_to":"","_links_to_target":""},"_links":{"self":[{"href":"https:\/\/estudios.umh.es\/en\/wp-json\/wp\/v2\/pages\/14671"}],"collection":[{"href":"https:\/\/estudios.umh.es\/en\/wp-json\/wp\/v2\/pages"}],"about":[{"href":"https:\/\/estudios.umh.es\/en\/wp-json\/wp\/v2\/types\/page"}],"author":[{"embeddable":true,"href":"https:\/\/estudios.umh.es\/en\/wp-json\/wp\/v2\/users\/1607"}],"replies":[{"embeddable":true,"href":"https:\/\/estudios.umh.es\/en\/wp-json\/wp\/v2\/comments?post=14671"}],"version-history":[{"count":0,"href":"https:\/\/estudios.umh.es\/en\/wp-json\/wp\/v2\/pages\/14671\/revisions"}],"wp:attachment":[{"href":"https:\/\/estudios.umh.es\/en\/wp-json\/wp\/v2\/media?parent=14671"}],"curies":[{"name":"wp","href":"https:\/\/api.w.org\/{rel}","templated":true}]}}