{"id":15021,"date":"2022-11-03T15:04:00","date_gmt":"2022-11-03T14:04:00","guid":{"rendered":"https:\/\/estudios.umh.es\/?page_id=15021"},"modified":"2025-09-04T09:08:06","modified_gmt":"2025-09-04T07:08:06","slug":"formas-de-pago-de-la-matricula","status":"publish","type":"page","link":"https:\/\/estudios.umh.es\/en\/formas-de-pago-de-la-matricula\/","title":{"rendered":"<span lang=\"es\">(Espa\u00f1ol) Formas de pago de la matr\u00edcula de M\u00e1steres Universitarios<\/span>"},"content":{"rendered":"<p class=\"qtranxs-available-languages-message qtranxs-available-languages-message-en\">Sorry, this entry is only available in <a href=\"https:\/\/estudios.umh.es\/es\/wp-json\/wp\/v2\/pages\/15021\" class=\"qtranxs-available-language-link qtranxs-available-language-link-es\" title=\"Espa\u00f1ol\">European Spanish<\/a>.<\/p>","protected":false},"excerpt":{"rendered":"<p>Sorry, this entry is only available in European Spanish.<\/p>\n","protected":false},"author":1607,"featured_media":0,"parent":0,"menu_order":0,"comment_status":"closed","ping_status":"closed","template":"","meta":{"ngg_post_thumbnail":0,"_links_to":"","_links_to_target":""},"_links":{"self":[{"href":"https:\/\/estudios.umh.es\/en\/wp-json\/wp\/v2\/pages\/15021"}],"collection":[{"href":"https:\/\/estudios.umh.es\/en\/wp-json\/wp\/v2\/pages"}],"about":[{"href":"https:\/\/estudios.umh.es\/en\/wp-json\/wp\/v2\/types\/page"}],"author":[{"embeddable":true,"href":"https:\/\/estudios.umh.es\/en\/wp-json\/wp\/v2\/users\/1607"}],"replies":[{"embeddable":true,"href":"https:\/\/estudios.umh.es\/en\/wp-json\/wp\/v2\/comments?post=15021"}],"version-history":[{"count":0,"href":"https:\/\/estudios.umh.es\/en\/wp-json\/wp\/v2\/pages\/15021\/revisions"}],"wp:attachment":[{"href":"https:\/\/estudios.umh.es\/en\/wp-json\/wp\/v2\/media?parent=15021"}],"curies":[{"name":"wp","href":"https:\/\/api.w.org\/{rel}","templated":true}]}}