{"id":17335,"date":"2024-03-14T13:08:58","date_gmt":"2024-03-14T12:08:58","guid":{"rendered":"https:\/\/estudios.umh.es\/?page_id=17335"},"modified":"2025-09-24T15:04:58","modified_gmt":"2025-09-24T13:04:58","slug":"becas-para-la-financiacion-de-la-matricula-de-estudiantes-de-grado-y-master-universitario","status":"publish","type":"page","link":"https:\/\/estudios.umh.es\/en\/becas-para-la-financiacion-de-la-matricula-de-estudiantes-de-grado-y-master-universitario\/","title":{"rendered":"<span lang=\"es\">(Espa\u00f1ol) Becas para la financiaci\u00f3n de la matr\u00edcula de estudiantes de grado y m\u00e1ster universitario<\/span>"},"content":{"rendered":"<p class=\"qtranxs-available-languages-message qtranxs-available-languages-message-en\">Sorry, this entry is only available in <a href=\"https:\/\/estudios.umh.es\/es\/wp-json\/wp\/v2\/pages\/17335\" class=\"qtranxs-available-language-link qtranxs-available-language-link-es\" title=\"Espa\u00f1ol\">European Spanish<\/a>.<\/p>","protected":false},"excerpt":{"rendered":"<p>Sorry, this entry is only available in European Spanish.<\/p>\n","protected":false},"author":10,"featured_media":0,"parent":0,"menu_order":0,"comment_status":"closed","ping_status":"closed","template":"","meta":{"ngg_post_thumbnail":0,"_links_to":"","_links_to_target":""},"_links":{"self":[{"href":"https:\/\/estudios.umh.es\/en\/wp-json\/wp\/v2\/pages\/17335"}],"collection":[{"href":"https:\/\/estudios.umh.es\/en\/wp-json\/wp\/v2\/pages"}],"about":[{"href":"https:\/\/estudios.umh.es\/en\/wp-json\/wp\/v2\/types\/page"}],"author":[{"embeddable":true,"href":"https:\/\/estudios.umh.es\/en\/wp-json\/wp\/v2\/users\/10"}],"replies":[{"embeddable":true,"href":"https:\/\/estudios.umh.es\/en\/wp-json\/wp\/v2\/comments?post=17335"}],"version-history":[{"count":0,"href":"https:\/\/estudios.umh.es\/en\/wp-json\/wp\/v2\/pages\/17335\/revisions"}],"wp:attachment":[{"href":"https:\/\/estudios.umh.es\/en\/wp-json\/wp\/v2\/media?parent=17335"}],"curies":[{"name":"wp","href":"https:\/\/api.w.org\/{rel}","templated":true}]}}