{"id":17416,"date":"2024-03-05T14:58:57","date_gmt":"2024-03-05T13:58:57","guid":{"rendered":"https:\/\/estudios.umh.es\/?page_id=17416"},"modified":"2025-11-06T10:23:36","modified_gmt":"2025-11-06T09:23:36","slug":"competencias-transversales-y-profesionales-2","status":"publish","type":"page","link":"https:\/\/estudios.umh.es\/en\/competencias-transversales-y-profesionales-2\/","title":{"rendered":"<span lang=\"es\">(Espa\u00f1ol) RECONOCIMIENTO DE CR\u00c9DITOS MEDIANTE LA ACREDITACI\u00d3N DE ACTIVIDADES UNIVERSITARIAS O ACAD\u00c9MICAS<\/span>"},"content":{"rendered":"<p class=\"qtranxs-available-languages-message qtranxs-available-languages-message-en\">Sorry, this entry is only available in <a href=\"https:\/\/estudios.umh.es\/es\/wp-json\/wp\/v2\/pages\/17416\" class=\"qtranxs-available-language-link qtranxs-available-language-link-es\" title=\"Espa\u00f1ol\">European Spanish<\/a> and <a href=\"https:\/\/estudios.umh.es\/ca\/wp-json\/wp\/v2\/pages\/17416\" class=\"qtranxs-available-language-link qtranxs-available-language-link-ca\" title=\"Valenci\u00e0\">Catalan<\/a>.<\/p>","protected":false},"excerpt":{"rendered":"<p>Sorry, this entry is only available in European Spanish and Catalan.<\/p>\n","protected":false},"author":21925,"featured_media":0,"parent":0,"menu_order":0,"comment_status":"closed","ping_status":"closed","template":"","meta":{"ngg_post_thumbnail":0,"_links_to":"","_links_to_target":""},"_links":{"self":[{"href":"https:\/\/estudios.umh.es\/en\/wp-json\/wp\/v2\/pages\/17416"}],"collection":[{"href":"https:\/\/estudios.umh.es\/en\/wp-json\/wp\/v2\/pages"}],"about":[{"href":"https:\/\/estudios.umh.es\/en\/wp-json\/wp\/v2\/types\/page"}],"author":[{"embeddable":true,"href":"https:\/\/estudios.umh.es\/en\/wp-json\/wp\/v2\/users\/21925"}],"replies":[{"embeddable":true,"href":"https:\/\/estudios.umh.es\/en\/wp-json\/wp\/v2\/comments?post=17416"}],"version-history":[{"count":0,"href":"https:\/\/estudios.umh.es\/en\/wp-json\/wp\/v2\/pages\/17416\/revisions"}],"wp:attachment":[{"href":"https:\/\/estudios.umh.es\/en\/wp-json\/wp\/v2\/media?parent=17416"}],"curies":[{"name":"wp","href":"https:\/\/api.w.org\/{rel}","templated":true}]}}