{"id":17679,"date":"2024-03-15T11:58:11","date_gmt":"2024-03-15T10:58:11","guid":{"rendered":"https:\/\/estudios.umh.es\/?page_id=17679"},"modified":"2026-03-03T09:43:48","modified_gmt":"2026-03-03T08:43:48","slug":"beca-santander-estudios","status":"publish","type":"page","link":"https:\/\/estudios.umh.es\/en\/beca-santander-estudios\/","title":{"rendered":"Santander Scholarship Financial Aid"},"content":{"rendered":"<p><\/p>\n<h3>Curso 2025\/2026<\/h3>\n<ul>\n<li><a href=\"https:\/\/app.santanderopenacademy.com\/es\/program\/ayuda-economica-2025\">Consulta la convocatoria para el curso 2025\/2026<\/a><\/li>\n<li><a href=\"https:\/\/boumh.umh.es\/files\/2025\/05\/RR_01407_2025.pdf\">Convocatoria Becas Santander Ayuda Econ\u00f3mica, para estudiantes matriculados en titulaciones oficiales de grado y m\u00e1ster de la Universidad Miguel Hern\u00e1ndez de Elche, para el curso 2025\/2026. 1.05 MB. PDF<\/a><\/li>\n<li><a href=\"https:\/\/boumh.umh.es\/files\/2025\/06\/RR_01578_2025.pdf\">Correcci\u00f3n de Errores Convocatoria Becas Santander Ayuda Econ\u00f3mica. 452 KB. PDF <\/a><\/li>\n<li><a href=\"https:\/\/boumh.umh.es\/files\/2025\/11\/RR_03230_2025.pdf\">Resoluci\u00f3n Rectoral de la Universidad Miguel Hern\u00e1ndez por la que se ampl\u00eda el cr\u00e9ditos asignado a la convocatoria de Becas Santander Ayuda Econ\u00f3mica. (451 KB) PDF<\/a><\/li>\n<li>Plazo de presentaci\u00f3n de solicitudes: hasta el 15 de octubre de 2025.&nbsp;<\/li>\n<li>Para solicitarla debes entrar en el siguiente <a href=\"https:\/\/sso.santanderopenacademy.com\/auth\/realms\/Becas\/protocol\/openid-connect\/registrations?client_id=becas&amp;redirect_uri=https%3A%2F%2Fapp.santanderopenacademy.com%2Fes%2Fapplication%2Fnew%2F667a7c24ff389e045990b773&amp;state=1954a9f4-251a-46a3-8070-2caeefa7d612&amp;response_mode=fragment&amp;response_type=code&amp;scope=openid&amp;nonce=bb0fbb05-497a-45ac-81fa-74941f87757b&amp;ui_locales=es&amp;code_challenge=YNGHUWWs50cxdkwx_a7JR3amxxLJ0VQhtIe9GygNY1Y&amp;code_challenge_method=S256\">enlace<\/a><\/li>\n<li><a href=\"https:\/\/boumh.umh.es\/files\/2025\/11\/ES_U05500001_2025_DOCH-0000000000000000000376673.pdf\">Listado provisional de personas admitidas y excluidas del programa \u00abBecas-Santander Ayuda Econ\u00f3mica 2025\u00bb. PDF 5.23 MB<\/a><\/li>\n<li>Plazo de reclamaci\u00f3n: Del 8 al 17 de noviembre de 2025<\/li>\n<li>Las reclamaciones se presentar\u00e1n, mediante escrito dirigido al Servicio de Gesti\u00f3n de Estudios de la Universidad Miguel Hern\u00e1ndez de Elche, preferentemente a trav\u00e9s de la Sede Electr\u00f3nica de la UMH, a trav\u00e9s del siguiente <a href=\"https:\/\/sede.umh.es\/procedimientos\/instanciageneral\/\">enlace<\/a>, o mediante los cauces establecidos en el<br \/>\nart\u00edculo 16 de la Ley 39\/2015, de 1 de octubre, del Procedimiento Administrativo Com\u00fan de las Administraciones P\u00fablicas.<\/li>\n<li><a href=\"https:\/\/boumh.umh.es\/files\/2025\/11\/RR_03299_2025.pdf\">Resoluci\u00f3n Rectoral 03299\/2025, de 21 de noviembre, por la que se concede o deniega el programa Becas Santander Ayuda Econ\u00f3mica 2025. PDF 624,85 KB<\/a><\/li>\n<li><a href=\"https:\/\/boumh.umh.es\/files\/2025\/12\/RR_03588_2025.pdf\">Resoluci\u00f3n Rectoral 03588\/2025, de 18 de diciembre, de revocaci\u00f3n de la concesi\u00f3n del Programa Becas Santander Ayuda Econ\u00f3mica 2025.&nbsp; 452.95 KB<\/a><\/li>\n<\/ul>\n<h3>Curso 2024\/2025<\/h3>\n<ul>\n<li><a href=\"https:\/\/app.santanderopenacademy.com\/es\/program\/ayuda-economica-2024-2025?utm_source=Web&amp;utm_medium=Referral&amp;utm_campaign=AE_Espana_Web_Publica_SE\">Consulta la convocatoria para el curso 2024\/2025<\/a><\/li>\n<li>Plazo de presentaci\u00f3n de solicitudes: Del 30 de abril al 31 de octubre de 2024.<\/li>\n<li>Para solicitarla debes entrar en el siguiente <a href=\"https:\/\/app.santanderopenacademy.com\/es\/program\/ayuda-economica-2024-2025?utm_source=Web&amp;utm_medium=Referral&amp;utm_campaign=AE_Espana_Web_Publica_SE\">enlace<\/a><\/li>\n<li><a href=\"https:\/\/boumh.umh.es\/files\/2024\/11\/ES_U05500001_2024_DOCH-0000000000000000000370356.pdf\">Consulta el listado provisional de personas admitidas y excluidas del programa Ayuda Econ\u00f3mica convocatoria 2024\/2025 Banco Santander. PDF (7,16 MB)<\/a><\/li>\n<li><a href=\"https:\/\/boumh.umh.es\/files\/2024\/12\/RR_03535_2024.pdf\">Consulta el listado definitivo por el que se concede o deniega el programa ayuda econ\u00f3mica para el curso 2024\/2025. PDF (729 KB)<\/a><\/li>\n<li><a href=\"https:\/\/boumh.umh.es\/files\/2025\/01\/RR_00032_2025.pdf\">Resoluci\u00f3n Rectoral 00032\/2025, de 10 de enero, de revocaci\u00f3n de la concesi\u00f3n del programa de Becas Santander Ayuda Econ\u00f3mica, convocatoria 2024\/2025. PDF (453 KB)<\/a><\/li>\n<\/ul>\n<p><\/p>","protected":false},"excerpt":{"rendered":"<p>Curso 2025\/2026<\/p>\n<p>Consulta la convocatoria para el curso 2025\/2026<br \/>\nConvocatoria Becas Santander Ayuda Econ\u00f3mica, para estudiantes matriculados en titulaciones oficiales de grado y m\u00e1ster de la Universidad Miguel Hern\u00e1ndez de Elche, para el curso 2025\/2026. 1.05 MB. PDF<br \/>\nCorrecci\u00f3n de Errores Convocatoria Becas Santander Ayuda Econ\u00f3mica. 452 KB. PDF<br \/>\nResoluci\u00f3n Rectoral de la Universidad Miguel Hern\u00e1ndez por la [&#8230;]<\/p>\n","protected":false},"author":10,"featured_media":0,"parent":0,"menu_order":0,"comment_status":"closed","ping_status":"closed","template":"","meta":{"ngg_post_thumbnail":0,"_links_to":"","_links_to_target":""},"_links":{"self":[{"href":"https:\/\/estudios.umh.es\/en\/wp-json\/wp\/v2\/pages\/17679"}],"collection":[{"href":"https:\/\/estudios.umh.es\/en\/wp-json\/wp\/v2\/pages"}],"about":[{"href":"https:\/\/estudios.umh.es\/en\/wp-json\/wp\/v2\/types\/page"}],"author":[{"embeddable":true,"href":"https:\/\/estudios.umh.es\/en\/wp-json\/wp\/v2\/users\/10"}],"replies":[{"embeddable":true,"href":"https:\/\/estudios.umh.es\/en\/wp-json\/wp\/v2\/comments?post=17679"}],"version-history":[{"count":0,"href":"https:\/\/estudios.umh.es\/en\/wp-json\/wp\/v2\/pages\/17679\/revisions"}],"wp:attachment":[{"href":"https:\/\/estudios.umh.es\/en\/wp-json\/wp\/v2\/media?parent=17679"}],"curies":[{"name":"wp","href":"https:\/\/api.w.org\/{rel}","templated":true}]}}