{"id":20807,"date":"2026-02-06T15:00:56","date_gmt":"2026-02-06T14:00:56","guid":{"rendered":"https:\/\/estudios.umh.es\/?page_id=20807"},"modified":"2026-02-06T15:04:09","modified_gmt":"2026-02-06T14:04:09","slug":"becas-internacionales-para-el-master-en-neurociencias-del-laboratorio-a-la-practica-clinica","status":"publish","type":"page","link":"https:\/\/estudios.umh.es\/en\/becas-internacionales-para-el-master-en-neurociencias-del-laboratorio-a-la-practica-clinica\/","title":{"rendered":"<span lang=\"es\">(Espa\u00f1ol) Becas Internacionales \u00a0para el M\u00e1ster en Neurociencias: del laboratorio a la pr\u00e1ctica cl\u00ednica<\/span>"},"content":{"rendered":"<p><\/p>\n<p style=\"font-weight: 400\">The&nbsp;<strong>Institute of Neurosciences<\/strong>&nbsp;in Alicante, Spain, offers up to&nbsp;<strong>5&nbsp;International Scholarships<\/strong>&nbsp;for the &#8220;Master&#8217;s Degree in Neurosciences: from the bench to the bedside&#8221; (October 2026-July 2027) that may be of interest to the students of your University:<\/p>\n<p><strong><u>Economic support<\/u><\/strong>&nbsp;<\/p>\n<ul style=\"font-weight: 400\">\n<li>Monthly stipend of \u20ac800<\/li>\n<li>Full coverage of Master&#8217;s tuition fees&nbsp;<\/li>\n<li>Relocation grant<\/li>\n<\/ul>\n<p style=\"font-weight: 400\"><strong><u>Eligibility criteria<\/u><\/strong><\/p>\n<ul style=\"font-weight: 400\">\n<li>The call is open to candidates of all nationalities<\/li>\n<li>A preference for candidates with a Bachelor&#8217;s degree in Biology\/Biomedicine related disciplines, although degrees in any STEM discipline will be considered.<\/li>\n<li>Undergraduate GPA record equal to or above 8\/10<\/li>\n<li>Previous international mobility and\/or research experience will be highly valued.<\/li>\n<\/ul>\n<p style=\"font-weight: 400\"><strong><u>Application and deadline<\/u><\/strong><\/p>\n<p style=\"font-weight: 400\">Interested candidates should submit the following documents to&nbsp;<a href=\"mailto:so_scholar@umh.es\">so_scholar@umh.es<\/a>&nbsp;by March 5, 2026:<\/p>\n<ul style=\"font-weight: 400\">\n<li>Passport (PDF version)<\/li>\n<li>CV (no longer than one page)<\/li>\n<li>Diploma and academic records (dates, subjects, credits and qualifications of Bachelor&#8217;s and Master&#8217;s degrees) including average grade obtained and the scale applied.<\/li>\n<li>A motivation letter in English (no longer than one page), indicating&nbsp;three&nbsp;<strong>Research Groups<\/strong>&nbsp;(<a href=\"https:\/\/in.umh-csic.es\/en\/research\/research-units\/\" data-saferedirecturl=\"https:\/\/www.google.com\/url?q=https:\/\/in.umh-csic.es\/en\/research\/research-units\/&amp;source=gmail&amp;ust=1770463310584000&amp;usg=AOvVaw37l-e6saipBweb1pP6Nx9Q\">https:\/\/in.umh-csic.es\/en\/research\/research-units\/<\/a>)&nbsp;in which you would like to carry out your Master&#8217;s experimental work and a justification for your choice<\/li>\n<\/ul>\n<p style=\"font-weight: 400\">&nbsp;<\/p>\n<p style=\"font-weight: 400\">You will find all the information in our website: <a href=\"https:\/\/in.umh-csic.es\/en\/formation\/master-in-neuroscience\/\" data-saferedirecturl=\"https:\/\/www.google.com\/url?q=https:\/\/in.umh-csic.es\/en\/formation\/master-in-neuroscience\/&amp;source=gmail&amp;ust=1770463310584000&amp;usg=AOvVaw1_xPSIc-yK4mXUeTzC7LI8\">https:\/\/in.umh-csic.es\/en\/formation\/master-in-neuroscience\/<\/a>&nbsp;&nbsp;<\/p>\n<p><\/p>","protected":false},"excerpt":{"rendered":"<p>The&nbsp;Institute of Neurosciences&nbsp;in Alicante, Spain, offers up to&nbsp;5&nbsp;International Scholarships&nbsp;for the &#8220;Master&#8217;s Degree in Neurosciences: from the bench to the bedside&#8221; (October 2026-July 2027) that may be of interest to the students of your University:<br \/>\nEconomic support&nbsp;<\/p>\n<p>Monthly stipend of \u20ac800<br \/>\nFull coverage of Master&#8217;s tuition fees&nbsp;<br \/>\nRelocation grant<\/p>\n<p>Eligibility criteria<\/p>\n<p>The call is open to candidates of all nationalities<br \/>\nA preference for [&#8230;]<\/p>\n","protected":false},"author":10,"featured_media":0,"parent":0,"menu_order":0,"comment_status":"closed","ping_status":"closed","template":"","meta":{"ngg_post_thumbnail":0,"_links_to":"","_links_to_target":""},"_links":{"self":[{"href":"https:\/\/estudios.umh.es\/en\/wp-json\/wp\/v2\/pages\/20807"}],"collection":[{"href":"https:\/\/estudios.umh.es\/en\/wp-json\/wp\/v2\/pages"}],"about":[{"href":"https:\/\/estudios.umh.es\/en\/wp-json\/wp\/v2\/types\/page"}],"author":[{"embeddable":true,"href":"https:\/\/estudios.umh.es\/en\/wp-json\/wp\/v2\/users\/10"}],"replies":[{"embeddable":true,"href":"https:\/\/estudios.umh.es\/en\/wp-json\/wp\/v2\/comments?post=20807"}],"version-history":[{"count":0,"href":"https:\/\/estudios.umh.es\/en\/wp-json\/wp\/v2\/pages\/20807\/revisions"}],"wp:attachment":[{"href":"https:\/\/estudios.umh.es\/en\/wp-json\/wp\/v2\/media?parent=20807"}],"curies":[{"name":"wp","href":"https:\/\/api.w.org\/{rel}","templated":true}]}}