{"id":264,"date":"2014-04-14T14:44:51","date_gmt":"2014-04-14T14:44:51","guid":{"rendered":"http:\/\/estudios.zeus.umh.es\/?page_id=264"},"modified":"2026-04-28T14:00:19","modified_gmt":"2026-04-28T12:00:19","slug":"tablas-de-reconocimiento-de-creditos-2","status":"publish","type":"page","link":"https:\/\/estudios.umh.es\/en\/reconocimiento-creditos\/continuacion-en-los-titulos-de-grado-equivalentes-desde-titulos-en-extincion\/tablas-de-reconocimiento-de-creditos-2\/","title":{"rendered":"CREDIT RECOGNITION TABLES"},"content":{"rendered":"<p><span dir=\"auto\" style=\"vertical-align: inherit\"><span dir=\"auto\" style=\"vertical-align: inherit\">Royal Decree 1393\/2007, of October 29, modified by Royal Decree 861\/2010, of July 2, which establishes the organization of official university studies, expresses the possibility that students who have started their studies in previous official university organizations may continue their studies in equivalent Bachelor&#8217;s degrees.<\/span><\/span><\/p>\n<p><span dir=\"auto\" style=\"vertical-align: inherit\"><span dir=\"auto\" style=\"vertical-align: inherit\">Therefore, if you are a UMH student in a degree program that is being phased out, you can&nbsp; <\/span><\/span><strong><span dir=\"auto\" style=\"vertical-align: inherit\"><span dir=\"auto\" style=\"vertical-align: inherit\">switch to the equivalent degree that replaces your Bachelor&#8217;s, Engineering, Diploma or Technical Engineering degree.<\/span><\/span><\/strong><\/p>\n<p>Por ello, si eras estudiante de UMH en titulaciones extintas puedes <strong>continuar tus estudios cursando el grado equivalente que sustituye a tu Licenciatura, Ingenier\u00eda, Diplomatura o Ingenier\u00eda T\u00e9cnica.<\/strong><\/p>\n<p><span dir=\"auto\" style=\"vertical-align: inherit\"><span dir=\"auto\" style=\"vertical-align: inherit\">You can then consult the credit recognition between the studies to be phased out and the degrees equivalent to them.<\/span><\/span><\/p>\n<h3><span dir=\"auto\" style=\"vertical-align: inherit\"><span dir=\"auto\" style=\"vertical-align: inherit\">Elche Campus<\/span><\/span><\/h3>\n<p><a href=\"https:\/\/estudios.umh.es\/files\/2015\/09\/Estad\u00edstica-Empresarial.pdf\" target=\"_blank\" rel=\"noopener\"><span dir=\"auto\" style=\"vertical-align: inherit\"><span dir=\"auto\" style=\"vertical-align: inherit\">Diploma in Statistics to Degree in Business Statistics.PDF.41.7kB<\/span><\/span><img loading=\"lazy\" class=\"alignnone wp-image-31436 size-full\" src=\"https:\/\/estudios.umh.es\/files\/2021\/11\/abre-en-nueva-ventana.png\" alt=\"(opens in a new window)\" width=\"15\" height=\"15\"><\/a><\/p>\n<p><a href=\"https:\/\/estudios.umh.es\/files\/2015\/09\/RRLL-y-RRHH.pdf\" target=\"_blank\" rel=\"noopener\"><span dir=\"auto\" style=\"vertical-align: inherit\"><span dir=\"auto\" style=\"vertical-align: inherit\">Diploma in Labor Relations to Degree in Labor Relations and Human Resources.PDF.41.8kB<\/span><\/span><img loading=\"lazy\" class=\"alignnone wp-image-31436 size-full\" src=\"https:\/\/estudios.umh.es\/files\/2021\/11\/abre-en-nueva-ventana.png\" alt=\"(opens in a new window)\" width=\"15\" height=\"15\"><\/a><\/p>\n<p><a href=\"https:\/\/estudios.umh.es\/files\/2015\/10\/ADE-Elche.pdf\" target=\"_blank\" rel=\"noopener\"><span dir=\"auto\" style=\"vertical-align: inherit\"><span dir=\"auto\" style=\"vertical-align: inherit\">Bachelor of Business Administration to Degree in Business Administration and Management.PDF.33.8kB<\/span><\/span><img loading=\"lazy\" class=\"alignnone wp-image-31436 size-full\" src=\"https:\/\/estudios.umh.es\/files\/2021\/11\/abre-en-nueva-ventana.png\" alt=\"(opens in a new window)\" width=\"15\" height=\"15\"><\/a><\/p>\n<p><a href=\"https:\/\/estudios.umh.es\/files\/2015\/09\/CC-Ambientales.pdf\" target=\"_blank\" rel=\"noopener\"><span dir=\"auto\" style=\"vertical-align: inherit\"><span dir=\"auto\" style=\"vertical-align: inherit\">Bachelor of Science in Environmental Sciences to Degree in Environmental Sciences.PDF.41.9kB<\/span><\/span><img loading=\"lazy\" class=\"alignnone wp-image-31436 size-full\" src=\"https:\/\/estudios.umh.es\/files\/2021\/11\/abre-en-nueva-ventana.png\" alt=\"(opens in a new window)\" width=\"15\" height=\"15\"><\/a><\/p>\n<p><a href=\"https:\/\/estudios.umh.es\/files\/2015\/09\/CAFD.pdf\" target=\"_blank\" rel=\"noopener\"><span dir=\"auto\" style=\"vertical-align: inherit\"><span dir=\"auto\" style=\"vertical-align: inherit\">Bachelor of Science in Physical Activity and Sport to Degree in Science in Physical Activity and Sport.PDF.42.4kB<\/span><\/span><img loading=\"lazy\" class=\"alignnone wp-image-31436 size-full\" src=\"https:\/\/estudios.umh.es\/files\/2021\/11\/abre-en-nueva-ventana.png\" alt=\"(opens in a new window)\" width=\"15\" height=\"15\"><\/a><\/p>\n<p><a href=\"https:\/\/estudios.umh.es\/files\/2015\/09\/Comunicaci\u00f3n-Audiovisual.pdf\" target=\"_blank\" rel=\"noopener\"><span dir=\"auto\" style=\"vertical-align: inherit\"><span dir=\"auto\" style=\"vertical-align: inherit\">Bachelor of Audiovisual Communication to Degree in Audiovisual Communication.PDF.41.4kB<\/span><\/span><img loading=\"lazy\" class=\"alignnone wp-image-31436 size-full\" src=\"https:\/\/estudios.umh.es\/files\/2021\/11\/abre-en-nueva-ventana.png\" alt=\"(opens in a new window)\" width=\"15\" height=\"15\"><\/a><\/p>\n<p><a href=\"https:\/\/estudios.umh.es\/files\/2014\/04\/Tabla-Grado-Derecho.pdf\"><span dir=\"auto\" style=\"vertical-align: inherit\"><span dir=\"auto\" style=\"vertical-align: inherit\">Bachelor of Laws to Degree in Law.PDF.5,7kB<\/span><\/span><img loading=\"lazy\" class=\"alignnone wp-image-31436 size-full\" src=\"https:\/\/estudios.umh.es\/files\/2021\/11\/abre-en-nueva-ventana.png\" alt=\"(opens in a new window)\" width=\"15\" height=\"15\"><\/a><\/p>\n<p><a href=\"https:\/\/estudios.umh.es\/files\/2016\/10\/Periodismo.pdf\" target=\"_blank\" rel=\"noopener\"><span dir=\"auto\" style=\"vertical-align: inherit\"><span dir=\"auto\" style=\"vertical-align: inherit\">Bachelor of Journalism to Degree in Journalism.PDF.33.5kB<\/span><\/span><img loading=\"lazy\" class=\"alignnone wp-image-31436 size-full\" src=\"https:\/\/estudios.umh.es\/files\/2021\/11\/abre-en-nueva-ventana.png\" alt=\"(opens in a new window)\" width=\"15\" height=\"15\"><\/a><\/p>\n<p><a href=\"https:\/\/estudios.umh.es\/files\/2015\/09\/Psicolog\u00eda.pdf\" target=\"_blank\" rel=\"noopener\"><span dir=\"auto\" style=\"vertical-align: inherit\"><span dir=\"auto\" style=\"vertical-align: inherit\">Bachelor of Psychology to Degree in Psychology.PDF.41.7kB<\/span><\/span><img loading=\"lazy\" class=\"alignnone wp-image-31436 size-full\" src=\"https:\/\/estudios.umh.es\/files\/2021\/11\/abre-en-nueva-ventana.png\" alt=\"(opens in a new window)\" width=\"15\" height=\"15\"><\/a><\/p>\n<p><a href=\"https:\/\/estudios.umh.es\/files\/2015\/09\/Ing-Industrial-G-Ing-El\u00e9ctrica.pdf\" target=\"_blank\" rel=\"noopener\"><span dir=\"auto\" style=\"vertical-align: inherit\"><span dir=\"auto\" style=\"vertical-align: inherit\">Industrial Engineer with a Degree in Electrical Engineering.PDF.41.4kB<\/span><\/span><img loading=\"lazy\" class=\"alignnone wp-image-31436 size-full\" src=\"https:\/\/estudios.umh.es\/files\/2021\/11\/abre-en-nueva-ventana.png\" alt=\"(opens in a new window)\" width=\"15\" height=\"15\"><\/a><\/p>\n<p><a href=\"https:\/\/estudios.umh.es\/files\/2015\/09\/Ing-Industrial-G-Ing-Elect.-y-AI.pdf\" target=\"_blank\" rel=\"noopener\"><span dir=\"auto\" style=\"vertical-align: inherit\"><span dir=\"auto\" style=\"vertical-align: inherit\">Industrial Engineer with a Degree in Electronic and Industrial Automation Engineering.PDF.41.5kB<\/span><\/span><img loading=\"lazy\" class=\"alignnone wp-image-31436 size-full\" src=\"https:\/\/estudios.umh.es\/files\/2021\/11\/abre-en-nueva-ventana.png\" alt=\"(opens in a new window)\" width=\"15\" height=\"15\"><\/a><\/p>\n<p><a href=\"https:\/\/estudios.umh.es\/files\/2015\/09\/Ing-Industrial-G-Ing-Mec\u00e1nica.pdf\" target=\"_blank\" rel=\"noopener\"><span dir=\"auto\" style=\"vertical-align: inherit\"><span dir=\"auto\" style=\"vertical-align: inherit\">Industrial Engineer with a Degree in Mechanical Engineering.PDF.41.8kB<\/span><\/span><img loading=\"lazy\" class=\"alignnone wp-image-31436 size-full\" src=\"https:\/\/estudios.umh.es\/files\/2021\/11\/abre-en-nueva-ventana.png\" alt=\"(opens in a new window)\" width=\"15\" height=\"15\"><\/a><\/p>\n<p><a href=\"https:\/\/estudios.umh.es\/files\/2015\/09\/Ing-T\u00e9c-Industrial-Mec\u00e1nica-G-Ing-Mec\u00e1nica.pdf\" target=\"_blank\" rel=\"noopener\"><span dir=\"auto\" style=\"vertical-align: inherit\"><span dir=\"auto\" style=\"vertical-align: inherit\">Industrial Technical Engineer, specializing in Mechanics, to a Degree in Mechanical Engineering.PDF.41.7kB<\/span><\/span><img loading=\"lazy\" class=\"alignnone wp-image-31436 size-full\" src=\"https:\/\/estudios.umh.es\/files\/2021\/11\/abre-en-nueva-ventana.png\" alt=\"(opens in a new window)\" width=\"15\" height=\"15\"><\/a><\/p>\n<p><a href=\"https:\/\/estudios.umh.es\/files\/2015\/09\/Ing-T\u00e9c-Teleco-Sis-Electr\u00f3nicos-G-Ing-Teleco.pdf\" target=\"_blank\" rel=\"noopener\"><span dir=\"auto\" style=\"vertical-align: inherit\"><span dir=\"auto\" style=\"vertical-align: inherit\">Technical Engineer in Telecommunications, specializing in Electronic Systems, towards a Degree in Telecommunications Technologies Engineering.PDF.41.5kB<\/span><\/span><img loading=\"lazy\" class=\"alignnone wp-image-31436 size-full\" src=\"https:\/\/estudios.umh.es\/files\/2021\/11\/abre-en-nueva-ventana.png\" alt=\"(opens in a new window)\" width=\"15\" height=\"15\"><\/a><\/p>\n<p><a href=\"https:\/\/estudios.umh.es\/files\/2015\/09\/Ing-T\u00e9c-Teleco-Sis-Teleco-G-Ing-Teleco.pdf\" target=\"_blank\" rel=\"noopener\"><span dir=\"auto\" style=\"vertical-align: inherit\"><span dir=\"auto\" style=\"vertical-align: inherit\">Technical Engineer in Telecommunications, specializing in Telecommunications Systems, to a Degree in Telecommunications Technologies Engineering.PDF.41.5kB<\/span><\/span><img loading=\"lazy\" class=\"alignnone wp-image-31436 size-full\" src=\"https:\/\/estudios.umh.es\/files\/2021\/11\/abre-en-nueva-ventana.png\" alt=\"(opens in a new window)\" width=\"15\" height=\"15\"><\/a><\/p>\n<p><a href=\"https:\/\/estudios.umh.es\/files\/2015\/09\/Ing-T\u00e9c-Teleco-Sis-Teleco-G-Ing-Elect-y-AI.pdf\" target=\"_blank\" rel=\"noopener\"><span dir=\"auto\" style=\"vertical-align: inherit\"><span dir=\"auto\" style=\"vertical-align: inherit\">Telecommunications Technical Engineer, specializing in Electronic Systems, towards a Degree in Electronic Engineering and Industrial Automation.PDF.36.5kB<\/span><\/span><img loading=\"lazy\" class=\"alignnone wp-image-31436 size-full\" src=\"https:\/\/estudios.umh.es\/files\/2021\/11\/abre-en-nueva-ventana.png\" alt=\"(opens in a new window)\" width=\"15\" height=\"15\"><\/a><\/p>\n<h3><span dir=\"auto\" style=\"vertical-align: inherit\"><span dir=\"auto\" style=\"vertical-align: inherit\">Orihuela Campus<\/span><\/span><\/h3>\n<p><a href=\"https:\/\/estudios.umh.es\/files\/2015\/09\/ADE-Orihuela.pdf\" target=\"_blank\" rel=\"noopener\"><span dir=\"auto\" style=\"vertical-align: inherit\"><span dir=\"auto\" style=\"vertical-align: inherit\">Bachelor of Business Administration to Degree in Business Administration and Management.PDF.41.9kB<\/span><\/span><img loading=\"lazy\" class=\"alignnone wp-image-31436 size-full\" src=\"https:\/\/estudios.umh.es\/files\/2021\/11\/abre-en-nueva-ventana.png\" alt=\"(opens in a new window)\" width=\"15\" height=\"15\"><\/a><\/p>\n<p><a href=\"https:\/\/estudios.umh.es\/files\/2015\/09\/Pol\u00edticas.pdf\" target=\"_blank\" rel=\"noopener\"><span dir=\"auto\" style=\"vertical-align: inherit\"><span dir=\"auto\" style=\"vertical-align: inherit\">Bachelor of Arts in Political Science and Public Administration to Degree in Political Science and Public Management.PDF.42kB<\/span><\/span><img loading=\"lazy\" class=\"alignnone wp-image-31436 size-full\" src=\"https:\/\/estudios.umh.es\/files\/2021\/11\/abre-en-nueva-ventana.png\" alt=\"(opens in a new window)\" width=\"15\" height=\"15\"><\/a><\/p>\n<h3><span dir=\"auto\" style=\"vertical-align: inherit\"><span dir=\"auto\" style=\"vertical-align: inherit\">Sant Joan d&#8217;Alacant Campus<\/span><\/span><\/h3>\n<p><a href=\"https:\/\/estudios.umh.es\/files\/2015\/09\/Fisioterapia.pdf\" target=\"_blank\" rel=\"noopener\"><span dir=\"auto\" style=\"vertical-align: inherit\"><span dir=\"auto\" style=\"vertical-align: inherit\">Diploma in Physiotherapy to Degree in Physiotherapy.PDF.41.3kB<\/span><\/span><img loading=\"lazy\" class=\"alignnone wp-image-31436 size-full\" src=\"https:\/\/estudios.umh.es\/files\/2021\/11\/abre-en-nueva-ventana.png\" alt=\"(opens in a new window)\" width=\"15\" height=\"15\"><\/a><\/p>\n<p><a href=\"https:\/\/estudios.umh.es\/files\/2015\/09\/Podolog\u00eda.pdf\" target=\"_blank\" rel=\"noopener\"><span dir=\"auto\" style=\"vertical-align: inherit\"><span dir=\"auto\" style=\"vertical-align: inherit\">Diploma in Podiatry to Degree in Podiatry.PDF.41.8kB<\/span><\/span><img loading=\"lazy\" class=\"alignnone wp-image-31436 size-full\" src=\"https:\/\/estudios.umh.es\/files\/2021\/11\/abre-en-nueva-ventana.png\" alt=\"(opens in a new window)\" width=\"15\" height=\"15\"><\/a><\/p>\n<p><a href=\"https:\/\/estudios.umh.es\/files\/2015\/09\/Terapia-Ocupacional.pdf\" target=\"_blank\" rel=\"noopener\"><span dir=\"auto\" style=\"vertical-align: inherit\"><span dir=\"auto\" style=\"vertical-align: inherit\">Diploma in Occupational Therapy to Degree in Occupational Therapy.PDF.41.8kB<\/span><\/span><img loading=\"lazy\" class=\"alignnone wp-image-31436 size-full\" src=\"https:\/\/estudios.umh.es\/files\/2021\/11\/abre-en-nueva-ventana.png\" alt=\"(opens in a new window)\" width=\"15\" height=\"15\"><\/a><\/p>\n<p><a href=\"https:\/\/estudios.umh.es\/files\/2015\/09\/Farmacia.pdf\" target=\"_blank\" rel=\"noopener\"><span dir=\"auto\" style=\"vertical-align: inherit\"><span dir=\"auto\" style=\"vertical-align: inherit\">Bachelor of Pharmacy to Degree in Pharmacy.PDF.41.9kB<\/span><\/span><img loading=\"lazy\" class=\"alignnone wp-image-31436 size-full\" src=\"https:\/\/estudios.umh.es\/files\/2021\/11\/abre-en-nueva-ventana.png\" alt=\"(opens in a new window)\" width=\"15\" height=\"15\"><\/a><\/p>\n<p><a href=\"https:\/\/estudios.umh.es\/files\/2015\/09\/Medicina.pdf\" target=\"_blank\" rel=\"noopener\"><span dir=\"auto\" style=\"vertical-align: inherit\"><span dir=\"auto\" style=\"vertical-align: inherit\">Bachelor of Medicine to Degree in Medicine.PDF.44.8kB<\/span><\/span><img loading=\"lazy\" class=\"alignnone wp-image-31436 size-full\" src=\"https:\/\/estudios.umh.es\/files\/2021\/11\/abre-en-nueva-ventana.png\" alt=\"(opens in a new window)\" width=\"15\" height=\"15\"><\/a><\/p>","protected":false},"excerpt":{"rendered":"<p>Royal Decree 1393\/2007, of October 29, modified by Royal Decree 861\/2010, of July 2, which establishes the organization of official university studies, expresses the possibility that students who have started their studies in previous official university organizations may continue their studies in equivalent Bachelor&#8217;s degrees.<br \/>\nTherefore, if you are a UMH student in a degree program [&#8230;]<\/p>\n","protected":false},"author":10,"featured_media":0,"parent":42,"menu_order":0,"comment_status":"closed","ping_status":"open","template":"","meta":{"ngg_post_thumbnail":0,"_links_to":"","_links_to_target":""},"_links":{"self":[{"href":"https:\/\/estudios.umh.es\/en\/wp-json\/wp\/v2\/pages\/264"}],"collection":[{"href":"https:\/\/estudios.umh.es\/en\/wp-json\/wp\/v2\/pages"}],"about":[{"href":"https:\/\/estudios.umh.es\/en\/wp-json\/wp\/v2\/types\/page"}],"author":[{"embeddable":true,"href":"https:\/\/estudios.umh.es\/en\/wp-json\/wp\/v2\/users\/10"}],"replies":[{"embeddable":true,"href":"https:\/\/estudios.umh.es\/en\/wp-json\/wp\/v2\/comments?post=264"}],"version-history":[{"count":0,"href":"https:\/\/estudios.umh.es\/en\/wp-json\/wp\/v2\/pages\/264\/revisions"}],"up":[{"embeddable":true,"href":"https:\/\/estudios.umh.es\/en\/wp-json\/wp\/v2\/pages\/42"}],"wp:attachment":[{"href":"https:\/\/estudios.umh.es\/en\/wp-json\/wp\/v2\/media?parent=264"}],"curies":[{"name":"wp","href":"https:\/\/api.w.org\/{rel}","templated":true}]}}