{"id":28,"date":"2014-02-27T11:16:26","date_gmt":"2014-02-27T11:16:26","guid":{"rendered":"http:\/\/estudios.zeus.umh.es\/?page_id=28"},"modified":"2026-03-10T11:58:51","modified_gmt":"2026-03-10T10:58:51","slug":"directorio","status":"publish","type":"page","link":"https:\/\/estudios.umh.es\/en\/presentacion\/directorio\/","title":{"rendered":"DIRECTORY"},"content":{"rendered":"<p><\/p>\n<div class=\"col col-lg-8 order-first order-lg-2\">\n<div class=\"row\">\n<h3 class=\"w-100\"><span dir=\"auto\" style=\"vertical-align: inherit\"><span dir=\"auto\" style=\"vertical-align: inherit\">Head of Service<\/span><\/span><\/h3>\n<div class=\"col\">\n<div class=\"text-cuerpo\">\n<p><span dir=\"auto\" style=\"vertical-align: inherit\"><span dir=\"auto\" style=\"vertical-align: inherit\">M\u00aa Carmen L\u00f3pez Ruiz&nbsp; &nbsp;<\/span><\/span><\/p>\n<h3><span dir=\"auto\" style=\"vertical-align: inherit\"><span dir=\"auto\" style=\"vertical-align: inherit\">Access<\/span><\/span><\/h3>\n<p><span dir=\"auto\" style=\"vertical-align: inherit\"><span dir=\"auto\" style=\"vertical-align: inherit\">Emails:&nbsp; <\/span><\/span><a class=\"mail-link\" data-enc-email=\"npprfb[at]hzu.rf\" data-wpel-link=\"ignore\"><span id=\"eeb-880875-71749\"><span dir=\"auto\" style=\"vertical-align: inherit\"><span dir=\"auto\" style=\"vertical-align: inherit\">acceso@umh.es <\/span><\/span><\/span><\/a>&nbsp;&nbsp;<a class=\"mail-link\" data-enc-email=\"nqzvfvbacnepvnyrf[at]hzu.rf\" data-wpel-link=\"ignore\"><span id=\"eeb-637662-916348\"><span dir=\"auto\" style=\"vertical-align: inherit\"><span dir=\"auto\" style=\"vertical-align: inherit\">admisionparciales@umh.es<\/span><\/span><\/span><\/a><\/p>\n<p><span dir=\"auto\" style=\"vertical-align: inherit\"><span dir=\"auto\" style=\"vertical-align: inherit\">Staff and phone numbers:<\/span><\/span><\/p>\n<ul>\n<li><span dir=\"auto\" style=\"vertical-align: inherit\"><span dir=\"auto\" style=\"vertical-align: inherit\">Joaqu\u00edn Miralles Mir: 96 665 8771<\/span><\/span><\/li>\n<li><span dir=\"auto\" style=\"vertical-align: inherit\"><span dir=\"auto\" style=\"vertical-align: inherit\">Ana Albaladejo Bru: 96 665 8455<\/span><\/span><\/li>\n<li><span dir=\"auto\" style=\"vertical-align: inherit\"><span dir=\"auto\" style=\"vertical-align: inherit\">Magdalena Asensi I\u00f1esta: 96 665 8341<\/span><\/span><\/li>\n<li><span dir=\"auto\" style=\"vertical-align: inherit\"><span dir=\"auto\" style=\"vertical-align: inherit\">Elia Fuentes Carratal\u00e1: 96 665 8775<\/span><\/span><\/li>\n<li><span dir=\"auto\" style=\"vertical-align: inherit\"><span dir=\"auto\" style=\"vertical-align: inherit\">Natividad Pomares Quesada: 96 522 2517<\/span><\/span><\/li>\n<li><span dir=\"auto\" style=\"vertical-align: inherit\"><span dir=\"auto\" style=\"vertical-align: inherit\">Mar\u00eda Garc\u00eda G\u00f3mez: 96 665 8651<\/span><\/span><\/li>\n<\/ul>\n<h3><span dir=\"auto\" style=\"vertical-align: inherit\"><span dir=\"auto\" style=\"vertical-align: inherit\">Official Bachelor&#8217;s Degrees and Continuing Education<\/span><\/span><\/h3>\n<p><span dir=\"auto\" style=\"vertical-align: inherit\"><span dir=\"auto\" style=\"vertical-align: inherit\">Emails:&nbsp; <\/span><\/span><a class=\"mail-link\" data-enc-email=\"sbeznpvba[at]hzu.rf\" data-wpel-link=\"ignore\"><span id=\"eeb-812974-488315\"><span dir=\"auto\" style=\"vertical-align: inherit\"><span dir=\"auto\" style=\"vertical-align: inherit\">formacion@umh.es <\/span><\/span><\/span><\/a>&nbsp;&nbsp;<a class=\"mail-link\" data-enc-email=\"tenqb[at]hzu.rf\" data-wpel-link=\"ignore\"><span id=\"eeb-43981-613824\"><span dir=\"auto\" style=\"vertical-align: inherit\"><span dir=\"auto\" style=\"vertical-align: inherit\">grado@umh.es<\/span><\/span><\/span><\/a><\/p>\n<p><span dir=\"auto\" style=\"vertical-align: inherit\"><span dir=\"auto\" style=\"vertical-align: inherit\">Staff and phone numbers:<\/span><\/span><\/p>\n<ul>\n<li><span dir=\"auto\" style=\"vertical-align: inherit\"><span dir=\"auto\" style=\"vertical-align: inherit\">Juan Andr\u00e9s Gallego Cano: 96 665 8508<\/span><\/span><\/li>\n<li><span dir=\"auto\" style=\"vertical-align: inherit\"><span dir=\"auto\" style=\"vertical-align: inherit\">Yolanda G\u00f3mez Rueda: 96 665 8838<\/span><\/span><\/li>\n<li><span dir=\"auto\" style=\"vertical-align: inherit\"><span dir=\"auto\" style=\"vertical-align: inherit\">Alma Jorge Zarzoso: 96 665 8375<\/span><\/span><\/li>\n<li><span dir=\"auto\" style=\"vertical-align: inherit\"><span dir=\"auto\" style=\"vertical-align: inherit\">Milagros Torrente Garc\u00eda: 96 665 8943<\/span><\/span><\/li>\n<li><span dir=\"auto\" style=\"vertical-align: inherit\"><span dir=\"auto\" style=\"vertical-align: inherit\">Nuria Mart\u00edn Sepulcre: 96 522 2044<\/span><\/span><\/li>\n<li><span dir=\"auto\" style=\"vertical-align: inherit\"><span dir=\"auto\" style=\"vertical-align: inherit\">Alicia Sagasta Agull\u00f3: 96 665 8678<\/span><\/span><\/li>\n<li><span dir=\"auto\" style=\"vertical-align: inherit\"><span dir=\"auto\" style=\"vertical-align: inherit\">Ana Isabel Amor\u00f3s Serrano: 96 665 8874<\/span><\/span><\/li>\n<\/ul>\n<h3><span dir=\"auto\" style=\"vertical-align: inherit\"><span dir=\"auto\" style=\"vertical-align: inherit\">Master&#8217;s Degrees<\/span><\/span><\/h3>\n<p><span dir=\"auto\" style=\"vertical-align: inherit\"><span dir=\"auto\" style=\"vertical-align: inherit\">Emails:&nbsp; <\/span><\/span><a class=\"mail-link\" data-enc-email=\"znfgre[at]hzu.rf\" data-wpel-link=\"ignore\"><span id=\"eeb-16311-256773\"><span dir=\"auto\" style=\"vertical-align: inherit\"><span dir=\"auto\" style=\"vertical-align: inherit\">master@umh.es<\/span><\/span><\/span><\/a>&nbsp;<\/p>\n<p><span dir=\"auto\" style=\"vertical-align: inherit\"><span dir=\"auto\" style=\"vertical-align: inherit\">Staff and phone numbers:<\/span><\/span><\/p>\n<ul>\n<li><span dir=\"auto\" style=\"vertical-align: inherit\"><span dir=\"auto\" style=\"vertical-align: inherit\">Paloma Garc\u00eda S\u00e1nchez: 96 665 8456<\/span><\/span><\/li>\n<li><span dir=\"auto\" style=\"vertical-align: inherit\"><span dir=\"auto\" style=\"vertical-align: inherit\">Remedios Naharro Marcos: 96 522 2184<\/span><\/span><\/li>\n<li><span dir=\"auto\" style=\"vertical-align: inherit\"><span dir=\"auto\" style=\"vertical-align: inherit\">Yolanda Alonso Mart\u00ednez: 96 522 2692<\/span><\/span><\/li>\n<li><span dir=\"auto\" style=\"vertical-align: inherit\"><span dir=\"auto\" style=\"vertical-align: inherit\">Mar\u00eda Zaira G\u00f3mez Fructuoso: 96 665 8840<\/span><\/span><\/li>\n<li><span dir=\"auto\" style=\"vertical-align: inherit\"><span dir=\"auto\" style=\"vertical-align: inherit\">Antonio Guerrero Sotoca: 96 665 8598<\/span><\/span><\/li>\n<\/ul>\n<h3><span dir=\"auto\" style=\"vertical-align: inherit\"><span dir=\"auto\" style=\"vertical-align: inherit\">Scholarships and Issuance of Official Degrees<\/span><\/span><\/h3>\n<p><span dir=\"auto\" style=\"vertical-align: inherit\"><span dir=\"auto\" style=\"vertical-align: inherit\">Emails:&nbsp; <\/span><\/span><a class=\"mail-link\" data-enc-email=\"orpnf[at]hzu.rf\" data-wpel-link=\"ignore\"><span id=\"eeb-356960-9944\"><span dir=\"auto\" style=\"vertical-align: inherit\"><span dir=\"auto\" style=\"vertical-align: inherit\">becas@umh.es <\/span><\/span><\/span><\/a>&nbsp;<a class=\"mail-link\" data-enc-email=\"gvghybf[at]hzu.rf\" data-wpel-link=\"ignore\"><span id=\"eeb-675630-350465\"><span dir=\"auto\" style=\"vertical-align: inherit\"><span dir=\"auto\" style=\"vertical-align: inherit\">titulos@umh.es<\/span><\/span><\/span><\/a><\/p>\n<p><span dir=\"auto\" style=\"vertical-align: inherit\"><span dir=\"auto\" style=\"vertical-align: inherit\">Staff and phone numbers:<\/span><\/span><\/p>\n<ul>\n<li><span dir=\"auto\" style=\"vertical-align: inherit\"><span dir=\"auto\" style=\"vertical-align: inherit\">Jos\u00e9 Manuel Mateo Corredor: 96 665 8638<\/span><\/span><\/li>\n<\/ul>\n<p><strong><span dir=\"auto\" style=\"vertical-align: inherit\"><span dir=\"auto\" style=\"vertical-align: inherit\">Official Degrees<\/span><\/span><\/strong><\/p>\n<ul>\n<li><span dir=\"auto\" style=\"vertical-align: inherit\"><span dir=\"auto\" style=\"vertical-align: inherit\">M\u00aa \u00c1ngeles Cartagena Morote: 96 665 8642<\/span><\/span><\/li>\n<li><span dir=\"auto\" style=\"vertical-align: inherit\"><span dir=\"auto\" style=\"vertical-align: inherit\">M\u00aa Luisa S\u00e1nchez V\u00e1zquez: 96 665 8787<\/span><\/span><\/li>\n<\/ul>\n<p><strong><span dir=\"auto\" style=\"vertical-align: inherit\"><span dir=\"auto\" style=\"vertical-align: inherit\">Scholarships<\/span><\/span><\/strong><\/p>\n<ul>\n<li><span dir=\"auto\" style=\"vertical-align: inherit\"><span dir=\"auto\" style=\"vertical-align: inherit\">Yolanda Ibarra Ferr\u00e1ndez: 96 665 8457<\/span><\/span><\/li>\n<li><span dir=\"auto\" style=\"vertical-align: inherit\"><span dir=\"auto\" style=\"vertical-align: inherit\">Noelia Arjona Chiclana: 96 665 8557<\/span><\/span><\/li>\n<li><span dir=\"auto\" style=\"vertical-align: inherit\"><span dir=\"auto\" style=\"vertical-align: inherit\">Juan Pablo P\u00e9rez Sempere: 96 522 2149<\/span><\/span><\/li>\n<li><span dir=\"auto\" style=\"vertical-align: inherit\"><span dir=\"auto\" style=\"vertical-align: inherit\">M\u00aa Carmen Garc\u00eda Juan: 96 522 2267<\/span><\/span><\/li>\n<\/ul>\n<\/div>\n<\/div>\n<\/div>\n<\/div>\n<p><\/p>","protected":false},"excerpt":{"rendered":"<p>Head of Service<\/p>\n<p>M\u00aa Carmen L\u00f3pez Ruiz&nbsp; &nbsp;<br \/>\nAccess<br \/>\nEmails:&nbsp; acceso@umh.es &nbsp;&nbsp;admisionparciales@umh.es<br \/>\nStaff and phone numbers:<\/p>\n<p>Joaqu\u00edn Miralles Mir: 96 665 8771<br \/>\nAna Albaladejo Bru: 96 665 8455<br \/>\nMagdalena Asensi I\u00f1esta: 96 665 8341<br \/>\nElia Fuentes Carratal\u00e1: 96 665 8775<br \/>\nNatividad Pomares Quesada: 96 522 2517<br \/>\nMar\u00eda Garc\u00eda G\u00f3mez: 96 665 8651<\/p>\n<p>Official Bachelor&#8217;s Degrees and Continuing Education<br \/>\nEmails:&nbsp; formacion@umh.es &nbsp;&nbsp;grado@umh.es<br \/>\nStaff and phone numbers:<\/p>\n<p>Juan Andr\u00e9s Gallego Cano: [&#8230;]<\/p>\n","protected":false},"author":9,"featured_media":0,"parent":166,"menu_order":10,"comment_status":"closed","ping_status":"open","template":"","meta":{"ngg_post_thumbnail":0,"_links_to":"","_links_to_target":""},"_links":{"self":[{"href":"https:\/\/estudios.umh.es\/en\/wp-json\/wp\/v2\/pages\/28"}],"collection":[{"href":"https:\/\/estudios.umh.es\/en\/wp-json\/wp\/v2\/pages"}],"about":[{"href":"https:\/\/estudios.umh.es\/en\/wp-json\/wp\/v2\/types\/page"}],"author":[{"embeddable":true,"href":"https:\/\/estudios.umh.es\/en\/wp-json\/wp\/v2\/users\/9"}],"replies":[{"embeddable":true,"href":"https:\/\/estudios.umh.es\/en\/wp-json\/wp\/v2\/comments?post=28"}],"version-history":[{"count":0,"href":"https:\/\/estudios.umh.es\/en\/wp-json\/wp\/v2\/pages\/28\/revisions"}],"up":[{"embeddable":true,"href":"https:\/\/estudios.umh.es\/en\/wp-json\/wp\/v2\/pages\/166"}],"wp:attachment":[{"href":"https:\/\/estudios.umh.es\/en\/wp-json\/wp\/v2\/media?parent=28"}],"curies":[{"name":"wp","href":"https:\/\/api.w.org\/{rel}","templated":true}]}}