{"id":35,"date":"2014-02-27T11:30:56","date_gmt":"2014-02-27T11:30:56","guid":{"rendered":"http:\/\/estudios.zeus.umh.es\/?page_id=35"},"modified":"2026-04-29T14:30:52","modified_gmt":"2026-04-29T12:30:52","slug":"asignaturas","status":"publish","type":"page","link":"https:\/\/estudios.umh.es\/en\/asignaturas\/","title":{"rendered":"RECOGNITION OF CREDITS THROUGH THE ACCREDITATION OF OFFICIAL UNIVERSITY STUDIES"},"content":{"rendered":"<p><\/p>\n<p style=\"text-align: left\"><span dir=\"auto\" style=\"vertical-align: inherit\"><span dir=\"auto\" style=\"vertical-align: inherit\">In the following video (Spanish version), you can see a summary of the procedure for requesting recognition of undergraduate study credits:<\/span><\/span><\/p>\n<p><span dir=\"auto\" style=\"vertical-align: inherit\"><span dir=\"auto\" style=\"vertical-align: inherit\"><iframe  style=\"display: block; margin: 0px auto;\"  id=\"_ytid_96926\"  width=\"480\" height=\"270\"  data-origwidth=\"480\" data-origheight=\"270\" src=\"https:\/\/www.youtube.com\/embed\/yDwmMqn25lE?enablejsapi=1&autoplay=0&cc_load_policy=0&cc_lang_pref=&iv_load_policy=1&loop=0&modestbranding=0&rel=1&fs=1&playsinline=0&autohide=2&theme=dark&color=red&controls=1&\" class=\"__youtube_prefs__  no-lazyload\" title=\"YouTube player\"  allow=\"accelerometer; autoplay; clipboard-write; encrypted-media; gyroscope; picture-in-picture\" allowfullscreen data-no-lazy=\"1\" data-skipgform_ajax_framebjll=\"\"><\/iframe><\/span><\/span><\/a><\/p>\n<p>&nbsp;<\/p>\n<p style=\"text-align: left\"><span dir=\"auto\" style=\"vertical-align: inherit\"><span dir=\"auto\" style=\"vertical-align: inherit\">Recognition is understood as the acceptance by a university of credits which, having been obtained in official studies, in the same or another university, are counted in other different studies for the purpose of obtaining an official degree.&nbsp;<\/span><\/span><\/p>\n<p style=\"text-align: left\"><span dir=\"auto\" style=\"vertical-align: inherit\"><span dir=\"auto\" style=\"vertical-align: inherit\">In order for credits earned in any subject or course of official university studies, whether Spanish or foreign, to be recognized, the following points must be taken into account:<\/span><\/span><\/p>\n<ul>\n<li style=\"text-align: left\"><span dir=\"auto\" style=\"vertical-align: inherit\"><span dir=\"auto\" style=\"vertical-align: inherit\">&nbsp;There must be an alignment between the competencies, knowledge, content and credits associated with the subjects or courses of origin and those included in the destination subjects or courses, or those that are transversal in nature.<\/span><\/span><\/li>\n<li style=\"text-align: left\"><span dir=\"auto\" style=\"vertical-align: inherit\"><span dir=\"auto\" style=\"vertical-align: inherit\">For the purposes indicated in the previous section, the equivalence that must be given in order to carry out the recognition of corresponding credits will be at least 75%.<\/span><\/span><\/li>\n<\/ul>\n<p style=\"text-align: left\"><span dir=\"auto\" style=\"vertical-align: inherit\"><span dir=\"auto\" style=\"vertical-align: inherit\">&nbsp;In any case, credits corresponding to the final degree projects (TFG) may not be recognized.<\/span><\/span><\/p>\n<p style=\"text-align: justify\"><span dir=\"auto\" style=\"vertical-align: inherit\"><span dir=\"auto\" style=\"vertical-align: inherit\">You can consult the <\/span><\/span><a href=\"https:\/\/universite.umh.es\/SGRA\/catalogo\/consulta.aspx\" target=\"_blank\" rel=\"noopener\"><span dir=\"auto\" style=\"vertical-align: inherit\"><span dir=\"auto\" style=\"vertical-align: inherit\">historical record of credit recognition for subjects from previous academic years (Spanish),<\/span><\/span><img loading=\"lazy\" class=\"alignnone wp-image-31436 size-full\" src=\"https:\/\/estudios.umh.es\/files\/2021\/11\/abre-en-nueva-ventana.png\" alt=\"(opens in a new window)\" width=\"15\" height=\"15\"><\/a><span dir=\"auto\" style=\"vertical-align: inherit\"><span dir=\"auto\" style=\"vertical-align: inherit\"> which is non-binding for the university, it only has informative effects for the students.<\/span><\/span><\/p>\n<h3><span dir=\"auto\" style=\"vertical-align: inherit\"><span dir=\"auto\" style=\"vertical-align: inherit\">When and how to process the application for credit recognition?<\/span><\/span><\/h3>\n<ul>\n<li style=\"text-align: left\"><span dir=\"auto\" style=\"vertical-align: inherit\"><span dir=\"auto\" style=\"vertical-align: inherit\">Deadline: The application must be submitted from the day after the completion of your enrollment until September 15, 2025.<\/span><\/span><\/li>\n<li style=\"text-align: left\"><span dir=\"auto\" style=\"vertical-align: inherit\"><span dir=\"auto\" style=\"vertical-align: inherit\">How: The application is submitted electronically. The application is located in your authenticated access and is called &#8220;Application and consultation for recognition of credits for Bachelor&#8217;s and Master&#8217;s degrees&#8221; (Solicitud y consulta de reconocimiento de cr\u00e9ditos en estudios de Grado y M\u00e1ster Universitario), then you must access &#8220;Accreditation of credits completed in Official University Degrees&#8221; (Acreditaci\u00f3n de cr\u00e9ditos superados en T\u00edtulos Universitarios Oficiales).<\/span><\/span><\/li>\n<\/ul>\n<h3><span dir=\"auto\" style=\"vertical-align: inherit\"><span dir=\"auto\" style=\"vertical-align: inherit\">What documentation must I provide?<\/span><\/span><\/h3>\n<ul>\n<li style=\"text-align: left\"><span dir=\"auto\" style=\"vertical-align: inherit\"><span dir=\"auto\" style=\"vertical-align: inherit\">UMH studies: No documentation should be submitted with the application.<\/span><\/span><\/li>\n<li style=\"text-align: left\"><span dir=\"auto\" style=\"vertical-align: inherit\"><span dir=\"auto\" style=\"vertical-align: inherit\">Studies from other universities. You must provide the following documentation in PDF format:<\/span><\/span>\n<ul>\n<li><span dir=\"auto\" style=\"vertical-align: inherit\"><span dir=\"auto\" style=\"vertical-align: inherit\">Personal academic certificate, must be stamped by the originating university or have a secure verification code (CSV).<\/span><\/span><\/li>\n<li><span dir=\"auto\" style=\"vertical-align: inherit\"><span dir=\"auto\" style=\"vertical-align: inherit\">Syllabi or teaching guides for the subjects of your original degree that you have entered in the application must be stamped by the home university or have a secure verification code (CSV).<\/span><\/span><\/li>\n<\/ul>\n<\/li>\n<\/ul>\n<h3><span dir=\"auto\" style=\"vertical-align: inherit\"><span dir=\"auto\" style=\"vertical-align: inherit\">What should I do once I have submitted the online application?<\/span><\/span><\/h3>\n<p style=\"text-align: left\"><span dir=\"auto\" style=\"vertical-align: inherit\"><span dir=\"auto\" style=\"vertical-align: inherit\">Once you have completed the application, you do not need to submit the original personal academic certificate or the original syllabi or teaching guides. <\/span><\/span><br \/>\n<span dir=\"auto\" style=\"vertical-align: inherit\"><span dir=\"auto\" style=\"vertical-align: inherit\">This documentation may be requested for verification at the corresponding Campus Management Center once your application has been processed.&nbsp;<\/span><\/span><\/p>\n<h3><span dir=\"auto\" style=\"vertical-align: inherit\"><span dir=\"auto\" style=\"vertical-align: inherit\">What are the requirements for the documentation for foreign university studies?<\/span><\/span><\/h3>\n<ul>\n<li style=\"text-align: justify\"><span dir=\"auto\" style=\"vertical-align: inherit\"><span dir=\"auto\" style=\"vertical-align: inherit\">Personal academic certification:<\/span><\/span>\n<ul>\n<li style=\"text-align: left\"><span dir=\"auto\" style=\"vertical-align: inherit\"><span dir=\"auto\" style=\"vertical-align: inherit\">It must be translated into Spanish by a sworn translator duly authorized or registered in Spain. It can also be done at any Spanish diplomatic or consular representation abroad, or by a diplomatic or consular representation in Spain of the applicant&#8217;s country of origin or, if applicable, the country where the document was originated.<\/span><\/span><\/li>\n<li style=\"text-align: left\">It must be t must be legalized through <a href=\"https:\/\/estudios.umh.es\/en\/egalizacion-mediante-via-diplomatica\/\">diplomatic channels<\/a>.<a href=\"https:\/\/estudios.umh.es\/legalizacion-mediante-via-diplomatica\/\" target=\"_blank\" rel=\"noopener\"><img src=\"https:\/\/estudios.umh.es\/files\/2021\/11\/abre-en-nueva-ventana.png\" alt=\"(opens in a new window)\"><\/a> No legalization is required for documents issued by member states of the European Union, signatories of the Agreement on the European Economic Area, or Switzerland.<\/li>\n<\/ul>\n<\/li>\n<\/ul>\n<ul>\n<li style=\"text-align: justify\">Teaching guides or syllabi for the subjets: These must be translated into Spanish or English by a sworn translator. These documents must be stamped by the home university or include a Secure Verification Code (CSV).<\/li>\n<\/ul>\n<h3>What is the fee if the credit recognition is approved?<\/h3>\n<ul>\n<li style=\"text-align: left\">The fee is<strong> 25% of the price per credit<\/strong> established by the <a href=\"https:\/\/estudios.umh.es\/precio-de-la-matricula-primer-curso-curso\/\">Decreto del Consell<\/a>,&nbsp;which sets the fees for university academic services for the 2025\/2026 academic year.&nbsp;<\/li>\n<li>In accordance with the provisions of Article 14, section g) of Chapter III of Law 20\/2017, of December 28, on Fees: &#8216;Regarding credit recognition fees, taxpayers who are undergraduate students and obtain credit recognition for subjects classified as basic training (car\u00e1cter b\u00e1sico) in their original degree within the Valencian public university system shall be exempt, provided the credits originate from unfinished university studies completed at the same university and belong to the same field of knowledge (rama de conocimiento) as the degree for which the recognition is requested. This exemption shall apply to a single change of degree and in one direction only; it shall not be applicable should the taxpayer return to the degree program in which they were initially enrolled.<\/li>\n<\/ul>\n<h3>Is it necessary to enroll in the subjects which I am requesting recognition?<\/h3>\n<ul>\n<li style=\"text-align: left\">It is not necessary to enroll in the subjects you have submitted for credit recognition. If the resolution is favorable, they will be automatically added to your academic record (de oficio).<\/li>\n<li>If you are a first-year student, you must enroll in the full course; however, you will be able to modify your initial enrollment during the enrollment expansion period. The following question indicates when this can be done.<\/li>\n<\/ul>\n<h3>Can I add subjects to my enrollment if my credits are recognized?<\/h3>\n<p>There are two periods available for enrollment expansion:<\/p>\n<ul>\n<li>From the day after the recognition request is submitted until September 22, 2025. This must be done online through your authenticated student access.<\/li>\n<li>From January 7 to January 14, 2026. This must be done online through your authenticated student access.<\/li>\n<\/ul>\n<h3>If I provide basic training subjects that cannot be recognized as specific subjects in the curriculum, can I have them recognized as elective credits?<\/h3>\n<p><span dir=\"auto\" style=\"vertical-align: inherit\"><span dir=\"auto\" style=\"vertical-align: inherit\">If you have completed basic training subjects in another Bachelor&#8217;s degree <\/span><\/span><span dir=\"auto\" style=\"vertical-align: inherit\"><span dir=\"auto\" style=\"vertical-align: inherit\">within <strong>the same <\/strong><\/span><\/span><strong><a href=\"https:\/\/estudios.umh.es\/en\/campos-de-estudio\/\" target=\"_blank\" rel=\"noopener\"><span dir=\"auto\" style=\"vertical-align: inherit\"><span dir=\"auto\" style=\"vertical-align: inherit\">field of study<\/span><\/span><\/a><\/strong><span dir=\"auto\" style=\"vertical-align: inherit\"><span dir=\"auto\" style=\"vertical-align: inherit\">, and they are not recognized in your current degree program because they do not meet the 75% requirement for recognition, you can submit them for elective credit. It&#8217;s important to note that the field of study and the branch of knowledge are not the same thing.<\/span><\/span><\/p>\n<ul>\n<li>Documentation: You must completed the following <a href=\"https:\/\/estudios.umh.es\/files\/2025\/12\/Modelo-solicitud-reconocimiento-creditos-optativos-estudios-oficiales-3.pdf\" target=\"_blank\" rel=\"noopener\"><span dir=\"auto\" style=\"vertical-align: inherit\"><span dir=\"auto\" style=\"vertical-align: inherit\">application form.PDF.202kb (Spanish)<\/span><\/span><\/a>.<span dir=\"auto\" style=\"vertical-align: inherit\"><span dir=\"auto\" style=\"vertical-align: inherit\">&nbsp;<\/span><\/span><a href=\"https:\/\/estudios.umh.es\/files\/2025\/06\/Modelo-solicitud-reconocimiento-creditos-optativos-estudios-oficiales.pdf\" target=\"_blank\" rel=\"noopener\"><img loading=\"lazy\" class=\"alignnone wp-image-31436 \" src=\"https:\/\/estudios.umh.es\/files\/2021\/11\/abre-en-nueva-ventana.png\" alt=\"(opens in a new window)\" width=\"15\" height=\"15\"><\/a><\/li>\n<li><span dir=\"auto\" style=\"vertical-align: inherit\"><span dir=\"auto\" style=\"vertical-align: inherit\">Deadline: at any time.<\/span><\/span><\/li>\n<li><span dir=\"auto\" style=\"vertical-align: inherit\"><span dir=\"auto\" style=\"vertical-align: inherit\">How to submit the application: through a&nbsp; <\/span><\/span><a href=\"https:\/\/sede.umh.es\/procedimientos\/instancia-general\/\" target=\"_blank\" rel=\"noopener\"><span dir=\"auto\" style=\"vertical-align: inherit\"><span dir=\"auto\" style=\"vertical-align: inherit\">general application form on the UMH electronic office<\/span><\/span><img loading=\"lazy\" class=\"alignnone wp-image-31436 size-full\" src=\"https:\/\/estudios.umh.es\/files\/2021\/11\/abre-en-nueva-ventana.png\" alt=\"(opens in a new window)\" width=\"15\" height=\"15\"><\/a><span dir=\"auto\" style=\"vertical-align: inherit\"><span dir=\"auto\" style=\"vertical-align: inherit\"> &nbsp;addressed to the&nbsp; <\/span><\/span><a href=\"https:\/\/estudios.umh.es\/\"><span dir=\"auto\" style=\"vertical-align: inherit\"><span dir=\"auto\" style=\"vertical-align: inherit\">Service of Academic Management<\/span><\/span><\/a><span dir=\"auto\" style=\"vertical-align: inherit\"><span dir=\"auto\" style=\"vertical-align: inherit\">&nbsp;, attaching the application form.<\/span><\/span><\/li>\n<\/ul>\n<p><span dir=\"auto\" style=\"vertical-align: inherit\"><span dir=\"auto\" style=\"vertical-align: inherit\">The Service of Academic Management will proceed with its resolution and subsequent notification to the students.&nbsp;<\/span><\/span><\/p>\n<h3><span dir=\"auto\" style=\"vertical-align: inherit\"><span dir=\"auto\" style=\"vertical-align: inherit\">If I was a student in a SICUE program and have enrolled in a Bachelor&#8217;s degree at UMH, do I need to request recognition of the subjects I passed in the SICUE program?<\/span><\/span><\/h3>\n<div style=\"text-align: justify\"><span dir=\"auto\" style=\"vertical-align: inherit\"><span dir=\"auto\" style=\"vertical-align: inherit\">If you were a student in a SICUE program at UMH, the recognition of subjects is not performed automatically course credits will not be automatically recognized for the new Bachelor&#8217;s degree you are about to start. You must request course credit recognition by submitting the official academic certicate from your home university and the teaching guides or syllabus for each subject you wish to have recognized. These documents must be stamped by your home university or have a secure verification code (CSV).<\/span><\/span><\/div>\n<div>&nbsp;<\/div>\n<h3 style=\"text-align: justify\"><span dir=\"auto\" style=\"vertical-align: inherit\"><span dir=\"auto\" style=\"vertical-align: inherit\">FURTHER INFORMATION<\/span><\/span><\/h3>\n<div style=\"text-align: left\">\n<p><span dir=\"auto\" style=\"vertical-align: inherit\"><span dir=\"auto\" style=\"vertical-align: inherit\">For further information, you can contact the corresponding <\/span><\/span><a href=\"https:\/\/cegeca.umh.es\/\" target=\"_blank\" rel=\"noopener\"><span dir=\"auto\" style=\"vertical-align: inherit\"><span dir=\"auto\" style=\"vertical-align: inherit\">Campus Management Center<\/span><\/span><img loading=\"lazy\" class=\"alignnone wp-image-31436 size-full\" src=\"https:\/\/estudios.umh.es\/files\/2021\/11\/abre-en-nueva-ventana.png\" alt=\"(opens in a new window)\" width=\"15\" height=\"15\"><\/a><span dir=\"auto\" style=\"vertical-align: inherit\"><span dir=\"auto\" style=\"vertical-align: inherit\"> or send an email to the Service of Academic Management at reconocimiento@umh.es.<\/span><\/span><\/p>\n<\/div>\n<p><\/p>","protected":false},"excerpt":{"rendered":"<p>In the following video (Spanish version), you can see a summary of the procedure for requesting recognition of undergraduate study credits:<\/p>\n<p>&nbsp;<br \/>\nRecognition is understood as the acceptance by a university of credits which, having been obtained in official studies, in the same or another university, are counted in other different studies for the purpose of obtaining [&#8230;]<\/p>\n","protected":false},"author":9,"featured_media":0,"parent":0,"menu_order":1,"comment_status":"closed","ping_status":"open","template":"","meta":{"ngg_post_thumbnail":0,"_links_to":"","_links_to_target":""},"_links":{"self":[{"href":"https:\/\/estudios.umh.es\/en\/wp-json\/wp\/v2\/pages\/35"}],"collection":[{"href":"https:\/\/estudios.umh.es\/en\/wp-json\/wp\/v2\/pages"}],"about":[{"href":"https:\/\/estudios.umh.es\/en\/wp-json\/wp\/v2\/types\/page"}],"author":[{"embeddable":true,"href":"https:\/\/estudios.umh.es\/en\/wp-json\/wp\/v2\/users\/9"}],"replies":[{"embeddable":true,"href":"https:\/\/estudios.umh.es\/en\/wp-json\/wp\/v2\/comments?post=35"}],"version-history":[{"count":0,"href":"https:\/\/estudios.umh.es\/en\/wp-json\/wp\/v2\/pages\/35\/revisions"}],"wp:attachment":[{"href":"https:\/\/estudios.umh.es\/en\/wp-json\/wp\/v2\/media?parent=35"}],"curies":[{"name":"wp","href":"https:\/\/api.w.org\/{rel}","templated":true}]}}