{"id":360,"date":"2014-04-29T12:04:29","date_gmt":"2014-04-29T12:04:29","guid":{"rendered":"http:\/\/estudios.zeus.umh.es\/?page_id=360"},"modified":"2021-11-17T13:16:00","modified_gmt":"2021-11-17T12:16:00","slug":"tesisdoctoral","status":"publish","type":"page","link":"https:\/\/estudios.umh.es\/en\/doctorado\/tesisdoctoral\/","title":{"rendered":"<span lang=\"es\">(Espa\u00f1ol) EVALUACI\u00d3N, DEP\u00d3SITO Y DEFENSA DE TESIS<\/span>"},"content":{"rendered":"<p><strong>Fases de la Tesis Doctoral<\/strong><\/p>\n<p><strong>1\u00aa Fase<\/strong>. Evaluaci\u00f3n de la tesis<br \/>\nEl departamento\/instituto remitir\u00e1 una propuesta de cinco evaluadores externos a la UMH\u00a0 (no pudiendo repetirse la universidad o instituci\u00f3n a la que pertenecen), con informe de idoneidad de los candidatos propuestos.<br \/>\nFinalizado el proceso de evaluaci\u00f3n el departamento\/instituto remitir\u00e1 al Servicio de Gesti\u00f3n de Estudios la documentaci\u00f3n que el proceso haya generado para, si procede, autorizar el dep\u00f3sito de la tesis doctoral.<\/p>\n<p><strong>2\u00aa Fase<\/strong>. Dep\u00f3sito de tesis<\/p>\n<ul>\n<li>Dep\u00f3sito de 9 ejemplares de la tesis doctoral y uno en soporte magn\u00e9tico en el Registro General o en los distintos Registros Auxiliares de los Centros de Gesti\u00f3n de Campus de la UMH<\/li>\n<\/ul>\n<ul>\n<li>Propuesta de tribunal de tesis: propuesta de\u00a0diez doctores\u00a0a la que se adjuntar\u00e1\u00a0informe de idoneidad y en la que no habr\u00e1 m\u00e1s de\u00a0dos de la misma universidad u organismo. De los\u00a0diez propuestos se nombrar\u00e1n cinco titulares y dos suplentes<\/li>\n<\/ul>\n<p><strong>3\u00aa Fase<\/strong>: Lectura de la tesis<\/p>\n<p>Constituci\u00f3n del tribunal y aceptaci\u00f3n. El \u00f3rgano responsable del programa remitir\u00e1 un ejemplar de tesis a cada uno de los miembros del tribunal.<br \/>\nEl acto de defensa de tesis\u00a0ser\u00e1 convocado por el presidente del tribunal\u00a0y comunicado por el secretario del mismo\u00a0al Servicio de Gesti\u00f3n\u00a0de Estudios\u00a0con una antelaci\u00f3n m\u00ednima de 15 d\u00edas naturales.<br \/>\nFinalizada la defensa y discusi\u00f3n de la tesis, cada miembro del tribunal\u00a0har\u00e1 por escrito una valoraci\u00f3n de la misma.<\/p>","protected":false},"excerpt":{"rendered":"<p>Fases de la Tesis Doctoral<br \/>\n1\u00aa Fase. Evaluaci\u00f3n de la tesis<br \/>\nEl departamento\/instituto remitir\u00e1 una propuesta de cinco evaluadores externos a la UMH\u00a0 (no pudiendo repetirse la universidad o instituci\u00f3n a la que pertenecen), con informe de idoneidad de los candidatos propuestos.<br \/>\nFinalizado el proceso de evaluaci\u00f3n el departamento\/instituto remitir\u00e1 al Servicio de Gesti\u00f3n de Estudios la documentaci\u00f3n [&#8230;]<\/p>\n","protected":false},"author":12,"featured_media":0,"parent":25,"menu_order":50,"comment_status":"closed","ping_status":"open","template":"","meta":{"ngg_post_thumbnail":0,"_links_to":"","_links_to_target":""},"_links":{"self":[{"href":"https:\/\/estudios.umh.es\/en\/wp-json\/wp\/v2\/pages\/360"}],"collection":[{"href":"https:\/\/estudios.umh.es\/en\/wp-json\/wp\/v2\/pages"}],"about":[{"href":"https:\/\/estudios.umh.es\/en\/wp-json\/wp\/v2\/types\/page"}],"author":[{"embeddable":true,"href":"https:\/\/estudios.umh.es\/en\/wp-json\/wp\/v2\/users\/12"}],"replies":[{"embeddable":true,"href":"https:\/\/estudios.umh.es\/en\/wp-json\/wp\/v2\/comments?post=360"}],"version-history":[{"count":0,"href":"https:\/\/estudios.umh.es\/en\/wp-json\/wp\/v2\/pages\/360\/revisions"}],"up":[{"embeddable":true,"href":"https:\/\/estudios.umh.es\/en\/wp-json\/wp\/v2\/pages\/25"}],"wp:attachment":[{"href":"https:\/\/estudios.umh.es\/en\/wp-json\/wp\/v2\/media?parent=360"}],"curies":[{"name":"wp","href":"https:\/\/api.w.org\/{rel}","templated":true}]}}