{"id":362,"date":"2014-04-29T12:09:21","date_gmt":"2014-04-29T12:09:21","guid":{"rendered":"http:\/\/estudios.zeus.umh.es\/?page_id=362"},"modified":"2021-11-17T10:01:08","modified_gmt":"2021-11-17T09:01:08","slug":"acceso-y-admision","status":"publish","type":"page","link":"https:\/\/estudios.umh.es\/en\/acceso\/doctorado\/acceso-y-admision\/","title":{"rendered":"<span lang=\"es\">(Espa\u00f1ol) ACCESO Y ADMISI\u00d3N<\/span>"},"content":{"rendered":"<p><strong>Acceso<\/strong><\/p>\n<p><strong>\u00a0<\/strong>RD 99\/2011, de 28 de enero, por el que se regulan las ense\u00f1anzas oficiales de doctorado.<\/p>\n<p>Art\u00edculo 6<\/p>\n<p>1. Con car\u00e1cter general, para el acceso a un programa oficial de doctorado ser\u00e1 necesario estar en posesi\u00f3n de\u00a0los t\u00edtulos oficiales espa\u00f1oles de Grado, o equivalente, y de M\u00e1ster Universitario.\u00a0<\/p>\n<p>2. Asimismo, podr\u00e1n acceder quienes se encuentren en alguno de los siguientes supuestos:<\/p>\n<p>\u00a0 a) Estar en posesi\u00f3n de un t\u00edtulo universitario oficial espa\u00f1ol, o de otro pa\u00eds integrante del Espacio Europeo de Educaci\u00f3n Superior, que habilite para el acceso a M\u00e1ster de acuerdo con lo establecido en el art. 16 del RD 1393\/2007, de 29 de octubre y haber superado un m\u00ednimo de 300 cr\u00e9ditos ECTS en el conjunto de estudios universitarios oficiales de los que, al menos 60, habr\u00e1n de ser de nivel de M\u00e1ster.<\/p>\n<p>\u00a0 b) Estar en posesi\u00f3n de un t\u00edtulo oficial espa\u00f1ol de Graduado o Graduada, cuya duraci\u00f3n, conforme a normas de derecho comunitario, sea de al menos 300 cr\u00e9ditos ECTS. Dichos titulados deber\u00e1n cursar con car\u00e1cter obligatorio los complementos de formaci\u00f3n a que se refiere el art. 7.2 de esta norma, salvo que el plan de estudios del correspondiente t\u00edtulo de grado incluya cr\u00e9ditos de formaci\u00f3n en investigaci\u00f3n, equivalentes en valor formativo a los cr\u00e9ditos\u00a0en investigaci\u00f3n procedentes de estudios de M\u00e1ster.<\/p>\n<p>\u00a0 c) Los titulados universitarios que, previa obtenci\u00f3n de plaza en formaci\u00f3n en la correspondiente prueba de acceso a plazas de formaci\u00f3n sanitaria especializada, hayan superado con evaluaci\u00f3n positiva al menos 2 a\u00f1os de formaci\u00f3n de un programa para la obtenci\u00f3n del t\u00edtulo oficial de alguna de las especialidades en Ciencias de la Salud.<\/p>\n<p>\u00a0 d) Estar en posesi\u00f3n de un t\u00edtulo obtenido conforme a sistemas educativos extranjeros, sin necesidad de su homologaci\u00f3n, previa comprobaci\u00f3n por la universidad de que \u00e9ste acredita nivel de formaci\u00f3n equivalente a la del t\u00edtulo oficial espa\u00f1ol de M\u00e1ster Universitario y que faculta en el pa\u00eds expedidor del t\u00edtulo para el acceso a estudios de doctorado. Esta admisi\u00f3n no implicar\u00e1, en ning\u00fan caso, la homologaci\u00f3n del t\u00edtulo previo del que est\u00e9 en posesi\u00f3n el interesado ni su reconocimiento a otros efectos que el del acceso a ense\u00f1anzas de Doctorado.<\/p>\n<p>\u00a0 e) Estar en posesi\u00f3n de otro t\u00edtulo espa\u00f1ol de Doctor obtenido conforme a anteriores ordenaciones universitarias.<\/p>\n<p><strong>\u00a0<\/strong><strong>Admisi\u00f3n<\/strong><\/p>\n<p>Para ser admitido\u00a0en un Programa de Doctorado en cualquiera de sus periodos, adem\u00e1s de estar en posesi\u00f3n del t\u00edtulo correspondiente, los estudiantes deber\u00e1n reunir los requisitos o criterios de admisi\u00f3n que establezca el propio Programa.<\/p>\n<p>En todos los Programas de Doctorado se requerir\u00e1 una formaci\u00f3n de 6 cr\u00e9ditos ECTS de formaci\u00f3n interdisciplinar, denominada \u201cActividad investigadora y su financiaci\u00f3n\u201d, conteniendo, al menos, los siguientes descriptores: Caracter\u00edsticas fundamentales del proceso de producci\u00f3n y difusi\u00f3n cient\u00edfica. Sistemas de recuperaci\u00f3n de la informaci\u00f3n. Evaluaci\u00f3n de los trabajosde investigaci\u00f3n. La medici\u00f3n de la calidad de la actividad cient\u00edfica. \u00c9tica en la actividad investigadora. Financiaci\u00f3n de la investigaci\u00f3n. Preparaci\u00f3n de proyectos de investigaci\u00f3n. Carrera profesional investigadora.\u00a0<\/p>\n<p>Aquellos alumnos\u00a0que hayan cursado y superado estas actividades de formaci\u00f3n en cualquier M\u00e1ster oficial, deber\u00e1n acreditarlo documentalmente.<\/p>\n<p>La selecci\u00f3n ser\u00e1 realizada por la Comisi\u00f3n Acad\u00e9mica del Programa de Doctorado, que comunicar\u00e1 su admisi\u00f3n o no en el programa.<\/p>\n<p>Los estudiantes admitidos\u00a0en el Programa de Doctorado, formalizar\u00e1n cada curso acad\u00e9mico su matr\u00edcula en la Universidad, que le otorgar\u00e1 el derecho a la tutela acad\u00e9mica, y a la expedici\u00f3n de certificado que se considerar\u00e1 como condici\u00f3n habilitante para el contrato en pr\u00e1cticas del personal investigador en formaci\u00f3n.<\/p>","protected":false},"excerpt":{"rendered":"<p>Acceso<br \/>\n\u00a0RD 99\/2011, de 28 de enero, por el que se regulan las ense\u00f1anzas oficiales de doctorado.<br \/>\nArt\u00edculo 6<br \/>\n1. Con car\u00e1cter general, para el acceso a un programa oficial de doctorado ser\u00e1 necesario estar en posesi\u00f3n de\u00a0los t\u00edtulos oficiales espa\u00f1oles de Grado, o equivalente, y de M\u00e1ster Universitario.\u00a0<br \/>\n2. Asimismo, podr\u00e1n acceder quienes se encuentren en alguno de [&#8230;]<\/p>\n","protected":false},"author":12,"featured_media":0,"parent":158,"menu_order":10,"comment_status":"closed","ping_status":"open","template":"","meta":{"ngg_post_thumbnail":0,"_links_to":"","_links_to_target":""},"_links":{"self":[{"href":"https:\/\/estudios.umh.es\/en\/wp-json\/wp\/v2\/pages\/362"}],"collection":[{"href":"https:\/\/estudios.umh.es\/en\/wp-json\/wp\/v2\/pages"}],"about":[{"href":"https:\/\/estudios.umh.es\/en\/wp-json\/wp\/v2\/types\/page"}],"author":[{"embeddable":true,"href":"https:\/\/estudios.umh.es\/en\/wp-json\/wp\/v2\/users\/12"}],"replies":[{"embeddable":true,"href":"https:\/\/estudios.umh.es\/en\/wp-json\/wp\/v2\/comments?post=362"}],"version-history":[{"count":0,"href":"https:\/\/estudios.umh.es\/en\/wp-json\/wp\/v2\/pages\/362\/revisions"}],"up":[{"embeddable":true,"href":"https:\/\/estudios.umh.es\/en\/wp-json\/wp\/v2\/pages\/158"}],"wp:attachment":[{"href":"https:\/\/estudios.umh.es\/en\/wp-json\/wp\/v2\/media?parent=362"}],"curies":[{"name":"wp","href":"https:\/\/api.w.org\/{rel}","templated":true}]}}