{"id":39,"date":"2014-02-27T11:34:15","date_gmt":"2014-02-27T11:34:15","guid":{"rendered":"http:\/\/estudios.zeus.umh.es\/?page_id=39"},"modified":"2024-02-13T09:07:23","modified_gmt":"2024-02-13T08:07:23","slug":"competencias-transversales-y-profesionales","status":"publish","type":"page","link":"https:\/\/estudios.umh.es\/en\/competencias-transversales-y-profesionales\/","title":{"rendered":"<span lang=\"es\">(Espa\u00f1ol) COMPETENCIAS TRANSVERSALES Y PROFESIONALES<\/span>"},"content":{"rendered":"<p><\/p>\n<p style=\"text-align: justify\">&nbsp;Los planes de estudios de los t\u00edtulos de Grado de la UMH contemplan la adquisici\u00f3n de competencias por parte del estudiante mediante la superaci\u00f3n o acreditaci\u00f3n de una materia denominada \u201cOptatividad del Centro\u201d.<\/p>\n<p>&nbsp;As\u00ed, la superaci\u00f3n de dicha materia se podr\u00e1 realizar del siguiente modo:<\/p>\n<ul>\n<li>Aprobando las asignaturas optativas del plan de estudios que est\u00e1 cursando estudiante.<\/li>\n<li>Aprobando las asignaturas de otros planes de estudios de la misma rama de conocimiento: oferta de asignaturas de otros planes de estudios.&nbsp;<\/li>\n<li>Acreditando actividades transversales y profesionales:<\/li>\n<\/ul>\n<p>&nbsp;&nbsp;&nbsp;&nbsp;&nbsp;&nbsp;&nbsp;&nbsp;&nbsp;&nbsp; &#8211; Actividades universitarias culturales, deportivas, de representaci\u00f3n estudiantil, solidarias y de cooperaci\u00f3n.<\/p>\n<p>&nbsp;&nbsp;&nbsp;&nbsp;&nbsp;&nbsp;&nbsp;&nbsp;&nbsp; &#8211; Programas de movilidad.<\/p>\n<p>&nbsp;&nbsp;&nbsp;&nbsp;&nbsp;&nbsp;&nbsp;&nbsp;&nbsp; &#8211; Conocimiento de idiomas extranjeros y lengua valenciana.<\/p>\n<p>&nbsp;&nbsp;&nbsp;&nbsp;&nbsp;&nbsp;&nbsp;&nbsp;&nbsp; &#8211; Pr\u00e1cticas en empresas o instituciones y pr\u00e1cticas internas en la UMH.<\/p>\n<p>&nbsp;&nbsp;&nbsp;&nbsp;&nbsp;&nbsp;&nbsp;&nbsp;&nbsp;&nbsp;&#8211; Jornadas y Congresos Cient\u00edficos, Ferias, Exposiciones Cient\u00edfico-T\u00e9cnicas y Exposiciones Art\u00edsticas; y Cursos&nbsp;de&nbsp;Perfeccionamiento y Especializaci\u00f3n Profesional.<\/p>\n<hr style=\"color: #c50606\">\n<p><strong>Plazo:<\/strong> En&nbsp;cualquier momento, excepto los meses de julio a octubre.<\/p>\n<p>Los estudiantes que vayan a finalizar sus estudios pueden solicitarlo en cualquier momento, con car\u00e1cter de urgencia.<\/p>\n<p><strong>D\u00f3nde: <\/strong>Centro de Gesti\u00f3n de Campus&nbsp;correspondiente.<\/p>\n<p><strong>Documentaci\u00f3n a aportar:<\/strong> Documentaci\u00f3n original acreditativa y&nbsp;copia&nbsp;para su pertinente cotejo.<\/p>\n<p><strong>Debes tener en cuenta que:<\/strong><\/p>\n<p>&#8211; Las actividades presentadas deben realizarse durante los cursos acad\u00e9micos en los cuales se est\u00e1 cursando el t\u00edtulo de Grado, con la excepci\u00f3n de la acreditaci\u00f3n de los idiomas extranjeros y el valenciano.<\/p>\n<p>&#8211; La acreditaci\u00f3n del nivel de idiomas de realizarse por&nbsp;instituciones competentes en la certificaci\u00f3n de la adquisici\u00f3n por parte del estudiante de los niveles que establece el Marco com\u00fan europeo de referencia para las lenguas.<\/p>\n<p>&#8211; Deben ser actividades organizadas y acreditadas por \u00f3rganos de la UMH.<\/p>\n<p>&nbsp;Puedes consultar la <em><a href=\"https:\/\/estudios.umh.es\/files\/2014\/02\/01-Circular-Competencias-Transversales-y-Profesionales_WEB-2013-14_.pdf\">Circular<\/a><a href=\"https:\/\/estudios.umh.es\/files\/2014\/02\/01-Circular-Competencias-Transversales-y-Profesionales_WEB-2013-14_.pdf\"> explicativa<\/a><strong>&nbsp;<\/strong>de<\/em> la Normativa<a href=\"https:\/\/estudios.umh.es\/files\/2013\/06\/01-Circular-Competencias-Transversales-y-Profesionales_WEB-2013-14_.pdf\" target=\"_blank\" rel=\"noopener noreferrer\">&nbsp;<\/a>de Reconocimiento de Competencias Transversales y Profesionales; documentaci\u00f3n, plazos y&nbsp;procedimiento&nbsp;que se debe seguir para la solicitud de reconocimiento de cr\u00e9ditos.<\/p>","protected":false},"excerpt":{"rendered":"<p>&nbsp;Los planes de estudios de los t\u00edtulos de Grado de la UMH contemplan la adquisici\u00f3n de competencias por parte del estudiante mediante la superaci\u00f3n o acreditaci\u00f3n de una materia denominada \u201cOptatividad del Centro\u201d.<br \/>\n&nbsp;As\u00ed, la superaci\u00f3n de dicha materia se podr\u00e1 realizar del siguiente modo:<\/p>\n<p>Aprobando las asignaturas optativas del plan de estudios que est\u00e1 cursando estudiante.<br \/>\nAprobando [&#8230;]<\/p>\n","protected":false},"author":9,"featured_media":0,"parent":0,"menu_order":5,"comment_status":"closed","ping_status":"open","template":"","meta":{"ngg_post_thumbnail":0,"_links_to":"","_links_to_target":""},"_links":{"self":[{"href":"https:\/\/estudios.umh.es\/en\/wp-json\/wp\/v2\/pages\/39"}],"collection":[{"href":"https:\/\/estudios.umh.es\/en\/wp-json\/wp\/v2\/pages"}],"about":[{"href":"https:\/\/estudios.umh.es\/en\/wp-json\/wp\/v2\/types\/page"}],"author":[{"embeddable":true,"href":"https:\/\/estudios.umh.es\/en\/wp-json\/wp\/v2\/users\/9"}],"replies":[{"embeddable":true,"href":"https:\/\/estudios.umh.es\/en\/wp-json\/wp\/v2\/comments?post=39"}],"version-history":[{"count":0,"href":"https:\/\/estudios.umh.es\/en\/wp-json\/wp\/v2\/pages\/39\/revisions"}],"wp:attachment":[{"href":"https:\/\/estudios.umh.es\/en\/wp-json\/wp\/v2\/media?parent=39"}],"curies":[{"name":"wp","href":"https:\/\/api.w.org\/{rel}","templated":true}]}}