{"id":615,"date":"2014-05-13T14:39:35","date_gmt":"2014-05-13T14:39:35","guid":{"rendered":"http:\/\/estudios.zeus.umh.es\/?page_id=615"},"modified":"2023-06-12T13:25:31","modified_gmt":"2023-06-12T11:25:31","slug":"procedimiento-del-escrutinio-de-los-votos-de-la-mencion-de-cum-laude","status":"publish","type":"page","link":"https:\/\/estudios.umh.es\/en\/doctorado\/tesisdoctoral\/procedimiento-del-escrutinio-de-los-votos-de-la-mencion-de-cum-laude\/","title":{"rendered":"<span lang=\"es\">(Espa\u00f1ol) PROCEDIMIENTO DEL ESCRUTINIO DE VOTOS DE LA MENCI\u00d3N &#8220;CUM LAUDE&#8221;<\/span>"},"content":{"rendered":"<p><\/p>\n<p align=\"center\">.<\/p>\n<p>\u00a0El \u00a0Real Decreto 99\/2011, de 10 de febrero, en su art\u00edculo 14.7 \u00a0establece \u00a0que el tribunal de la tesis doctoral podr\u00e1 proponer que la tesis obtenga la menci\u00f3n \u201cCum Laude\u201d si se emite en tal sentido el voto secreto positivo por unanimidad.<\/p>\n<p>\u00a0As\u00ed mismo, la Universidad habilitar\u00e1 los mecanismos precisos para la materializaci\u00f3n de la concesi\u00f3n final de dicha menci\u00f3n, garantizando que el escrutinio de los votos se realice en sesi\u00f3n diferente de la correspondiente a la de defensa de la tesis doctoral.<\/p>\n<p>\u00a0Por \u00a0todo \u00a0lo \u00a0anterior, \u00a0se \u00a0articula \u00a0el \u00a0siguiente \u00a0procedimiento\u00a0\u00a0para \u00a0que \u00a0el \u00a0tribunal \u00a0pueda proponer que la tesis doctoral obtenga la menci\u00f3n \u201cCum Laude\u201d, garantizando el escrutinio de los votos.<\/p>\n<p>\u00a0Cada uno de los miembros del tribunal dispondr\u00e1 de un impreso, que deber\u00e1 cumplimentar y entregar en sobre cerrado, junto con la documentaci\u00f3n para la lectura de la tesis al Secretario\/a del Tribunal para su custodia.<\/p>\n<p>\u00a0Una vez recogidos los sobres, el Secretario\/a se personar\u00e1, <b>a partir del d\u00eda siguiente al de la lectura de la tesis doctoral<\/b>, en el Centro de Gesti\u00f3n de Campus o en el Servicio de Gesti\u00f3n de Estudios para su escrutinio. Si todos los votos son positivos se conceder\u00e1 la menci\u00f3n &#8220;cum laude&#8221; que quedar\u00e1 reflejada en el Acta de la lectura de tesis.\u00a0<\/p>\n<p>\u00a0En el caso de que el Secretario\/a del tribunal de tesis no pueda desplazarse al Centro de Gesti\u00f3n de Campus o al Servicio de Gesti\u00f3n de Estudios, deber\u00e1 remitir toda la documentaci\u00f3n correspondiente a la lectura de la tesis doctoral al citado Servicio. El Secretario de la Comisi\u00f3n de Estudios de Doctorado ser\u00e1 el responsable de realizar el escrutinio de los votos y reflejar, en su caso, la menci\u00f3n \u201cCum Laude\u201d en la calificaci\u00f3n de la tesis doctoral.<\/p>\n<p>\u00a0El escrutinio de los votos se realizar\u00e1 en presencia de un administrativo del Servicio de Gesti\u00f3n de Estudios o del Centro de Gesti\u00f3n de Campus y firmar\u00e1 cada uno de los votos.<\/p>","protected":false},"excerpt":{"rendered":"<p>.<br \/>\n\u00a0El \u00a0Real Decreto 99\/2011, de 10 de febrero, en su art\u00edculo 14.7 \u00a0establece \u00a0que el tribunal de la tesis doctoral podr\u00e1 proponer que la tesis obtenga la menci\u00f3n \u201cCum Laude\u201d si se emite en tal sentido el voto secreto positivo por unanimidad.<br \/>\n\u00a0As\u00ed mismo, la Universidad habilitar\u00e1 los mecanismos precisos para la materializaci\u00f3n de la concesi\u00f3n [&#8230;]<\/p>\n","protected":false},"author":127,"featured_media":0,"parent":360,"menu_order":40,"comment_status":"closed","ping_status":"open","template":"","meta":{"ngg_post_thumbnail":0,"_links_to":"","_links_to_target":""},"_links":{"self":[{"href":"https:\/\/estudios.umh.es\/en\/wp-json\/wp\/v2\/pages\/615"}],"collection":[{"href":"https:\/\/estudios.umh.es\/en\/wp-json\/wp\/v2\/pages"}],"about":[{"href":"https:\/\/estudios.umh.es\/en\/wp-json\/wp\/v2\/types\/page"}],"author":[{"embeddable":true,"href":"https:\/\/estudios.umh.es\/en\/wp-json\/wp\/v2\/users\/127"}],"replies":[{"embeddable":true,"href":"https:\/\/estudios.umh.es\/en\/wp-json\/wp\/v2\/comments?post=615"}],"version-history":[{"count":0,"href":"https:\/\/estudios.umh.es\/en\/wp-json\/wp\/v2\/pages\/615\/revisions"}],"up":[{"embeddable":true,"href":"https:\/\/estudios.umh.es\/en\/wp-json\/wp\/v2\/pages\/360"}],"wp:attachment":[{"href":"https:\/\/estudios.umh.es\/en\/wp-json\/wp\/v2\/media?parent=615"}],"curies":[{"name":"wp","href":"https:\/\/api.w.org\/{rel}","templated":true}]}}