{"id":682,"date":"2014-05-15T07:52:52","date_gmt":"2014-05-15T07:52:52","guid":{"rendered":"http:\/\/estudios.zeus.umh.es\/?page_id=682"},"modified":"2025-12-22T10:40:45","modified_gmt":"2025-12-22T09:40:45","slug":"formacion-docente","status":"publish","type":"page","link":"https:\/\/estudios.umh.es\/en\/formacion-docente\/","title":{"rendered":"<span lang=\"es\">(Espa\u00f1ol) FORMACI\u00d3N Y MEJORA DOCENTE<\/span>"},"content":{"rendered":"<p><\/p>\n<p style=\"text-align: justify\">En este curso&nbsp;2013-2014,&nbsp;presentamos la&nbsp;DECIMOSEGUNDA EDICI\u00d3N&nbsp;del Programa de Formaci\u00f3n y Mejora Docente de la Universidad Miguel Hern\u00e1ndez. Este Programa responde a las demandas y necesidades de formaci\u00f3n manifestadas por nuestros profesores, y a los objetivos que establecen tanto el&nbsp;Plan Estrat\u00e9gico para la Calidad, como el Programa DOCENTIA-UMH,&nbsp;fomentando la innovaci\u00f3n docente y la excelencia educativa como garant\u00eda de calidad de la docencia universitaria.<\/p>\n<p style=\"text-align: justify\">&nbsp;El presente Programa enfatiza la estrecha relaci\u00f3n entre la formaci\u00f3n de los profesores universitarios y la calidad de la docencia, y abarca un conjunto de actividades y recursos que la instituci\u00f3n universitaria organiza para mejorar el desarrollo personal y profesional de sus participantes. Es un Programa abierto al cambio y a la mejora constante que ha ido experimentado un incremento en sus propuestas y actividades formativas favorecido por la implicaci\u00f3n de los Departamentos, los Centros y&nbsp; todo el profesorado de la Universidad Miguel Hern\u00e1ndez.&nbsp;<\/p>\n<hr style=\"color: #c50606\">\n<p style=\"text-align: justify\">Los objetivos del Programa de Formaci\u00f3n y Mejora Docente para el curso 2013-2014 son:<\/p>\n<ul style=\"text-align: justify\">\n<li>&nbsp;Asegurar la calidad de la docencia y lograr la excelencia educativa.<\/li>\n<li>Formar al docente universitario en los diferentes elementos que influyen en el proceso de ense\u00f1anza-aprendizaje: planificaci\u00f3n de la docencia, m\u00e9todos de ense\u00f1anza, evaluaci\u00f3n, motivaci\u00f3n de los estudiantes, habilidades de comunicaci\u00f3n, aprendizaje aut\u00f3nomo, tutor\u00edas, etc.<\/li>\n<li>Facilitar estrategias de apoyo a la labor docente y a la labor investigadora: recursos estad\u00edsticos, b\u00fasquedas bibliogr\u00e1ficas, t\u00e9cnicas de comunicaci\u00f3n oral y escrita, etc.<\/li>\n<li>Preparar a los profesores universitarios en las posibilidades did\u00e1cticas de&nbsp; las nuevas tecnolog\u00edas de la informaci\u00f3n y la comunicaci\u00f3n.<\/li>\n<\/ul>\n<hr style=\"color: #c50606\">\n<p style=\"text-align: justify\">El Programa de Formaci\u00f3n y Mejora Docente de la Universidad Miguel Hern\u00e1ndez comprende las siguientes modalidades formativas:<\/p>\n<p style=\"text-align: justify\">&nbsp;<a href=\"https:\/\/estudios.umh.es\/files\/2014\/05\/FORMACI\u00d3N-INICIAL-PARA-LA-DOCENCIA-UNIVERSITARIA.png\"><img loading=\"lazy\" class=\"alignleft size-full wp-image-746\" src=\"https:\/\/estudios.umh.es\/files\/2014\/05\/FORMACI\u00d3N-INICIAL-PARA-LA-DOCENCIA-UNIVERSITARIA.png\" alt=\"FORMACI\u00d3N-INICIAL-PARA-LA-DOCENCIA-UNIVERSITARIA\" width=\"190\" height=\"71\"><\/a><\/p>\n<p>&nbsp;<a href=\"https:\/\/estudios.umh.es\/files\/2014\/05\/INNOVACI\u00d3N-DOCENTE-Y-EXCELENCIA-EDUCATIVA.png\"><img loading=\"lazy\" class=\"alignleft size-full wp-image-747\" src=\"https:\/\/estudios.umh.es\/files\/2014\/05\/INNOVACI\u00d3N-DOCENTE-Y-EXCELENCIA-EDUCATIVA.png\" alt=\"INNOVACI\u00d3N-DOCENTE-Y-EXCELENCIA-EDUCATIVA\" width=\"190\" height=\"71\"><\/a><\/p>\n<p>&nbsp;<a href=\"https:\/\/estudios.umh.es\/files\/2014\/05\/ACTIVIDADES-FORMATIVAS-CENTROS-Y-DEPARTAMENTOS.png\"><img loading=\"lazy\" class=\"alignleft size-full wp-image-745\" src=\"https:\/\/estudios.umh.es\/files\/2014\/05\/ACTIVIDADES-FORMATIVAS-CENTROS-Y-DEPARTAMENTOS.png\" alt=\"ACTIVIDADES-FORMATIVAS-CENTROS-Y-DEPARTAMENTOS\" width=\"190\" height=\"71\"><\/a><\/p>\n<ul style=\"text-align: justify\">\n<li>Formaci\u00f3n inicial&nbsp;del profesorado universitario. Se desarrolla a trav\u00e9s de un subprograma de formaci\u00f3n con el apoyo de un tutor de la universidad. Recibe el nombre de:<a href=\"https:\/\/estudios.umh.es\/files\/2013\/12\/Programa-de-Formaci%C3%B3n-Inicial-para-la-Docencia-Universitaria.pdf\" target=\"_blank\" rel=\"noopener noreferrer\">&nbsp;PROGRAMA DE&nbsp;<\/a><a href=\"https:\/\/estudios.umh.es\/files\/2013\/12\/Programa-de-Formaci%C3%B3n-Inicial-para-la-Docencia-Universitaria.pdf\" target=\"_blank\" rel=\"noopener noreferrer\">FORMACI\u00d3N INICIAL PARA LA DOCENCIA UNIVERSITARIA<\/a>.&nbsp;<\/li>\n<\/ul>\n<p style=\"text-align: justify\"><a href=\"https:\/\/estudios.umh.es\/?attachment_id=4487\">Instrucciones de matr\u00edcula<\/a><\/p>\n<ul style=\"text-align: justify\">\n<li>Formaci\u00f3n continua&nbsp;del profesorado universitario. Se desarrolla a trav\u00e9s de un conjunto de talleres de innovaci\u00f3n y calidad de la docencia universitaria. Recibe el nombre de:&nbsp;<a href=\"https:\/\/estudios.umh.es\/files\/2014\/01\/Programa-de-Innovaci%C3%B3n-Docente-y-Excelencia-Educativa.doc\">PROGRAMA DE&nbsp;INNOVACI\u00d3N DOCENTE Y EXCELENCIA EDUCATIVA.<\/a><\/li>\n<li>&nbsp;Reconocimiento de actividades formativas&nbsp;del profesorado universitario. Se desarrolla a trav\u00e9s de un subprograma que tiene como objeto acreditar y reconocer las acciones de formaci\u00f3n para el personal docente e investigador realizadas y financiadas desde los Departamentos, Facultades y Escuelas de la Universidad que deseen mejorar sus pr\u00e1cticas docentes. Recibe el nombre de:&nbsp;PROGRAMA DE&nbsp;RECONOCIMIENTO DE ACTIVIDADES FORMATIVAS REALIZADAS POR CENTROS Y DEPARTAMENTOS.<\/li>\n<\/ul>\n<p style=\"text-align: justify\">Dentro de esta modalidad se podr\u00e1n certificar las acciones formativas que hayan contado, al menos, con 8 participantes y justifiquen la calidad de la acci\u00f3n ejecutada.<\/p>\n<p><\/p>","protected":false},"excerpt":{"rendered":"<p>En este curso&nbsp;2013-2014,&nbsp;presentamos la&nbsp;DECIMOSEGUNDA EDICI\u00d3N&nbsp;del Programa de Formaci\u00f3n y Mejora Docente de la Universidad Miguel Hern\u00e1ndez. Este Programa responde a las demandas y necesidades de formaci\u00f3n manifestadas por nuestros profesores, y a los objetivos que establecen tanto el&nbsp;Plan Estrat\u00e9gico para la Calidad, como el Programa DOCENTIA-UMH,&nbsp;fomentando la innovaci\u00f3n docente y la excelencia educativa como garant\u00eda [&#8230;]<\/p>\n","protected":false},"author":10,"featured_media":0,"parent":0,"menu_order":95,"comment_status":"closed","ping_status":"open","template":"","meta":{"ngg_post_thumbnail":0,"_links_to":"","_links_to_target":""},"_links":{"self":[{"href":"https:\/\/estudios.umh.es\/en\/wp-json\/wp\/v2\/pages\/682"}],"collection":[{"href":"https:\/\/estudios.umh.es\/en\/wp-json\/wp\/v2\/pages"}],"about":[{"href":"https:\/\/estudios.umh.es\/en\/wp-json\/wp\/v2\/types\/page"}],"author":[{"embeddable":true,"href":"https:\/\/estudios.umh.es\/en\/wp-json\/wp\/v2\/users\/10"}],"replies":[{"embeddable":true,"href":"https:\/\/estudios.umh.es\/en\/wp-json\/wp\/v2\/comments?post=682"}],"version-history":[{"count":0,"href":"https:\/\/estudios.umh.es\/en\/wp-json\/wp\/v2\/pages\/682\/revisions"}],"wp:attachment":[{"href":"https:\/\/estudios.umh.es\/en\/wp-json\/wp\/v2\/media?parent=682"}],"curies":[{"name":"wp","href":"https:\/\/api.w.org\/{rel}","templated":true}]}}