{"id":84,"date":"2014-03-18T10:42:11","date_gmt":"2014-03-18T10:42:11","guid":{"rendered":"http:\/\/estudios.zeus.umh.es\/?page_id=84"},"modified":"2026-02-03T09:39:24","modified_gmt":"2026-02-03T08:39:24","slug":"preinscripcion-universitaria","status":"publish","type":"page","link":"https:\/\/estudios.umh.es\/en\/acceso\/grados\/preinscripcion-universitaria\/","title":{"rendered":"<span lang=\"es\">(Espa\u00f1ol) PREINSCRIPCI\u00d3N UNIVERSITARIA<\/span>"},"content":{"rendered":"<p><\/p>\n<p style=\"text-align: justify\">Los estudiantes que cumplan los requisitos acad\u00e9micos correspondientes y quieran acceder a las ense\u00f1enazas universitarias de grado impartidas por centros propios o adscritos a universidad p\u00fablicas valencianas, deber\u00e1n solicitar su admisi\u00f3n en las mismas a trav\u00e9s del proceso general de admisi\u00f3n.<\/p>\n<div align=\"center\">\n<table style=\"border: none\" align=\"center\">\n<tbody style=\"border: none\">\n<tr>\n<td style=\"border: none;text-align: center\"><a href=\"http:\/\/www.preinscripcion.gva.es\/\" target=\"_blank\" rel=\"noopener noreferrer\"><img loading=\"lazy\" class=\"alignnone size-full wp-image-589\" alt=\"SISTEMA_TELEMATICO\" src=\"https:\/\/estudios.umh.es\/files\/2014\/03\/SISTEMA_TELEMATICO.png\" width=\"190\" height=\"71\" \/><\/a><\/td>\n<td style=\"border: none;text-align: center\"><a href=\"https:\/\/estudios.umh.es\/files\/2014\/03\/Instruciones-y-Plazos-Preinscripci\u00f3n-Universitaria.pdf\" target=\"_blank\" rel=\"noopener noreferrer\"><img loading=\"lazy\" class=\"alignnone size-full wp-image-767\" alt=\"PLANTILLA_DESCARGA\" src=\"https:\/\/estudios.umh.es\/files\/2014\/05\/PLANTILLA_DESCARGA.png\" width=\"190\" height=\"71\" \/><\/a><\/td>\n<td style=\"border: none;text-align: center\"><a href=\"https:\/\/estudios.umh.es\/calendario-de-preinscripcion\"><img loading=\"lazy\" class=\"aligncenter size-full wp-image-826\" alt=\"CALENDARIO-PREINSCRIPCION\" src=\"https:\/\/estudios.umh.es\/files\/2014\/03\/CALENDARIO-PREINSCRIPCION.png\" width=\"190\" height=\"71\" \/><\/a><\/td>\n<\/tr>\n<\/tbody>\n<\/table>\n<\/div>\n<hr style=\"color: #df0101\" \/>\n<p><a href=\"https:\/\/estudios.umh.es\/acceso\/grados\/preinscripcion-universitaria\/ponderaciones\/\"><img loading=\"lazy\" class=\"size-medium wp-image-588 aligncenter\" alt=\"PONDERACIONES\" src=\"https:\/\/estudios.umh.es\/files\/2014\/03\/PONDERACIONES.png\" width=\"190\" height=\"71\" \/><\/a><\/p>\n<p>\u00a0<\/p>\n<hr style=\"color: #df0101\" \/>\n<p><a href=\"https:\/\/estudios.umh.es\/oferta-de-plazas-umh-201415\/\"><img loading=\"lazy\" alt=\"NOTAS_CORTE\" src=\"https:\/\/estudios.umh.es\/files\/2014\/03\/NOTAS_CORTE.png\" width=\"190\" height=\"71\" \/><\/a><a href=\"https:\/\/estudios.umh.es\/oferta-de-plazas-umh-201415\/\"><img loading=\"lazy\" class=\"alignnone size-medium wp-image-587 aligncenter\" alt=\"OFERTA_PLAZAS\" src=\"https:\/\/estudios.umh.es\/files\/2014\/03\/OFERTA_PLAZAS1.png\" width=\"190\" height=\"71\" \/><\/a><\/p>","protected":false},"excerpt":{"rendered":"<p>Los estudiantes que cumplan los requisitos acad\u00e9micos correspondientes y quieran acceder a las ense\u00f1enazas universitarias de grado impartidas por centros propios o adscritos a universidad p\u00fablicas valencianas, deber\u00e1n solicitar su admisi\u00f3n en las mismas a trav\u00e9s del proceso general de admisi\u00f3n.<\/p>\n<p>\u00a0<\/p>\n","protected":false},"author":219,"featured_media":0,"parent":156,"menu_order":20,"comment_status":"closed","ping_status":"open","template":"","meta":{"ngg_post_thumbnail":0,"_links_to":"","_links_to_target":""},"_links":{"self":[{"href":"https:\/\/estudios.umh.es\/en\/wp-json\/wp\/v2\/pages\/84"}],"collection":[{"href":"https:\/\/estudios.umh.es\/en\/wp-json\/wp\/v2\/pages"}],"about":[{"href":"https:\/\/estudios.umh.es\/en\/wp-json\/wp\/v2\/types\/page"}],"author":[{"embeddable":true,"href":"https:\/\/estudios.umh.es\/en\/wp-json\/wp\/v2\/users\/219"}],"replies":[{"embeddable":true,"href":"https:\/\/estudios.umh.es\/en\/wp-json\/wp\/v2\/comments?post=84"}],"version-history":[{"count":0,"href":"https:\/\/estudios.umh.es\/en\/wp-json\/wp\/v2\/pages\/84\/revisions"}],"up":[{"embeddable":true,"href":"https:\/\/estudios.umh.es\/en\/wp-json\/wp\/v2\/pages\/156"}],"wp:attachment":[{"href":"https:\/\/estudios.umh.es\/en\/wp-json\/wp\/v2\/media?parent=84"}],"curies":[{"name":"wp","href":"https:\/\/api.w.org\/{rel}","templated":true}]}}