{"id":866,"date":"2014-06-16T06:55:48","date_gmt":"2014-06-16T06:55:48","guid":{"rendered":"http:\/\/estudios.zeus.umh.es\/?page_id=866"},"modified":"2021-11-17T09:59:23","modified_gmt":"2021-11-17T08:59:23","slug":"acceso-con-estudios-universitarios-del-eees","status":"publish","type":"page","link":"https:\/\/estudios.umh.es\/en\/acceso\/doctorado\/estudiantes-con-titulo-no-homologado-ajenos-al-espacio-europeo-de-educacion-superior\/acceso-con-estudios-universitarios-del-eees\/","title":{"rendered":"<span lang=\"es\">(Espa\u00f1ol) PA\u00cdSES DEL ESPACIO EUROPEO DE EDUCACI\u00d3N SUPERIOR<\/span>"},"content":{"rendered":"<p class=\"qtranxs-available-languages-message qtranxs-available-languages-message-en\">Sorry, this entry is only available in <a href=\"https:\/\/estudios.umh.es\/es\/wp-json\/wp\/v2\/pages\/866\" class=\"qtranxs-available-language-link qtranxs-available-language-link-es\" title=\"Espa\u00f1ol\">European Spanish<\/a> and <a href=\"https:\/\/estudios.umh.es\/ca\/wp-json\/wp\/v2\/pages\/866\" class=\"qtranxs-available-language-link qtranxs-available-language-link-ca\" title=\"Valenci\u00e0\">Catalan<\/a>.<\/p>","protected":false},"excerpt":{"rendered":"<p>Sorry, this entry is only available in European Spanish and Catalan.<\/p>\n","protected":false},"author":12,"featured_media":0,"parent":713,"menu_order":1,"comment_status":"closed","ping_status":"open","template":"","meta":{"ngg_post_thumbnail":0,"_links_to":"","_links_to_target":""},"_links":{"self":[{"href":"https:\/\/estudios.umh.es\/en\/wp-json\/wp\/v2\/pages\/866"}],"collection":[{"href":"https:\/\/estudios.umh.es\/en\/wp-json\/wp\/v2\/pages"}],"about":[{"href":"https:\/\/estudios.umh.es\/en\/wp-json\/wp\/v2\/types\/page"}],"author":[{"embeddable":true,"href":"https:\/\/estudios.umh.es\/en\/wp-json\/wp\/v2\/users\/12"}],"replies":[{"embeddable":true,"href":"https:\/\/estudios.umh.es\/en\/wp-json\/wp\/v2\/comments?post=866"}],"version-history":[{"count":0,"href":"https:\/\/estudios.umh.es\/en\/wp-json\/wp\/v2\/pages\/866\/revisions"}],"up":[{"embeddable":true,"href":"https:\/\/estudios.umh.es\/en\/wp-json\/wp\/v2\/pages\/713"}],"wp:attachment":[{"href":"https:\/\/estudios.umh.es\/en\/wp-json\/wp\/v2\/media?parent=866"}],"curies":[{"name":"wp","href":"https:\/\/api.w.org\/{rel}","templated":true}]}}