{"id":89,"date":"2014-03-18T10:51:06","date_gmt":"2014-03-18T10:51:06","guid":{"rendered":"http:\/\/estudios.zeus.umh.es\/?page_id=89"},"modified":"2023-06-08T12:14:05","modified_gmt":"2023-06-08T10:14:05","slug":"anulacion-de-matricula","status":"publish","type":"page","link":"https:\/\/estudios.umh.es\/en\/anulacion-de-matricula\/","title":{"rendered":"<span lang=\"es\">(Espa\u00f1ol) ANULACI\u00d3N DE MATR\u00cdCULA EN LOS ESTUDIOS DE GRADO Y M\u00c1STER UNIVERSITARIO<\/span>"},"content":{"rendered":"<p class=\"qtranxs-available-languages-message qtranxs-available-languages-message-en\">Sorry, this entry is only available in <a href=\"https:\/\/estudios.umh.es\/es\/wp-json\/wp\/v2\/pages\/89\" class=\"qtranxs-available-language-link qtranxs-available-language-link-es\" title=\"Espa\u00f1ol\">European Spanish<\/a> and <a href=\"https:\/\/estudios.umh.es\/ca\/wp-json\/wp\/v2\/pages\/89\" class=\"qtranxs-available-language-link qtranxs-available-language-link-ca\" title=\"Valenci\u00e0\">Catalan<\/a>.<\/p>","protected":false},"excerpt":{"rendered":"<p>Sorry, this entry is only available in European Spanish and Catalan.<\/p>\n","protected":false},"author":219,"featured_media":0,"parent":0,"menu_order":30,"comment_status":"closed","ping_status":"open","template":"","meta":{"ngg_post_thumbnail":0,"_links_to":"","_links_to_target":""},"_links":{"self":[{"href":"https:\/\/estudios.umh.es\/en\/wp-json\/wp\/v2\/pages\/89"}],"collection":[{"href":"https:\/\/estudios.umh.es\/en\/wp-json\/wp\/v2\/pages"}],"about":[{"href":"https:\/\/estudios.umh.es\/en\/wp-json\/wp\/v2\/types\/page"}],"author":[{"embeddable":true,"href":"https:\/\/estudios.umh.es\/en\/wp-json\/wp\/v2\/users\/219"}],"replies":[{"embeddable":true,"href":"https:\/\/estudios.umh.es\/en\/wp-json\/wp\/v2\/comments?post=89"}],"version-history":[{"count":0,"href":"https:\/\/estudios.umh.es\/en\/wp-json\/wp\/v2\/pages\/89\/revisions"}],"wp:attachment":[{"href":"https:\/\/estudios.umh.es\/en\/wp-json\/wp\/v2\/media?parent=89"}],"curies":[{"name":"wp","href":"https:\/\/api.w.org\/{rel}","templated":true}]}}